{"id":989,"date":"2014-01-11T10:14:24","date_gmt":"2014-01-11T09:14:24","guid":{"rendered":"http:\/\/www.stiritup.be\/cocktail\/?page_id=989"},"modified":"2019-03-09T21:09:27","modified_gmt":"2019-03-09T20:09:27","slug":"enterrements-de-vie-de-garcon-jeune-fille","status":"publish","type":"page","link":"https:\/\/www.stiritup.be\/cocktail\/enterrements-de-vie-de-garcon-jeune-fille\/","title":{"rendered":"Enterrements de vie de gar\u00e7on &#8211; jeune fille"},"content":{"rendered":"<h3><span style=\"font-size: 1.5em;\">Enterrements de vie de gar\u00e7on \/ jeune fille<\/span><\/h3>\n<p><img decoding=\"async\" class=\" wp-image-1413 alignleft\" title=\"Atelier cocktails Enterrement de vie de gar\u00e7on Georges\" src=\"https:\/\/www.stiritup.be\/cocktail\/wp-content\/uploads\/2013\/10\/Atelier-cocktails-Enterremnt-de-vie-de-gar\u00e7on-Georges-8-300x225.jpg\" alt=\"Atelier-cocktails-Enterremnt-de-vie-de-gar\u00e7on-Georges-8\" width=\"194\" height=\"146\" srcset=\"https:\/\/www.stiritup.be\/cocktail\/wp-content\/uploads\/2013\/10\/Atelier-cocktails-Enterremnt-de-vie-de-gar\u00e7on-Georges-8-300x225.jpg 300w, https:\/\/www.stiritup.be\/cocktail\/wp-content\/uploads\/2013\/10\/Atelier-cocktails-Enterremnt-de-vie-de-gar\u00e7on-Georges-8-600x450.jpg 600w, https:\/\/www.stiritup.be\/cocktail\/wp-content\/uploads\/2013\/10\/Atelier-cocktails-Enterremnt-de-vie-de-gar\u00e7on-Georges-8.jpg 644w\" sizes=\"(max-width: 194px) 100vw, 194px\" \/><\/p>\n<p>Vous \u00eates t\u00e9moin de mariage et avez l\u2019ambition d\u2019organiser un\u00a0<strong>enterrement de\u00a0<strong>vie de gar\u00e7on<\/strong>\u00a0(EVG) \/\u00a0<strong>jeune fille<\/strong>\u00a0(EVJF) digne de ce nom ?<\/strong><\/p>\n<p><img decoding=\"async\" class=\"wp-image-1890 alignright\" title=\"Atelier cocktails Enterrement de vie de jeune fille Charlotte\" src=\"https:\/\/www.stiritup.be\/cocktail\/wp-content\/uploads\/2014\/01\/Enterrement-de-vie-de-jeune-fille-Charlotte-300x149.jpg\" alt=\"Enterrement de vie de jeune fille Charlotte\" width=\"270\" height=\"134\" srcset=\"https:\/\/www.stiritup.be\/cocktail\/wp-content\/uploads\/2014\/01\/Enterrement-de-vie-de-jeune-fille-Charlotte-300x149.jpg 300w, https:\/\/www.stiritup.be\/cocktail\/wp-content\/uploads\/2014\/01\/Enterrement-de-vie-de-jeune-fille-Charlotte-600x299.jpg 600w, https:\/\/www.stiritup.be\/cocktail\/wp-content\/uploads\/2014\/01\/Enterrement-de-vie-de-jeune-fille-Charlotte-1024x510.jpg 1024w, https:\/\/www.stiritup.be\/cocktail\/wp-content\/uploads\/2014\/01\/Enterrement-de-vie-de-jeune-fille-Charlotte.jpg 4093w\" sizes=\"(max-width: 270px) 100vw, 270px\" \/><\/p>\n<p><span style=\"color: #99cc00;\"><strong>Stir it Up<\/strong><\/span> propose des formules Atelier cocktails sp\u00e9cialement adapt\u00e9es aux <strong>enterrements de vie de gar\u00e7on<\/strong> \/ <strong>jeune fille<\/strong>; un moyen original de surprendre l\u2019heureux\/se \u00e9lu(e) et d\u2019assurer une superbe ambiance de f\u00eate !<\/p>\n<h3><span style=\"font-size: 1.17em;\">Exemples d\u2019activit\u00e9s :<\/span><\/h3>\n<ul>\n<li><span style=\"color: #99cc00;\"><strong><a href=\"https:\/\/www.stiritup.be\/cocktail\/bar-a-cocktails-pour-particuliers\/ateliers-cocktails\/\">Atelier cocktail \u00e0 domicile<\/a> :<\/strong><\/span> avec la complicit\u00e9 de l\u2019organisateur de l\u2019EVG, <strong>Stir it Up<\/strong> pr\u00e9pare une carte de cocktails personnalis\u00e9e, et installe en toute discr\u00e9tion sa structure de bar modulable au domicile du futur mari\u00e9. Ce dernier a ainsi la surprise d\u2019\u00eatre accueilli par tous ses amis, autour d\u2019un barman professionnel qui reste \u00e0 votre disposition pour 1h30 d\u2019animation o\u00f9, tout en pr\u00e9parant (avec style, selon les techniques du\u00a0<a style=\"font-size: 1.17em;\" title=\"M\u00e9thodologie\" href=\"http:\/\/www.stiritup.be\/cocktail\/methodologie\/\" target=\"_blank\" rel=\"noopener noreferrer\">working flair<\/a>\u00a0) de d\u00e9licieux cocktails, il initie l\u2019heureux \u00e9lu aux manipulations et techniques cl\u00e9s de pr\u00e9paration des cocktails. Un guide de recette accompagn\u00e9 d\u2019un cadeau souvenir sur le th\u00e8me du cocktail est offert au futur mari\u00e9 pour qu\u2019il soit en mesure de mettre en pratique ses nouvelles comp\u00e9tences. La f\u00eate autour du bar \u00e0 cocktails se prolonge ensuite jusqu\u2019au bout de la nuit puisque Stir it Up laisse sur place (jusqu\u2019au lendemain) le mat\u00e9riel professionnel et tous les ingr\u00e9dients n\u00e9cessaires pour que vous continuiez \u00e0 pr\u00e9parer vous-m\u00eames vos cocktails favoris. La formule id\u00e9ale pour une soir\u00e9e festive originale sans risquer de prendre sa voiture !<\/li>\n<li><span style=\"color: #99cc00;\"><strong>Bar \u00e0 cocktail en ext\u00e9rieur:<\/strong><\/span> avec la complicit\u00e9 de l\u2019organisateur de l\u2019EVG, <strong>Stir it Up<\/strong> pr\u00e9pare une carte de cocktails personnalis\u00e9e, et installe sa structure de bar (pour 1 heure ou plus) sur le lieu d\u2019activit\u00e9 de l\u2019EVG (par exemple : apr\u00e8s un vol en h\u00e9licopt\u00e8re, des exploits sportifs ou automobiles, ou encore dans le g\u00eete que vous avez lou\u00e9\u2026). De retour de son activit\u00e9, le futur mari\u00e9 d\u00e9couvre ainsi \u00ab son \u00bb bar \u00e0 cocktail personnalis\u00e9. Effet de surprise garanti ! La suite de l\u2019\u00e9v\u00e8nement est modulable selon vos envies (par exemple atelier cocktail comme expliqu\u00e9 plus haut). Bien entendu l\u2019emplacement du bar est conditionn\u00e9 aux restrictions locales (exemple ; certains lieux dits, espaces culturels ou historiques ne le permettent pas).<\/li>\n<\/ul>\n<h3><strong>Tarifs\u00a0<\/strong>:<\/h3>\n<ul>\n<li style=\"list-style-type: none;\">\n<ul>\n<li>65 \u20ac TTC \/ personne (15 personnes minimum) + transport<\/li>\n<li>Pour les grands groupes (&gt; de 25 personnes): devis sur demande<\/li>\n<li>Contactez-nous pour v\u00e9rifier la disponibilit\u00e9 des barmen \u00e0 la date d\u00e9sir\u00e9e : info@stiritup.be<\/li>\n<\/ul>\n<\/li>\n<\/ul>\n<h3>Curieux de visionner d\u2019autres photos des \u00e9v\u00e9nements Stir it Up ?<\/h3>\n<p>Visitez notre\u00a0<a title=\"Blog Stir it Up\" href=\"http:\/\/www.stiritup.be\/cocktail\/news\/\" target=\"_self\" rel=\"noopener noreferrer\">blog\u00a0<\/a>et d\u00e9couvrez plusieurs de nos collaborations r\u00e9centes<\/p>\n<h3><a title=\"T\u00e9moignages\" href=\"http:\/\/www.stiritup.be\/cocktail\/temoignages-cocktails\/\">T\u00e9moignage &#8230;<\/a><\/h3>\n<p><span style=\"font-size: 13px;\"><div class=\"fusion-fullwidth fullwidth-box fusion-builder-row-1 hundred-percent-fullwidth non-hundred-percent-height-scrolling\" style=\"--awb-border-radius-top-left:0px;--awb-border-radius-top-right:0px;--awb-border-radius-bottom-right:0px;--awb-border-radius-bottom-left:0px;--awb-overflow:visible;--awb-flex-wrap:wrap;\" ><div class=\"fusion-builder-row fusion-row\"><div class=\"fusion-layout-column fusion_builder_column fusion-builder-column-0 fusion_builder_column_1_1 1_1 fusion-one-full fusion-column-first fusion-column-last fusion-column-no-min-height\" style=\"--awb-bg-size:cover;--awb-margin-bottom:0px;\"><div class=\"fusion-column-wrapper fusion-flex-column-wrapper-legacy\"><div class=\"fusion-button-wrapper\"><a class=\"fusion-button button-flat button-large or small button-e.g. green fusion-button-e.g. green button-1 fusion-button-default-span fusion-button-default-type\" target=\"_parent\" href=\"\/cocktail\/photos\/\"><span class=\"fusion-button-text\">Photos<\/span><\/a><\/div><\/span><\/p>\n<div class=\"fusion-button-wrapper\"><a class=\"fusion-button button-flat button-large or small button-e.g. green fusion-button-e.g. green button-2 fusion-button-default-span fusion-button-default-type\" target=\"_parent\" href=\"\/cocktail\/contact\/\"><span class=\"fusion-button-text\">Contactez-nous<\/span><\/a><\/div>\n<p>&nbsp;<\/p>\n<div class=\"fusion-clearfix\"><\/div><\/div><\/div><\/div><\/div><\/p>\n","protected":false},"excerpt":{"rendered":"<p>Enterrements de vie de gar\u00e7on \/ jeune fille Vous \u00eates t\u00e9moin de mariage et avez l\u2019ambition d\u2019organiser un\u00a0enterrement de\u00a0vie de gar\u00e7on\u00a0(EVG) \/\u00a0jeune fille\u00a0(EVJF) digne de ce nom ? Stir it [&hellip;]<\/p>\n","protected":false},"author":3,"featured_media":0,"parent":0,"menu_order":0,"comment_status":"closed","ping_status":"open","template":"","meta":{"footnotes":""},"yoast_head":"<!-- This site is optimized with the Yoast SEO plugin v21.4 - https:\/\/yoast.com\/wordpress\/plugins\/seo\/ -->\n<title>Enterrements de vie de gar\u00e7on - jeune fille - Stir It Up - Cocktail<\/title>\n<meta name=\"robots\" content=\"index, follow, max-snippet:-1, max-image-preview:large, max-video-preview:-1\" \/>\n<link rel=\"canonical\" href=\"https:\/\/www.stiritup.be\/cocktail\/enterrements-de-vie-de-garcon-jeune-fille\/\" \/>\n<meta property=\"og:locale\" content=\"en_US\" \/>\n<meta property=\"og:type\" content=\"article\" \/>\n<meta property=\"og:title\" content=\"Enterrements de vie de gar\u00e7on - jeune fille - Stir It Up - Cocktail\" \/>\n<meta property=\"og:description\" content=\"Enterrements de vie de gar\u00e7on \/ jeune fille Vous \u00eates t\u00e9moin de mariage et avez l\u2019ambition d\u2019organiser un\u00a0enterrement de\u00a0vie de gar\u00e7on\u00a0(EVG) \/\u00a0jeune fille\u00a0(EVJF) digne de ce nom ? Stir it [&hellip;]\" \/>\n<meta property=\"og:url\" content=\"https:\/\/www.stiritup.be\/cocktail\/enterrements-de-vie-de-garcon-jeune-fille\/\" \/>\n<meta property=\"og:site_name\" content=\"Stir It Up - Cocktail\" \/>\n<meta property=\"article:publisher\" content=\"https:\/\/www.facebook.com\/StiritupCocktails\" \/>\n<meta property=\"article:modified_time\" content=\"2019-03-09T20:09:27+00:00\" \/>\n<meta property=\"og:image\" content=\"http:\/\/www.stiritup.be\/cocktail\/wp-content\/uploads\/2014\/01\/Enterrement-de-vie-de-jeune-fille-Charlotte-300x149.jpg\" \/>\n<meta name=\"twitter:label1\" content=\"Est. reading time\" \/>\n\t<meta name=\"twitter:data1\" content=\"3 minutes\" \/>\n<script type=\"application\/ld+json\" class=\"yoast-schema-graph\">{\"@context\":\"https:\/\/schema.org\",\"@graph\":[{\"@type\":\"WebPage\",\"@id\":\"https:\/\/www.stiritup.be\/cocktail\/enterrements-de-vie-de-garcon-jeune-fille\/\",\"url\":\"https:\/\/www.stiritup.be\/cocktail\/enterrements-de-vie-de-garcon-jeune-fille\/\",\"name\":\"Enterrements de vie de gar\u00e7on - jeune fille - Stir It Up - Cocktail\",\"isPartOf\":{\"@id\":\"https:\/\/www.stiritup.be\/cocktail\/#website\"},\"datePublished\":\"2014-01-11T09:14:24+00:00\",\"dateModified\":\"2019-03-09T20:09:27+00:00\",\"breadcrumb\":{\"@id\":\"https:\/\/www.stiritup.be\/cocktail\/enterrements-de-vie-de-garcon-jeune-fille\/#breadcrumb\"},\"inLanguage\":\"en-US\",\"potentialAction\":[{\"@type\":\"ReadAction\",\"target\":[\"https:\/\/www.stiritup.be\/cocktail\/enterrements-de-vie-de-garcon-jeune-fille\/\"]}]},{\"@type\":\"BreadcrumbList\",\"@id\":\"https:\/\/www.stiritup.be\/cocktail\/enterrements-de-vie-de-garcon-jeune-fille\/#breadcrumb\",\"itemListElement\":[{\"@type\":\"ListItem\",\"position\":1,\"name\":\"Home\",\"item\":\"https:\/\/www.stiritup.be\/cocktail\/\"},{\"@type\":\"ListItem\",\"position\":2,\"name\":\"Enterrements de vie de gar\u00e7on &#8211; jeune fille\"}]},{\"@type\":\"WebSite\",\"@id\":\"https:\/\/www.stiritup.be\/cocktail\/#website\",\"url\":\"https:\/\/www.stiritup.be\/cocktail\/\",\"name\":\"Stir It Up - Cocktail\",\"description\":\"Cocktails bartending\",\"potentialAction\":[{\"@type\":\"SearchAction\",\"target\":{\"@type\":\"EntryPoint\",\"urlTemplate\":\"https:\/\/www.stiritup.be\/cocktail\/?s={search_term_string}\"},\"query-input\":\"required name=search_term_string\"}],\"inLanguage\":\"en-US\"}]}<\/script>\n<!-- \/ Yoast SEO plugin. -->","yoast_head_json":{"title":"Enterrements de vie de gar\u00e7on - jeune fille - Stir It Up - Cocktail","robots":{"index":"index","follow":"follow","max-snippet":"max-snippet:-1","max-image-preview":"max-image-preview:large","max-video-preview":"max-video-preview:-1"},"canonical":"https:\/\/www.stiritup.be\/cocktail\/enterrements-de-vie-de-garcon-jeune-fille\/","og_locale":"en_US","og_type":"article","og_title":"Enterrements de vie de gar\u00e7on - jeune fille - Stir It Up - Cocktail","og_description":"Enterrements de vie de gar\u00e7on \/ jeune fille Vous \u00eates t\u00e9moin de mariage et avez l\u2019ambition d\u2019organiser un\u00a0enterrement de\u00a0vie de gar\u00e7on\u00a0(EVG) \/\u00a0jeune fille\u00a0(EVJF) digne de ce nom ? Stir it [&hellip;]","og_url":"https:\/\/www.stiritup.be\/cocktail\/enterrements-de-vie-de-garcon-jeune-fille\/","og_site_name":"Stir It Up - Cocktail","article_publisher":"https:\/\/www.facebook.com\/StiritupCocktails","article_modified_time":"2019-03-09T20:09:27+00:00","og_image":[{"url":"http:\/\/www.stiritup.be\/cocktail\/wp-content\/uploads\/2014\/01\/Enterrement-de-vie-de-jeune-fille-Charlotte-300x149.jpg"}],"twitter_misc":{"Est. reading time":"3 minutes"},"schema":{"@context":"https:\/\/schema.org","@graph":[{"@type":"WebPage","@id":"https:\/\/www.stiritup.be\/cocktail\/enterrements-de-vie-de-garcon-jeune-fille\/","url":"https:\/\/www.stiritup.be\/cocktail\/enterrements-de-vie-de-garcon-jeune-fille\/","name":"Enterrements de vie de gar\u00e7on - jeune fille - Stir It Up - Cocktail","isPartOf":{"@id":"https:\/\/www.stiritup.be\/cocktail\/#website"},"datePublished":"2014-01-11T09:14:24+00:00","dateModified":"2019-03-09T20:09:27+00:00","breadcrumb":{"@id":"https:\/\/www.stiritup.be\/cocktail\/enterrements-de-vie-de-garcon-jeune-fille\/#breadcrumb"},"inLanguage":"en-US","potentialAction":[{"@type":"ReadAction","target":["https:\/\/www.stiritup.be\/cocktail\/enterrements-de-vie-de-garcon-jeune-fille\/"]}]},{"@type":"BreadcrumbList","@id":"https:\/\/www.stiritup.be\/cocktail\/enterrements-de-vie-de-garcon-jeune-fille\/#breadcrumb","itemListElement":[{"@type":"ListItem","position":1,"name":"Home","item":"https:\/\/www.stiritup.be\/cocktail\/"},{"@type":"ListItem","position":2,"name":"Enterrements de vie de gar\u00e7on &#8211; jeune fille"}]},{"@type":"WebSite","@id":"https:\/\/www.stiritup.be\/cocktail\/#website","url":"https:\/\/www.stiritup.be\/cocktail\/","name":"Stir It Up - Cocktail","description":"Cocktails bartending","potentialAction":[{"@type":"SearchAction","target":{"@type":"EntryPoint","urlTemplate":"https:\/\/www.stiritup.be\/cocktail\/?s={search_term_string}"},"query-input":"required name=search_term_string"}],"inLanguage":"en-US"}]}},"_links":{"self":[{"href":"https:\/\/www.stiritup.be\/cocktail\/wp-json\/wp\/v2\/pages\/989"}],"collection":[{"href":"https:\/\/www.stiritup.be\/cocktail\/wp-json\/wp\/v2\/pages"}],"about":[{"href":"https:\/\/www.stiritup.be\/cocktail\/wp-json\/wp\/v2\/types\/page"}],"author":[{"embeddable":true,"href":"https:\/\/www.stiritup.be\/cocktail\/wp-json\/wp\/v2\/users\/3"}],"replies":[{"embeddable":true,"href":"https:\/\/www.stiritup.be\/cocktail\/wp-json\/wp\/v2\/comments?post=989"}],"version-history":[{"count":3,"href":"https:\/\/www.stiritup.be\/cocktail\/wp-json\/wp\/v2\/pages\/989\/revisions"}],"predecessor-version":[{"id":2787,"href":"https:\/\/www.stiritup.be\/cocktail\/wp-json\/wp\/v2\/pages\/989\/revisions\/2787"}],"wp:attachment":[{"href":"https:\/\/www.stiritup.be\/cocktail\/wp-json\/wp\/v2\/media?parent=989"}],"curies":[{"name":"wp","href":"https:\/\/api.w.org\/{rel}","templated":true}]}}