{"id":95,"date":"2013-06-08T15:44:24","date_gmt":"2013-06-08T14:44:24","guid":{"rendered":"http:\/\/www.jetest.be\/stiritup\/?page_id=95"},"modified":"2016-11-17T10:33:52","modified_gmt":"2016-11-17T09:33:52","slug":"barman-cocktails-horeca","status":"publish","type":"page","link":"https:\/\/www.stiritup.be\/cocktail\/barman-cocktails-horeca\/","title":{"rendered":"Horeca"},"content":{"rendered":"<h2><img decoding=\"async\" class=\" wp-image-321 alignleft\" alt=\"Slider_horeca\" src=\"https:\/\/www.stiritup.be\/cocktail\/wp-content\/uploads\/2013\/09\/Slider_horeca.png\" width=\"229\" height=\"304\" srcset=\"https:\/\/www.stiritup.be\/cocktail\/wp-content\/uploads\/2013\/09\/Slider_horeca-226x300.png 226w, https:\/\/www.stiritup.be\/cocktail\/wp-content\/uploads\/2013\/09\/Slider_horeca.png 327w\" sizes=\"(max-width: 229px) 100vw, 229px\" \/>Consultance, audit de bar, <a title=\"Formation Barman cocktail\" href=\"http:\/\/www.stiritup.be\/cocktail\/barman-cocktails-horeca\/formation-barman-cocktail\/\">formations barman cocktail<\/a>, cr\u00e9ation de carte de cocktails, mistery shopping\u2026 nous collaborons avec des restaurants et bars pour les aider \u00e0 optimiser leur outil de travail.<\/h2>\n<ul>\n<li><span style=\"color: #99cc00;\"><strong>Carte de cocktails :<\/strong><\/span> nous vous aidons \u00e0 rationaliser votre carte de cocktails en fonction de la taille de votre \u00e9tablissement, du type de client\u00e8le, de la qualification de votre personnel, de la rotation des stocks\u2026 Nous pouvons aussi cr\u00e9er pour vous une carte de cocktails originale sur le march\u00e9, qui correspond \u00e0 la culture de votre \u00e9tablissement et vous d\u00e9marquera de vos concurrents.<\/li>\n<li><span style=\"color: #99cc00;\"><strong>Audit de bar &amp; Rationalisation des co\u00fbts :<\/strong><\/span> ensemble, nous identifions le mat\u00e9riel le mieux adapt\u00e9 \u00e0 votre carte de cocktails et \u00e0 votre espace de travail pour une production rapide et efficace de vos cocktails. Nous am\u00e9nageons et structurons votre espace et vos routines de travail pour assurer une qualit\u00e9 de cocktails uniforme en ligne avec votre image de marque.<\/li>\n<li><span style=\"color: #99cc00;\"><strong>Formation du personnel :<\/strong><\/span> en une ou plusieurs s\u00e9ances, nous entra\u00eenons votre personnel de bar en vue d\u2019am\u00e9liorer leur performance (rapidit\u00e9, propret\u00e9, r\u00e9alisation pr\u00e9cise des cocktails \u00e0 la carte, mise en place de routines de travail, coordination du travail d\u2019\u00e9quipe, gestion des stocks et des frigos, mixologie, techniques de communication : prise de commande et conseils client\u00e8le\u2026). Voir aussi: <a title=\"Formation Barman cocktail\" href=\"http:\/\/www.stiritup.be\/cocktail\/cours-formation-barman-cocktails-horeca\/formation-barman-cocktail\/\">formation barman cocktail<\/a> et <a title=\"Coaching du personnel de bar\" href=\"http:\/\/www.stiritup.be\/cocktail\/cours-formation-barman-cocktails-horeca\/coaching-personnel-de-bar\/\">coaching du personnel de bar<\/a>.<\/li>\n<li><span style=\"color: #99cc00;\"><strong>Mistery Shopping :<\/strong><\/span> nos enqu\u00eateurs anonymes se rendent dans votre \u00e9tablissement afin d\u2019\u00e9valuer la qualit\u00e9 du service offert aux clients, sur base d\u2019une grille d\u2019\u00e9valuation adapt\u00e9e \u00e0 vos objectifs et valid\u00e9e avec vous en amont. Le rapport d\u2019enqu\u00eate que nous vous remettons vous aide \u00e0 identifier les points d\u2019am\u00e9lioration dans vos services et performances.<\/li>\n<\/ul>\n<div class=\"fusion-fullwidth fullwidth-box fusion-builder-row-1 hundred-percent-fullwidth non-hundred-percent-height-scrolling\" style=\"--awb-border-radius-top-left:0px;--awb-border-radius-top-right:0px;--awb-border-radius-bottom-right:0px;--awb-border-radius-bottom-left:0px;--awb-overflow:visible;--awb-flex-wrap:wrap;\" ><div class=\"fusion-builder-row fusion-row\"><div class=\"fusion-layout-column fusion_builder_column fusion-builder-column-0 fusion_builder_column_1_1 1_1 fusion-one-full fusion-column-first fusion-column-last fusion-column-no-min-height\" style=\"--awb-bg-size:cover;--awb-margin-bottom:0px;\"><div class=\"fusion-column-wrapper fusion-flex-column-wrapper-legacy\"><div class=\"fusion-button-wrapper\"><a class=\"fusion-button button-flat button-large or small button-e.g. green fusion-button-e.g. green button-1 fusion-button-default-span fusion-button-default-type\" target=\"_parent\" href=\"\/cocktail\/contact\/\"><span class=\"fusion-button-text\">Contactez-nous<\/span><\/a><\/div>\n<h3><a title=\"T\u00e9moignages\" href=\"http:\/\/www.stiritup.be\/cocktail\/temoignages-cocktails\/\"><span style=\"color: #99cc00;\"><span style=\"color: #99cc00;\">T\u00e9moignages\u2026<\/span><\/span><\/a><\/h3>\n<div class=\"fusion-clearfix\"><\/div><\/div><\/div><\/div><\/div>\n","protected":false},"excerpt":{"rendered":"<p>Consultance, audit de bar, formations barman cocktail, cr\u00e9ation de carte de cocktails, mistery shopping\u2026 nous collaborons avec des restaurants et bars pour les aider \u00e0 optimiser leur outil de travail. [&hellip;]<\/p>\n","protected":false},"author":3,"featured_media":0,"parent":0,"menu_order":0,"comment_status":"closed","ping_status":"closed","template":"full-width.php","meta":{"footnotes":""},"yoast_head":"<!-- This site is optimized with the Yoast SEO plugin v21.4 - https:\/\/yoast.com\/wordpress\/plugins\/seo\/ -->\n<title>Horeca - Stir It Up - Cocktail<\/title>\n<meta name=\"robots\" content=\"index, follow, max-snippet:-1, max-image-preview:large, max-video-preview:-1\" \/>\n<link rel=\"canonical\" href=\"https:\/\/www.stiritup.be\/cocktail\/barman-cocktails-horeca\/\" \/>\n<meta property=\"og:locale\" content=\"en_US\" \/>\n<meta property=\"og:type\" content=\"article\" \/>\n<meta property=\"og:title\" content=\"Horeca - Stir It Up - Cocktail\" \/>\n<meta property=\"og:description\" content=\"Consultance, audit de bar, formations barman cocktail, cr\u00e9ation de carte de cocktails, mistery shopping\u2026 nous collaborons avec des restaurants et bars pour les aider \u00e0 optimiser leur outil de travail. [&hellip;]\" \/>\n<meta property=\"og:url\" content=\"https:\/\/www.stiritup.be\/cocktail\/barman-cocktails-horeca\/\" \/>\n<meta property=\"og:site_name\" content=\"Stir It Up - Cocktail\" \/>\n<meta property=\"article:publisher\" content=\"https:\/\/www.facebook.com\/StiritupCocktails\" \/>\n<meta property=\"article:modified_time\" content=\"2016-11-17T09:33:52+00:00\" \/>\n<meta property=\"og:image\" content=\"http:\/\/www.stiritup.be\/cocktail\/wp-content\/uploads\/2013\/09\/Slider_horeca.png\" \/>\n<meta name=\"twitter:label1\" content=\"Est. reading time\" \/>\n\t<meta name=\"twitter:data1\" content=\"2 minutes\" \/>\n<script type=\"application\/ld+json\" class=\"yoast-schema-graph\">{\"@context\":\"https:\/\/schema.org\",\"@graph\":[{\"@type\":\"WebPage\",\"@id\":\"https:\/\/www.stiritup.be\/cocktail\/barman-cocktails-horeca\/\",\"url\":\"https:\/\/www.stiritup.be\/cocktail\/barman-cocktails-horeca\/\",\"name\":\"Horeca - Stir It Up - Cocktail\",\"isPartOf\":{\"@id\":\"https:\/\/www.stiritup.be\/cocktail\/#website\"},\"datePublished\":\"2013-06-08T14:44:24+00:00\",\"dateModified\":\"2016-11-17T09:33:52+00:00\",\"breadcrumb\":{\"@id\":\"https:\/\/www.stiritup.be\/cocktail\/barman-cocktails-horeca\/#breadcrumb\"},\"inLanguage\":\"en-US\",\"potentialAction\":[{\"@type\":\"ReadAction\",\"target\":[\"https:\/\/www.stiritup.be\/cocktail\/barman-cocktails-horeca\/\"]}]},{\"@type\":\"BreadcrumbList\",\"@id\":\"https:\/\/www.stiritup.be\/cocktail\/barman-cocktails-horeca\/#breadcrumb\",\"itemListElement\":[{\"@type\":\"ListItem\",\"position\":1,\"name\":\"Home\",\"item\":\"https:\/\/www.stiritup.be\/cocktail\/\"},{\"@type\":\"ListItem\",\"position\":2,\"name\":\"Horeca\"}]},{\"@type\":\"WebSite\",\"@id\":\"https:\/\/www.stiritup.be\/cocktail\/#website\",\"url\":\"https:\/\/www.stiritup.be\/cocktail\/\",\"name\":\"Stir It Up - Cocktail\",\"description\":\"Cocktails bartending\",\"potentialAction\":[{\"@type\":\"SearchAction\",\"target\":{\"@type\":\"EntryPoint\",\"urlTemplate\":\"https:\/\/www.stiritup.be\/cocktail\/?s={search_term_string}\"},\"query-input\":\"required name=search_term_string\"}],\"inLanguage\":\"en-US\"}]}<\/script>\n<!-- \/ Yoast SEO plugin. -->","yoast_head_json":{"title":"Horeca - Stir It Up - Cocktail","robots":{"index":"index","follow":"follow","max-snippet":"max-snippet:-1","max-image-preview":"max-image-preview:large","max-video-preview":"max-video-preview:-1"},"canonical":"https:\/\/www.stiritup.be\/cocktail\/barman-cocktails-horeca\/","og_locale":"en_US","og_type":"article","og_title":"Horeca - Stir It Up - Cocktail","og_description":"Consultance, audit de bar, formations barman cocktail, cr\u00e9ation de carte de cocktails, mistery shopping\u2026 nous collaborons avec des restaurants et bars pour les aider \u00e0 optimiser leur outil de travail. [&hellip;]","og_url":"https:\/\/www.stiritup.be\/cocktail\/barman-cocktails-horeca\/","og_site_name":"Stir It Up - Cocktail","article_publisher":"https:\/\/www.facebook.com\/StiritupCocktails","article_modified_time":"2016-11-17T09:33:52+00:00","og_image":[{"url":"http:\/\/www.stiritup.be\/cocktail\/wp-content\/uploads\/2013\/09\/Slider_horeca.png"}],"twitter_misc":{"Est. reading time":"2 minutes"},"schema":{"@context":"https:\/\/schema.org","@graph":[{"@type":"WebPage","@id":"https:\/\/www.stiritup.be\/cocktail\/barman-cocktails-horeca\/","url":"https:\/\/www.stiritup.be\/cocktail\/barman-cocktails-horeca\/","name":"Horeca - Stir It Up - Cocktail","isPartOf":{"@id":"https:\/\/www.stiritup.be\/cocktail\/#website"},"datePublished":"2013-06-08T14:44:24+00:00","dateModified":"2016-11-17T09:33:52+00:00","breadcrumb":{"@id":"https:\/\/www.stiritup.be\/cocktail\/barman-cocktails-horeca\/#breadcrumb"},"inLanguage":"en-US","potentialAction":[{"@type":"ReadAction","target":["https:\/\/www.stiritup.be\/cocktail\/barman-cocktails-horeca\/"]}]},{"@type":"BreadcrumbList","@id":"https:\/\/www.stiritup.be\/cocktail\/barman-cocktails-horeca\/#breadcrumb","itemListElement":[{"@type":"ListItem","position":1,"name":"Home","item":"https:\/\/www.stiritup.be\/cocktail\/"},{"@type":"ListItem","position":2,"name":"Horeca"}]},{"@type":"WebSite","@id":"https:\/\/www.stiritup.be\/cocktail\/#website","url":"https:\/\/www.stiritup.be\/cocktail\/","name":"Stir It Up - Cocktail","description":"Cocktails bartending","potentialAction":[{"@type":"SearchAction","target":{"@type":"EntryPoint","urlTemplate":"https:\/\/www.stiritup.be\/cocktail\/?s={search_term_string}"},"query-input":"required name=search_term_string"}],"inLanguage":"en-US"}]}},"_links":{"self":[{"href":"https:\/\/www.stiritup.be\/cocktail\/wp-json\/wp\/v2\/pages\/95"}],"collection":[{"href":"https:\/\/www.stiritup.be\/cocktail\/wp-json\/wp\/v2\/pages"}],"about":[{"href":"https:\/\/www.stiritup.be\/cocktail\/wp-json\/wp\/v2\/types\/page"}],"author":[{"embeddable":true,"href":"https:\/\/www.stiritup.be\/cocktail\/wp-json\/wp\/v2\/users\/3"}],"replies":[{"embeddable":true,"href":"https:\/\/www.stiritup.be\/cocktail\/wp-json\/wp\/v2\/comments?post=95"}],"version-history":[{"count":0,"href":"https:\/\/www.stiritup.be\/cocktail\/wp-json\/wp\/v2\/pages\/95\/revisions"}],"wp:attachment":[{"href":"https:\/\/www.stiritup.be\/cocktail\/wp-json\/wp\/v2\/media?parent=95"}],"curies":[{"name":"wp","href":"https:\/\/api.w.org\/{rel}","templated":true}]}}