{"id":93,"date":"2013-06-08T15:44:07","date_gmt":"2013-06-08T14:44:07","guid":{"rendered":"http:\/\/www.jetest.be\/stiritup\/?page_id=93"},"modified":"2016-11-17T10:33:52","modified_gmt":"2016-11-17T09:33:52","slug":"bar-a-cocktails-entreprises-evenements-professionels","status":"publish","type":"page","link":"https:\/\/www.stiritup.be\/cocktail\/bar-a-cocktails-entreprises-evenements-professionels\/","title":{"rendered":"Bar \u00e0 cocktails pour entreprises et \u00e9v\u00e8nements professionnels"},"content":{"rendered":"<h2><img decoding=\"async\" class=\" wp-image-320 alignleft\" src=\"https:\/\/www.stiritup.be\/cocktail\/wp-content\/uploads\/2013\/09\/Slider_entreprises.png\" alt=\"Slider_entreprises\" width=\"229\" height=\"304\" srcset=\"https:\/\/www.stiritup.be\/cocktail\/wp-content\/uploads\/2013\/09\/Slider_entreprises-226x300.png 226w, https:\/\/www.stiritup.be\/cocktail\/wp-content\/uploads\/2013\/09\/Slider_entreprises.png 327w\" sizes=\"(max-width: 229px) 100vw, 229px\" \/>Bar \u00e0 cocktails pour entreprises et \u00e9v\u00e8nements professionnels<\/h2>\n<ul>\n<li><span style=\"color: #99cc00;\"><strong>Incentive:<\/strong><\/span> vous cherchez un incentive original pour r\u00e9compenser les collaborateurs dans une ambiance conviviale, qui permette de tisser des liens entre coll\u00e8gues ?<\/li>\n<li><strong><span style=\"color: #99cc00;\">Ev\u00e8nement commercial:<\/span><\/strong> vous organisez ou participez \u00e0 un salon commercial et il vous manque le petit plus marketing qui fera la diff\u00e9rence pour accueillir vos prospects et partenaires \u00e0 votre stand ? vous voulez offrir des cocktails \u00e0 vos prospects ou clients\u00a0au sein m\u00eame de votre \u00e9tablissement, entreprise, magasin&#8230;?<\/li>\n<li><strong><span style=\"color: #99cc00;\">F\u00eate d&#8217;entreprise:<\/span><\/strong> vous voulez surprendre vos collaborateurs lors de votre f\u00eate d\u2019entreprise ou Christmas Party annuelle en d\u00e9gustant des cocktails originaux et personnalis\u00e9s aux couleurs de votre organisation, ou selon un th\u00e8me sp\u00e9cifique ?<\/li>\n<li><strong><span style=\"color: #99cc00;\">Team building:<\/span><\/strong> vous cherchez une activit\u00e9 de team building conviviale et f\u00e9d\u00e9ratrice pour apprendre \u00e0 mieux se conna\u00eetre et renforcer l\u2019esprit d\u2019\u00e9quipe, tout en tant compte des valeurs et objectifs strat\u00e9giques de votre organisation ?<\/li>\n<\/ul>\n<p>Sp\u00e9cialiste du bar \u00e0 cocktail, Stir it Up organise pour vous le bar de votre \u00e9v\u00e9nement corporate avec des prestations \u00e0 la carte. F\u00eate d\u2019entreprise, incentive, team building, lancement d\u2019un nouveau produit, exposition, conf\u00e9rence, s\u00e9minaire, salon commercial, inauguration\u2026 quel que soit l\u2019\u00e9v\u00e9nement \u00e0 c\u00e9l\u00e9brer, nous avons une solution qui sublimera votre r\u00e9ception corporate et en fera un moment inoubliable pour vos invit\u00e9s !<\/p>\n<p><a href=\"http:\/\/www.stiritup.be\/cocktail\/wp-content\/uploads\/2013\/06\/Stir-it-Up-Cocktail-pour-vos-events-professionnels.jpg\"><img decoding=\"async\" class=\"size-medium wp-image-1775 alignright\" title=\"Stir it Up Cocktail pour vos events professionnels\" src=\"https:\/\/www.stiritup.be\/cocktail\/wp-content\/uploads\/2013\/06\/Stir-it-Up-Cocktail-pour-vos-events-professionnels-300x205.jpg\" alt=\"Stir it Up Cocktail pour vos events professionnels\" width=\"300\" height=\"205\" srcset=\"https:\/\/www.stiritup.be\/cocktail\/wp-content\/uploads\/2013\/06\/Stir-it-Up-Cocktail-pour-vos-events-professionnels-300x205.jpg 300w, https:\/\/www.stiritup.be\/cocktail\/wp-content\/uploads\/2013\/06\/Stir-it-Up-Cocktail-pour-vos-events-professionnels.jpg 367w\" sizes=\"(max-width: 300px) 100vw, 300px\" \/><\/a><\/p>\n<p>Les prestations de Stir it Up sont personnalisables jusqu\u2019au moindre \u00a0d\u00e9tail, c\u2019est pourquoi nous passons le temps n\u00e9cessaire avec vous pour \u00a0mieux conna\u00eetre votre culture d\u2019entreprise et vos objectifs \u00a0commerciaux ou strat\u00e9giques afin de vous proposer la formule cocktail \u00a0la plus adapt\u00e9e, ainsi que la carte de cocktails originale qui fera de \u00a0votre soir\u00e9e un \u00e9v\u00e9nement inoubliable.<\/p>\n<h3>\u00a0D\u00e9couvrez tout sur nos diff\u00e9rentes formules :<\/h3>\n<ul>\n<li><span style=\"color: #99cc00;\"><span style=\"color: #99cc00;\">\u00a0<a title=\"Corporate events\" href=\"http:\/\/www.stiritup.be\/cocktail\/cocktails-pour-entreprises\/evenements-cocktails\/\">Corporate events<\/a><\/span><\/span><\/li>\n<li><span style=\"color: #99cc00;\"><span style=\"color: #99cc00;\">\u00a0<a title=\"Team buildings &amp; Incentives\" href=\"http:\/\/www.stiritup.be\/cocktail\/cocktails-pour-entreprises\/formation-techniques-cocktail\/\">Team building &amp; Incentives<\/a><\/span><\/span><\/li>\n<\/ul>\n<div class=\"fusion-fullwidth fullwidth-box fusion-builder-row-1 hundred-percent-fullwidth non-hundred-percent-height-scrolling\" style=\"--awb-border-radius-top-left:0px;--awb-border-radius-top-right:0px;--awb-border-radius-bottom-right:0px;--awb-border-radius-bottom-left:0px;--awb-overflow:visible;--awb-flex-wrap:wrap;\" ><div class=\"fusion-builder-row fusion-row\"><div class=\"fusion-layout-column fusion_builder_column fusion-builder-column-0 fusion_builder_column_1_1 1_1 fusion-one-full fusion-column-first fusion-column-last fusion-column-no-min-height\" style=\"--awb-bg-size:cover;--awb-margin-bottom:0px;\"><div class=\"fusion-column-wrapper fusion-flex-column-wrapper-legacy\"><div class=\"fusion-button-wrapper\"><a class=\"fusion-button button-flat button-large or small button-e.g. green fusion-button-e.g. green button-1 fusion-button-default-span fusion-button-default-type\" target=\"_parent\" href=\"\/cocktail\/contact\/\"><span class=\"fusion-button-text\">Contactez-nous<\/span><\/a><\/div><div class=\"fusion-clearfix\"><\/div><\/div><\/div><\/div><\/div>\n","protected":false},"excerpt":{"rendered":"<p>Bar \u00e0 cocktails pour entreprises et \u00e9v\u00e8nements professionnels Incentive: vous cherchez un incentive original pour r\u00e9compenser les collaborateurs dans une ambiance conviviale, qui permette de tisser des liens entre coll\u00e8gues [&hellip;]<\/p>\n","protected":false},"author":3,"featured_media":0,"parent":0,"menu_order":0,"comment_status":"closed","ping_status":"closed","template":"full-width.php","meta":{"footnotes":""},"yoast_head":"<!-- This site is optimized with the Yoast SEO plugin v21.4 - https:\/\/yoast.com\/wordpress\/plugins\/seo\/ -->\n<title>Bar \u00e0 cocktails pour entreprises et \u00e9v\u00e8nements professionnels - Stir It Up - Cocktail<\/title>\n<meta name=\"robots\" content=\"index, follow, max-snippet:-1, max-image-preview:large, max-video-preview:-1\" \/>\n<link rel=\"canonical\" href=\"https:\/\/www.stiritup.be\/cocktail\/bar-a-cocktails-entreprises-evenements-professionels\/\" \/>\n<meta property=\"og:locale\" content=\"en_US\" \/>\n<meta property=\"og:type\" content=\"article\" \/>\n<meta property=\"og:title\" content=\"Bar \u00e0 cocktails pour entreprises et \u00e9v\u00e8nements professionnels - Stir It Up - Cocktail\" \/>\n<meta property=\"og:description\" content=\"Bar \u00e0 cocktails pour entreprises et \u00e9v\u00e8nements professionnels Incentive: vous cherchez un incentive original pour r\u00e9compenser les collaborateurs dans une ambiance conviviale, qui permette de tisser des liens entre coll\u00e8gues [&hellip;]\" \/>\n<meta property=\"og:url\" content=\"https:\/\/www.stiritup.be\/cocktail\/bar-a-cocktails-entreprises-evenements-professionels\/\" \/>\n<meta property=\"og:site_name\" content=\"Stir It Up - Cocktail\" \/>\n<meta property=\"article:publisher\" content=\"https:\/\/www.facebook.com\/StiritupCocktails\" \/>\n<meta property=\"article:modified_time\" content=\"2016-11-17T09:33:52+00:00\" \/>\n<meta property=\"og:image\" content=\"http:\/\/www.stiritup.be\/cocktail\/wp-content\/uploads\/2013\/09\/Slider_entreprises.png\" \/>\n<meta name=\"twitter:label1\" content=\"Est. reading time\" \/>\n\t<meta name=\"twitter:data1\" content=\"2 minutes\" \/>\n<script type=\"application\/ld+json\" class=\"yoast-schema-graph\">{\"@context\":\"https:\/\/schema.org\",\"@graph\":[{\"@type\":\"WebPage\",\"@id\":\"https:\/\/www.stiritup.be\/cocktail\/bar-a-cocktails-entreprises-evenements-professionels\/\",\"url\":\"https:\/\/www.stiritup.be\/cocktail\/bar-a-cocktails-entreprises-evenements-professionels\/\",\"name\":\"Bar \u00e0 cocktails pour entreprises et \u00e9v\u00e8nements professionnels - Stir It Up - Cocktail\",\"isPartOf\":{\"@id\":\"https:\/\/www.stiritup.be\/cocktail\/#website\"},\"datePublished\":\"2013-06-08T14:44:07+00:00\",\"dateModified\":\"2016-11-17T09:33:52+00:00\",\"breadcrumb\":{\"@id\":\"https:\/\/www.stiritup.be\/cocktail\/bar-a-cocktails-entreprises-evenements-professionels\/#breadcrumb\"},\"inLanguage\":\"en-US\",\"potentialAction\":[{\"@type\":\"ReadAction\",\"target\":[\"https:\/\/www.stiritup.be\/cocktail\/bar-a-cocktails-entreprises-evenements-professionels\/\"]}]},{\"@type\":\"BreadcrumbList\",\"@id\":\"https:\/\/www.stiritup.be\/cocktail\/bar-a-cocktails-entreprises-evenements-professionels\/#breadcrumb\",\"itemListElement\":[{\"@type\":\"ListItem\",\"position\":1,\"name\":\"Home\",\"item\":\"https:\/\/www.stiritup.be\/cocktail\/\"},{\"@type\":\"ListItem\",\"position\":2,\"name\":\"Bar \u00e0 cocktails pour entreprises et \u00e9v\u00e8nements professionnels\"}]},{\"@type\":\"WebSite\",\"@id\":\"https:\/\/www.stiritup.be\/cocktail\/#website\",\"url\":\"https:\/\/www.stiritup.be\/cocktail\/\",\"name\":\"Stir It Up - Cocktail\",\"description\":\"Cocktails bartending\",\"potentialAction\":[{\"@type\":\"SearchAction\",\"target\":{\"@type\":\"EntryPoint\",\"urlTemplate\":\"https:\/\/www.stiritup.be\/cocktail\/?s={search_term_string}\"},\"query-input\":\"required name=search_term_string\"}],\"inLanguage\":\"en-US\"}]}<\/script>\n<!-- \/ Yoast SEO plugin. -->","yoast_head_json":{"title":"Bar \u00e0 cocktails pour entreprises et \u00e9v\u00e8nements professionnels - Stir It Up - Cocktail","robots":{"index":"index","follow":"follow","max-snippet":"max-snippet:-1","max-image-preview":"max-image-preview:large","max-video-preview":"max-video-preview:-1"},"canonical":"https:\/\/www.stiritup.be\/cocktail\/bar-a-cocktails-entreprises-evenements-professionels\/","og_locale":"en_US","og_type":"article","og_title":"Bar \u00e0 cocktails pour entreprises et \u00e9v\u00e8nements professionnels - Stir It Up - Cocktail","og_description":"Bar \u00e0 cocktails pour entreprises et \u00e9v\u00e8nements professionnels Incentive: vous cherchez un incentive original pour r\u00e9compenser les collaborateurs dans une ambiance conviviale, qui permette de tisser des liens entre coll\u00e8gues [&hellip;]","og_url":"https:\/\/www.stiritup.be\/cocktail\/bar-a-cocktails-entreprises-evenements-professionels\/","og_site_name":"Stir It Up - Cocktail","article_publisher":"https:\/\/www.facebook.com\/StiritupCocktails","article_modified_time":"2016-11-17T09:33:52+00:00","og_image":[{"url":"http:\/\/www.stiritup.be\/cocktail\/wp-content\/uploads\/2013\/09\/Slider_entreprises.png"}],"twitter_misc":{"Est. reading time":"2 minutes"},"schema":{"@context":"https:\/\/schema.org","@graph":[{"@type":"WebPage","@id":"https:\/\/www.stiritup.be\/cocktail\/bar-a-cocktails-entreprises-evenements-professionels\/","url":"https:\/\/www.stiritup.be\/cocktail\/bar-a-cocktails-entreprises-evenements-professionels\/","name":"Bar \u00e0 cocktails pour entreprises et \u00e9v\u00e8nements professionnels - Stir It Up - Cocktail","isPartOf":{"@id":"https:\/\/www.stiritup.be\/cocktail\/#website"},"datePublished":"2013-06-08T14:44:07+00:00","dateModified":"2016-11-17T09:33:52+00:00","breadcrumb":{"@id":"https:\/\/www.stiritup.be\/cocktail\/bar-a-cocktails-entreprises-evenements-professionels\/#breadcrumb"},"inLanguage":"en-US","potentialAction":[{"@type":"ReadAction","target":["https:\/\/www.stiritup.be\/cocktail\/bar-a-cocktails-entreprises-evenements-professionels\/"]}]},{"@type":"BreadcrumbList","@id":"https:\/\/www.stiritup.be\/cocktail\/bar-a-cocktails-entreprises-evenements-professionels\/#breadcrumb","itemListElement":[{"@type":"ListItem","position":1,"name":"Home","item":"https:\/\/www.stiritup.be\/cocktail\/"},{"@type":"ListItem","position":2,"name":"Bar \u00e0 cocktails pour entreprises et \u00e9v\u00e8nements professionnels"}]},{"@type":"WebSite","@id":"https:\/\/www.stiritup.be\/cocktail\/#website","url":"https:\/\/www.stiritup.be\/cocktail\/","name":"Stir It Up - Cocktail","description":"Cocktails bartending","potentialAction":[{"@type":"SearchAction","target":{"@type":"EntryPoint","urlTemplate":"https:\/\/www.stiritup.be\/cocktail\/?s={search_term_string}"},"query-input":"required name=search_term_string"}],"inLanguage":"en-US"}]}},"_links":{"self":[{"href":"https:\/\/www.stiritup.be\/cocktail\/wp-json\/wp\/v2\/pages\/93"}],"collection":[{"href":"https:\/\/www.stiritup.be\/cocktail\/wp-json\/wp\/v2\/pages"}],"about":[{"href":"https:\/\/www.stiritup.be\/cocktail\/wp-json\/wp\/v2\/types\/page"}],"author":[{"embeddable":true,"href":"https:\/\/www.stiritup.be\/cocktail\/wp-json\/wp\/v2\/users\/3"}],"replies":[{"embeddable":true,"href":"https:\/\/www.stiritup.be\/cocktail\/wp-json\/wp\/v2\/comments?post=93"}],"version-history":[{"count":0,"href":"https:\/\/www.stiritup.be\/cocktail\/wp-json\/wp\/v2\/pages\/93\/revisions"}],"wp:attachment":[{"href":"https:\/\/www.stiritup.be\/cocktail\/wp-json\/wp\/v2\/media?parent=93"}],"curies":[{"name":"wp","href":"https:\/\/api.w.org\/{rel}","templated":true}]}}