{"id":920,"date":"2013-11-29T10:14:36","date_gmt":"2013-11-29T09:14:36","guid":{"rendered":"http:\/\/www.stiritup.be\/cocktail\/?page_id=920"},"modified":"2016-11-17T10:33:52","modified_gmt":"2016-11-17T09:33:52","slug":"coaching-personnel-de-bar","status":"publish","type":"page","link":"https:\/\/www.stiritup.be\/cocktail\/barman-cocktails-horeca\/coaching-personnel-de-bar\/","title":{"rendered":"Coaching du personnel de bar"},"content":{"rendered":"<h2>Coaching du personnel de bar<\/h2>\n<p><strong>Stir it Up<\/strong> forme et coache votre personnel de bar (avec ou sans exp\u00e9rience) en vue d\u2019am\u00e9liorer leur performance. La formation se d\u00e9roule derri\u00e8re votre bar (en fonction des heures d\u2019ouverture).<\/p>\n<p><img decoding=\"async\" class=\" wp-image-617 alignleft\" title=\"Formation by Stir it Up pour les barmen du D\u00e9lirium Caf\u00e9\" alt=\"Formation by Stir it Up pour les barmen du D\u00e9lirium Caf\u00e9\" src=\"https:\/\/www.stiritup.be\/cocktail\/wp-content\/uploads\/2013\/10\/cocktail-formation-barman-cocktail-3-300x224.jpg\" width=\"240\" height=\"179\" srcset=\"https:\/\/www.stiritup.be\/cocktail\/wp-content\/uploads\/2013\/10\/cocktail-formation-barman-cocktail-3-300x224.jpg 300w, https:\/\/www.stiritup.be\/cocktail\/wp-content\/uploads\/2013\/10\/cocktail-formation-barman-cocktail-3.jpg 567w\" sizes=\"(max-width: 240px) 100vw, 240px\" \/><\/p>\n<h3>Objectifs de la formation<\/h3>\n<p style=\"padding-left: 30px;\">Afin de d\u00e9terminer ensemble les objectifs de la formation, un rapide audit de bar est organis\u00e9 en amont pour analyser les sp\u00e9cificit\u00e9s de votre \u00e9tablissement (taille, heures d\u2019ouverture et pics de fr\u00e9quentation, client\u00e8le type, ambiance recherch\u00e9e, sp\u00e9cialit\u00e9s du lieu, \u2018best sellers\u2019, qualification du personnel, routines de travail, installations et mat\u00e9riel, rotation des stocks, carte\u2026).<\/p>\n<h3>Public cible<\/h3>\n<p style=\"padding-left: 30px;\">Personnel de bar avec ou sans exp\u00e9rience (3,4 personnes maximum par session de formation).<\/p>\n<h3>Langues<\/h3>\n<p style=\"padding-left: 30px;\">La formation peut se donner en Fran\u00e7ais \/ Anglais \/ Espagnol.<\/p>\n<h3>Exemple de plan de formation<\/h3>\n<ul>\n<li>Optimisation des routines de travail (techniques de mise en place, ouverture, maintenance, fermeture, propret\u00e9 et respect des r\u00e8gles d\u2019hygi\u00e8ne, coordination du travail d\u2019\u00e9quipe, structure de l\u2019espace de travail, rapidit\u00e9, gestion des temps morts et de rush\u2026)<\/li>\n<li>Gestion des stocks (rotation des frigos, conditionnement, logique FIFO, gestion des commandes fournisseurs et r\u00e9ception et contr\u00f4le des livraisons, sensibilisation aux pertes d\u2019inventaires\u2026)<\/li>\n<li>Prise de commande et techniques de communication clients (gestion des comptes et de la caisse, conseils client\u00e8le, gestion des plaintes, stress management, gestion des pourboires\u2026)<\/li>\n<li>Pr\u00e9paration pr\u00e9cise des cocktails \u00e0 la carte et croisement des commandes (techniques de pr\u00e9paration, rudiments du \u00ab working flair \u00bb, maniement des ustensiles, d\u00e9coupe des fruits et styles de d\u00e9corations, types de verres, historique des cocktails et des alcools qui les composent\u2026)<\/li>\n<\/ul>\n<h3>Curieux de visionner d\u2019autres photos des \u00e9v\u00e9nements Stir it Up ?<\/h3>\n<p>Visitez notre\u00a0<a title=\"Blog Stir it Up\" href=\"http:\/\/www.stiritup.be\/cocktail\/news\/\" target=\"_self\">blog\u00a0<\/a>et d\u00e9couvrez plusieurs de nos collaborations r\u00e9centes<\/p>\n","protected":false},"excerpt":{"rendered":"<p>Coaching du personnel de bar Stir it Up forme et coache votre personnel de bar (avec ou sans exp\u00e9rience) en vue d\u2019am\u00e9liorer leur performance. La formation se d\u00e9roule derri\u00e8re votre [&hellip;]<\/p>\n","protected":false},"author":3,"featured_media":0,"parent":95,"menu_order":0,"comment_status":"closed","ping_status":"open","template":"","meta":{"footnotes":""},"yoast_head":"<!-- This site is optimized with the Yoast SEO plugin v21.4 - https:\/\/yoast.com\/wordpress\/plugins\/seo\/ -->\n<title>Coaching du personnel de bar - Stir It Up - Cocktail<\/title>\n<meta name=\"description\" content=\"Coaching du personnel de bar : Stir it Up forme et coache votre personnel de bar en vue d\u2019am\u00e9liorer leur performance.\" \/>\n<meta name=\"robots\" content=\"index, follow, max-snippet:-1, max-image-preview:large, max-video-preview:-1\" \/>\n<link rel=\"canonical\" href=\"https:\/\/www.stiritup.be\/cocktail\/barman-cocktails-horeca\/coaching-personnel-de-bar\/\" \/>\n<meta property=\"og:locale\" content=\"en_US\" \/>\n<meta property=\"og:type\" content=\"article\" \/>\n<meta property=\"og:title\" content=\"Coaching du personnel de bar - Stir It Up - Cocktail\" \/>\n<meta property=\"og:description\" content=\"Coaching du personnel de bar : Stir it Up forme et coache votre personnel de bar en vue d\u2019am\u00e9liorer leur performance.\" \/>\n<meta property=\"og:url\" content=\"https:\/\/www.stiritup.be\/cocktail\/barman-cocktails-horeca\/coaching-personnel-de-bar\/\" \/>\n<meta property=\"og:site_name\" content=\"Stir It Up - Cocktail\" \/>\n<meta property=\"article:publisher\" content=\"https:\/\/www.facebook.com\/StiritupCocktails\" \/>\n<meta property=\"article:modified_time\" content=\"2016-11-17T09:33:52+00:00\" \/>\n<meta property=\"og:image\" content=\"http:\/\/www.stiritup.be\/cocktail\/wp-content\/uploads\/2013\/10\/cocktail-formation-barman-cocktail-3-300x224.jpg\" \/>\n<meta name=\"twitter:label1\" content=\"Est. reading time\" \/>\n\t<meta name=\"twitter:data1\" content=\"2 minutes\" \/>\n<script type=\"application\/ld+json\" class=\"yoast-schema-graph\">{\"@context\":\"https:\/\/schema.org\",\"@graph\":[{\"@type\":\"WebPage\",\"@id\":\"https:\/\/www.stiritup.be\/cocktail\/barman-cocktails-horeca\/coaching-personnel-de-bar\/\",\"url\":\"https:\/\/www.stiritup.be\/cocktail\/barman-cocktails-horeca\/coaching-personnel-de-bar\/\",\"name\":\"Coaching du personnel de bar - Stir It Up - Cocktail\",\"isPartOf\":{\"@id\":\"https:\/\/www.stiritup.be\/cocktail\/#website\"},\"datePublished\":\"2013-11-29T09:14:36+00:00\",\"dateModified\":\"2016-11-17T09:33:52+00:00\",\"description\":\"Coaching du personnel de bar : Stir it Up forme et coache votre personnel de bar en vue d\u2019am\u00e9liorer leur performance.\",\"breadcrumb\":{\"@id\":\"https:\/\/www.stiritup.be\/cocktail\/barman-cocktails-horeca\/coaching-personnel-de-bar\/#breadcrumb\"},\"inLanguage\":\"en-US\",\"potentialAction\":[{\"@type\":\"ReadAction\",\"target\":[\"https:\/\/www.stiritup.be\/cocktail\/barman-cocktails-horeca\/coaching-personnel-de-bar\/\"]}]},{\"@type\":\"BreadcrumbList\",\"@id\":\"https:\/\/www.stiritup.be\/cocktail\/barman-cocktails-horeca\/coaching-personnel-de-bar\/#breadcrumb\",\"itemListElement\":[{\"@type\":\"ListItem\",\"position\":1,\"name\":\"Home\",\"item\":\"https:\/\/www.stiritup.be\/cocktail\/\"},{\"@type\":\"ListItem\",\"position\":2,\"name\":\"Horeca\",\"item\":\"https:\/\/www.stiritup.be\/cocktail\/barman-cocktails-horeca\/\"},{\"@type\":\"ListItem\",\"position\":3,\"name\":\"Coaching du personnel de bar\"}]},{\"@type\":\"WebSite\",\"@id\":\"https:\/\/www.stiritup.be\/cocktail\/#website\",\"url\":\"https:\/\/www.stiritup.be\/cocktail\/\",\"name\":\"Stir It Up - Cocktail\",\"description\":\"Cocktails bartending\",\"potentialAction\":[{\"@type\":\"SearchAction\",\"target\":{\"@type\":\"EntryPoint\",\"urlTemplate\":\"https:\/\/www.stiritup.be\/cocktail\/?s={search_term_string}\"},\"query-input\":\"required name=search_term_string\"}],\"inLanguage\":\"en-US\"}]}<\/script>\n<!-- \/ Yoast SEO plugin. -->","yoast_head_json":{"title":"Coaching du personnel de bar - Stir It Up - Cocktail","description":"Coaching du personnel de bar : Stir it Up forme et coache votre personnel de bar en vue d\u2019am\u00e9liorer leur performance.","robots":{"index":"index","follow":"follow","max-snippet":"max-snippet:-1","max-image-preview":"max-image-preview:large","max-video-preview":"max-video-preview:-1"},"canonical":"https:\/\/www.stiritup.be\/cocktail\/barman-cocktails-horeca\/coaching-personnel-de-bar\/","og_locale":"en_US","og_type":"article","og_title":"Coaching du personnel de bar - Stir It Up - Cocktail","og_description":"Coaching du personnel de bar : Stir it Up forme et coache votre personnel de bar en vue d\u2019am\u00e9liorer leur performance.","og_url":"https:\/\/www.stiritup.be\/cocktail\/barman-cocktails-horeca\/coaching-personnel-de-bar\/","og_site_name":"Stir It Up - Cocktail","article_publisher":"https:\/\/www.facebook.com\/StiritupCocktails","article_modified_time":"2016-11-17T09:33:52+00:00","og_image":[{"url":"http:\/\/www.stiritup.be\/cocktail\/wp-content\/uploads\/2013\/10\/cocktail-formation-barman-cocktail-3-300x224.jpg"}],"twitter_misc":{"Est. reading time":"2 minutes"},"schema":{"@context":"https:\/\/schema.org","@graph":[{"@type":"WebPage","@id":"https:\/\/www.stiritup.be\/cocktail\/barman-cocktails-horeca\/coaching-personnel-de-bar\/","url":"https:\/\/www.stiritup.be\/cocktail\/barman-cocktails-horeca\/coaching-personnel-de-bar\/","name":"Coaching du personnel de bar - Stir It Up - Cocktail","isPartOf":{"@id":"https:\/\/www.stiritup.be\/cocktail\/#website"},"datePublished":"2013-11-29T09:14:36+00:00","dateModified":"2016-11-17T09:33:52+00:00","description":"Coaching du personnel de bar : Stir it Up forme et coache votre personnel de bar en vue d\u2019am\u00e9liorer leur performance.","breadcrumb":{"@id":"https:\/\/www.stiritup.be\/cocktail\/barman-cocktails-horeca\/coaching-personnel-de-bar\/#breadcrumb"},"inLanguage":"en-US","potentialAction":[{"@type":"ReadAction","target":["https:\/\/www.stiritup.be\/cocktail\/barman-cocktails-horeca\/coaching-personnel-de-bar\/"]}]},{"@type":"BreadcrumbList","@id":"https:\/\/www.stiritup.be\/cocktail\/barman-cocktails-horeca\/coaching-personnel-de-bar\/#breadcrumb","itemListElement":[{"@type":"ListItem","position":1,"name":"Home","item":"https:\/\/www.stiritup.be\/cocktail\/"},{"@type":"ListItem","position":2,"name":"Horeca","item":"https:\/\/www.stiritup.be\/cocktail\/barman-cocktails-horeca\/"},{"@type":"ListItem","position":3,"name":"Coaching du personnel de bar"}]},{"@type":"WebSite","@id":"https:\/\/www.stiritup.be\/cocktail\/#website","url":"https:\/\/www.stiritup.be\/cocktail\/","name":"Stir It Up - Cocktail","description":"Cocktails bartending","potentialAction":[{"@type":"SearchAction","target":{"@type":"EntryPoint","urlTemplate":"https:\/\/www.stiritup.be\/cocktail\/?s={search_term_string}"},"query-input":"required name=search_term_string"}],"inLanguage":"en-US"}]}},"_links":{"self":[{"href":"https:\/\/www.stiritup.be\/cocktail\/wp-json\/wp\/v2\/pages\/920"}],"collection":[{"href":"https:\/\/www.stiritup.be\/cocktail\/wp-json\/wp\/v2\/pages"}],"about":[{"href":"https:\/\/www.stiritup.be\/cocktail\/wp-json\/wp\/v2\/types\/page"}],"author":[{"embeddable":true,"href":"https:\/\/www.stiritup.be\/cocktail\/wp-json\/wp\/v2\/users\/3"}],"replies":[{"embeddable":true,"href":"https:\/\/www.stiritup.be\/cocktail\/wp-json\/wp\/v2\/comments?post=920"}],"version-history":[{"count":0,"href":"https:\/\/www.stiritup.be\/cocktail\/wp-json\/wp\/v2\/pages\/920\/revisions"}],"up":[{"embeddable":true,"href":"https:\/\/www.stiritup.be\/cocktail\/wp-json\/wp\/v2\/pages\/95"}],"wp:attachment":[{"href":"https:\/\/www.stiritup.be\/cocktail\/wp-json\/wp\/v2\/media?parent=920"}],"curies":[{"name":"wp","href":"https:\/\/api.w.org\/{rel}","templated":true}]}}