{"id":912,"date":"2013-11-29T09:51:05","date_gmt":"2013-11-29T08:51:05","guid":{"rendered":"http:\/\/www.stiritup.be\/cocktail\/?page_id=912"},"modified":"2017-06-11T10:37:06","modified_gmt":"2017-06-11T08:37:06","slug":"formation-barman-cocktail","status":"publish","type":"page","link":"https:\/\/www.stiritup.be\/cocktail\/barman-cocktails-horeca\/formation-barman-cocktail\/","title":{"rendered":"Formation Barman cocktail"},"content":{"rendered":"<h2>Formation de Barman cocktail<\/h2>\n<p>En plus des <strong>formations<\/strong> standards au m\u00e9tier de <strong>barman<\/strong>, <strong>Stir it Up<\/strong> propose des formations sp\u00e9cifiques aux techniques du <a title=\"Cocktail\" href=\"https:\/\/www.stiritup.be\/cocktail\/cocktail\/\"><strong>cocktail<\/strong><\/a> et de la <a title=\"Mixologie\" href=\"https:\/\/www.stiritup.be\/cocktail\/mixologie\/\"><strong>mixologie<\/strong><\/a>.<\/p>\n<p><img decoding=\"async\" class=\"size-full wp-image-1805 alignright\" title=\"Shaker\" src=\"https:\/\/www.stiritup.be\/cocktail\/wp-content\/uploads\/2014\/08\/Cocktails-Ap\u00e9ros-namurois-Shaker.jpg\" alt=\"Shaker\" width=\"161\" height=\"183\" \/><\/p>\n<h3>Public cible:<\/h3>\n<p style=\"padding-left: 30px;\">Personnel de bar avec au moins une premi\u00e8re exp\u00e9rience (3 personnes maximum par session de formation) qui est amen\u00e9 \u00e0 servir des cocktails et\/ou conseiller la client\u00e8le \u00e0 ce sujet.<\/p>\n<h3>Langues:<\/h3>\n<p style=\"padding-left: 30px;\">La formation peut se donner en Fran\u00e7ais \/ Anglais \/ Espagnol.<\/p>\n<h3>Objectifs de la formation &#8216;barman cocktail&#8217;:<\/h3>\n<p>En fonction de vos objectifs sp\u00e9cifiques, nous personnalisons le programme :<\/p>\n<ul>\n<li>Historique, logique et composition des cocktails<\/li>\n<li>Connaissance des produits et techniques de mixologie<\/li>\n<li>Maniement des outils de base (shaker, verre \u00e0 m\u00e9lange\u2026)<\/li>\n<li>Optimisation de la carte des cocktails en fonction de l\u2019identit\u00e9 de l\u2019\u00e9tablissement, sa client\u00e8le, ses best sellers\u2026<\/li>\n<li>Techniques de mise en place en fonction des cocktails \u00e0 la carte<\/li>\n<li>Techniques de d\u00e9coration (couleurs, effets visuels, effets gustatifs, quelle d\u00e9co pour les classiques\u2026)<\/li>\n<li>Personnalisation du service, conseils \u00e0 la client\u00e8le, gestion des commandes non \u00e0 la carte\u2026<\/li>\n<li>Techniques de vente et d\u2019animation sp\u00e9cifiques aux cocktails (ex : pr\u00e9paration styl\u00e9e des cocktails : working flair)<\/li>\n<li>Strict respect des techniques pour les classiques (qualit\u00e9 irr\u00e9prochable)<\/li>\n<li>Introduction aux nouvelles tendances dans l\u2019univers du cocktail (exemple: mixologie mol\u00e9culaire\u2026)<\/li>\n<li>Les bases des MO (modes op\u00e9ratoires): shake, build in, stir, blend<\/li>\n<li>R\u00e8gles d\u2019hygi\u00e8ne et de s\u00e9curit\u00e9 alimentaire<\/li>\n<\/ul>\n<h4>Curieux de visionner d\u2019autres photos des \u00e9v\u00e9nements Stir it Up ?<\/h4>\n<p>Visitez notre\u00a0<a title=\"Blog Stir it Up\" href=\"https:\/\/www.stiritup.be\/cocktail\/news\/\" target=\"_self\">blog\u00a0<\/a>et d\u00e9couvrez plusieurs de nos collaborations r\u00e9centes<\/p>\n","protected":false},"excerpt":{"rendered":"<p>Formation de Barman cocktail En plus des formations standards au m\u00e9tier de barman, Stir it Up propose des formations sp\u00e9cifiques aux techniques du cocktail et de la mixologie. Public cible: [&hellip;]<\/p>\n","protected":false},"author":3,"featured_media":0,"parent":95,"menu_order":0,"comment_status":"closed","ping_status":"open","template":"","meta":{"footnotes":""},"yoast_head":"<!-- This site is optimized with the Yoast SEO plugin v21.4 - https:\/\/yoast.com\/wordpress\/plugins\/seo\/ -->\n<title>Formation barman cocktail \/ barmaid cocktail - Stir It up<\/title>\n<meta name=\"description\" content=\"Formation de Barman - barmaid cocktail : Stir it Up propose des formations pour barman sp\u00e9cifiques aux techniques du cocktail et de la mixologie.\" \/>\n<meta name=\"robots\" content=\"index, follow, max-snippet:-1, max-image-preview:large, max-video-preview:-1\" \/>\n<link rel=\"canonical\" href=\"https:\/\/www.stiritup.be\/cocktail\/barman-cocktails-horeca\/formation-barman-cocktail\/\" \/>\n<meta property=\"og:locale\" content=\"en_US\" \/>\n<meta property=\"og:type\" content=\"article\" \/>\n<meta property=\"og:title\" content=\"Formation barman cocktail \/ barmaid cocktail - Stir It up\" \/>\n<meta property=\"og:description\" content=\"Formation de Barman - barmaid cocktail : Stir it Up propose des formations pour barman sp\u00e9cifiques aux techniques du cocktail et de la mixologie.\" \/>\n<meta property=\"og:url\" content=\"https:\/\/www.stiritup.be\/cocktail\/barman-cocktails-horeca\/formation-barman-cocktail\/\" \/>\n<meta property=\"og:site_name\" content=\"Stir It Up - Cocktail\" \/>\n<meta property=\"article:publisher\" content=\"https:\/\/www.facebook.com\/StiritupCocktails\" \/>\n<meta property=\"article:modified_time\" content=\"2017-06-11T08:37:06+00:00\" \/>\n<meta name=\"twitter:label1\" content=\"Est. reading time\" \/>\n\t<meta name=\"twitter:data1\" content=\"1 minute\" \/>\n<script type=\"application\/ld+json\" class=\"yoast-schema-graph\">{\"@context\":\"https:\/\/schema.org\",\"@graph\":[{\"@type\":\"WebPage\",\"@id\":\"https:\/\/www.stiritup.be\/cocktail\/barman-cocktails-horeca\/formation-barman-cocktail\/\",\"url\":\"https:\/\/www.stiritup.be\/cocktail\/barman-cocktails-horeca\/formation-barman-cocktail\/\",\"name\":\"Formation barman cocktail \/ barmaid cocktail - Stir It up\",\"isPartOf\":{\"@id\":\"https:\/\/www.stiritup.be\/cocktail\/#website\"},\"datePublished\":\"2013-11-29T08:51:05+00:00\",\"dateModified\":\"2017-06-11T08:37:06+00:00\",\"description\":\"Formation de Barman - barmaid cocktail : Stir it Up propose des formations pour barman sp\u00e9cifiques aux techniques du cocktail et de la mixologie.\",\"breadcrumb\":{\"@id\":\"https:\/\/www.stiritup.be\/cocktail\/barman-cocktails-horeca\/formation-barman-cocktail\/#breadcrumb\"},\"inLanguage\":\"en-US\",\"potentialAction\":[{\"@type\":\"ReadAction\",\"target\":[\"https:\/\/www.stiritup.be\/cocktail\/barman-cocktails-horeca\/formation-barman-cocktail\/\"]}]},{\"@type\":\"BreadcrumbList\",\"@id\":\"https:\/\/www.stiritup.be\/cocktail\/barman-cocktails-horeca\/formation-barman-cocktail\/#breadcrumb\",\"itemListElement\":[{\"@type\":\"ListItem\",\"position\":1,\"name\":\"Home\",\"item\":\"https:\/\/www.stiritup.be\/cocktail\/\"},{\"@type\":\"ListItem\",\"position\":2,\"name\":\"Horeca\",\"item\":\"https:\/\/www.stiritup.be\/cocktail\/barman-cocktails-horeca\/\"},{\"@type\":\"ListItem\",\"position\":3,\"name\":\"Formation Barman cocktail\"}]},{\"@type\":\"WebSite\",\"@id\":\"https:\/\/www.stiritup.be\/cocktail\/#website\",\"url\":\"https:\/\/www.stiritup.be\/cocktail\/\",\"name\":\"Stir It Up - Cocktail\",\"description\":\"Cocktails bartending\",\"potentialAction\":[{\"@type\":\"SearchAction\",\"target\":{\"@type\":\"EntryPoint\",\"urlTemplate\":\"https:\/\/www.stiritup.be\/cocktail\/?s={search_term_string}\"},\"query-input\":\"required name=search_term_string\"}],\"inLanguage\":\"en-US\"}]}<\/script>\n<!-- \/ Yoast SEO plugin. -->","yoast_head_json":{"title":"Formation barman cocktail \/ barmaid cocktail - Stir It up","description":"Formation de Barman - barmaid cocktail : Stir it Up propose des formations pour barman sp\u00e9cifiques aux techniques du cocktail et de la mixologie.","robots":{"index":"index","follow":"follow","max-snippet":"max-snippet:-1","max-image-preview":"max-image-preview:large","max-video-preview":"max-video-preview:-1"},"canonical":"https:\/\/www.stiritup.be\/cocktail\/barman-cocktails-horeca\/formation-barman-cocktail\/","og_locale":"en_US","og_type":"article","og_title":"Formation barman cocktail \/ barmaid cocktail - Stir It up","og_description":"Formation de Barman - barmaid cocktail : Stir it Up propose des formations pour barman sp\u00e9cifiques aux techniques du cocktail et de la mixologie.","og_url":"https:\/\/www.stiritup.be\/cocktail\/barman-cocktails-horeca\/formation-barman-cocktail\/","og_site_name":"Stir It Up - Cocktail","article_publisher":"https:\/\/www.facebook.com\/StiritupCocktails","article_modified_time":"2017-06-11T08:37:06+00:00","twitter_misc":{"Est. reading time":"1 minute"},"schema":{"@context":"https:\/\/schema.org","@graph":[{"@type":"WebPage","@id":"https:\/\/www.stiritup.be\/cocktail\/barman-cocktails-horeca\/formation-barman-cocktail\/","url":"https:\/\/www.stiritup.be\/cocktail\/barman-cocktails-horeca\/formation-barman-cocktail\/","name":"Formation barman cocktail \/ barmaid cocktail - Stir It up","isPartOf":{"@id":"https:\/\/www.stiritup.be\/cocktail\/#website"},"datePublished":"2013-11-29T08:51:05+00:00","dateModified":"2017-06-11T08:37:06+00:00","description":"Formation de Barman - barmaid cocktail : Stir it Up propose des formations pour barman sp\u00e9cifiques aux techniques du cocktail et de la mixologie.","breadcrumb":{"@id":"https:\/\/www.stiritup.be\/cocktail\/barman-cocktails-horeca\/formation-barman-cocktail\/#breadcrumb"},"inLanguage":"en-US","potentialAction":[{"@type":"ReadAction","target":["https:\/\/www.stiritup.be\/cocktail\/barman-cocktails-horeca\/formation-barman-cocktail\/"]}]},{"@type":"BreadcrumbList","@id":"https:\/\/www.stiritup.be\/cocktail\/barman-cocktails-horeca\/formation-barman-cocktail\/#breadcrumb","itemListElement":[{"@type":"ListItem","position":1,"name":"Home","item":"https:\/\/www.stiritup.be\/cocktail\/"},{"@type":"ListItem","position":2,"name":"Horeca","item":"https:\/\/www.stiritup.be\/cocktail\/barman-cocktails-horeca\/"},{"@type":"ListItem","position":3,"name":"Formation Barman cocktail"}]},{"@type":"WebSite","@id":"https:\/\/www.stiritup.be\/cocktail\/#website","url":"https:\/\/www.stiritup.be\/cocktail\/","name":"Stir It Up - Cocktail","description":"Cocktails bartending","potentialAction":[{"@type":"SearchAction","target":{"@type":"EntryPoint","urlTemplate":"https:\/\/www.stiritup.be\/cocktail\/?s={search_term_string}"},"query-input":"required name=search_term_string"}],"inLanguage":"en-US"}]}},"_links":{"self":[{"href":"https:\/\/www.stiritup.be\/cocktail\/wp-json\/wp\/v2\/pages\/912"}],"collection":[{"href":"https:\/\/www.stiritup.be\/cocktail\/wp-json\/wp\/v2\/pages"}],"about":[{"href":"https:\/\/www.stiritup.be\/cocktail\/wp-json\/wp\/v2\/types\/page"}],"author":[{"embeddable":true,"href":"https:\/\/www.stiritup.be\/cocktail\/wp-json\/wp\/v2\/users\/3"}],"replies":[{"embeddable":true,"href":"https:\/\/www.stiritup.be\/cocktail\/wp-json\/wp\/v2\/comments?post=912"}],"version-history":[{"count":0,"href":"https:\/\/www.stiritup.be\/cocktail\/wp-json\/wp\/v2\/pages\/912\/revisions"}],"up":[{"embeddable":true,"href":"https:\/\/www.stiritup.be\/cocktail\/wp-json\/wp\/v2\/pages\/95"}],"wp:attachment":[{"href":"https:\/\/www.stiritup.be\/cocktail\/wp-json\/wp\/v2\/media?parent=912"}],"curies":[{"name":"wp","href":"https:\/\/api.w.org\/{rel}","templated":true}]}}