{"id":90,"date":"2013-06-08T15:43:44","date_gmt":"2013-06-08T14:43:44","guid":{"rendered":"http:\/\/www.jetest.be\/stiritup\/?page_id=90"},"modified":"2016-11-17T10:33:52","modified_gmt":"2016-11-17T09:33:52","slug":"bar-a-cocktails-pour-particuliers","status":"publish","type":"page","link":"https:\/\/www.stiritup.be\/cocktail\/bar-a-cocktails-pour-particuliers\/","title":{"rendered":"Bar \u00e0 cocktails pour particuliers"},"content":{"rendered":"<h3><img decoding=\"async\" class=\" wp-image-319 alignleft\" src=\"https:\/\/www.stiritup.be\/cocktail\/wp-content\/uploads\/2013\/09\/Slider_particuliers.png\" alt=\"Bar \u00e0 cocktails particuliers\" width=\"229\" height=\"304\" srcset=\"https:\/\/www.stiritup.be\/cocktail\/wp-content\/uploads\/2013\/09\/Slider_particuliers-226x300.png 226w, https:\/\/www.stiritup.be\/cocktail\/wp-content\/uploads\/2013\/09\/Slider_particuliers.png 327w\" sizes=\"(max-width: 229px) 100vw, 229px\" \/><\/h3>\n<h2>Bar \u00e0 cocktails pour vos \u00e9v\u00e8nements priv\u00e9s<\/h2>\n<h3>De retour de vacances, vous r\u00eavez de <strong>bars \u00e0 cocktails<\/strong> ? le go\u00fbt de la <a title=\"Recette cocktail: La Margarita\" href=\"http:\/\/www.stiritup.be\/cocktail\/margarita\/\"><span style=\"color: #99cc00;\">Margarita<\/span><\/a> vous manque ? Vous voulez red\u00e9couvrir un <span style=\"color: #99cc00;\">v\u00e9ritable Mojito \u00e0 la cubaine<\/span>, une <a title=\"Recette cocktail: la Caipirinha\" href=\"http:\/\/www.stiritup.be\/cocktail\/recette-cocktail-la-caipirinha\/\"><span style=\"color: #99cc00;\">Ca\u00efpirina<\/span><\/a> qui danse la samba\u2026?<\/h3>\n<ul>\n<li><span style=\"color: #99cc00;\"><b>Bar \u00e0 cocktails r\u00e9ceptions<\/b>:<\/span> Envie d\u2019une ambiance originale pour votre soir\u00e9e de mariage ? Vous voulez pimenter cet \u00e9v\u00e9nement exceptionnel avec un <strong>bar \u00e0 cocktails<\/strong> aux couleurs de votre th\u00e8me ?<\/li>\n<li><span style=\"color: #99cc00;\"><b>Ateliers cocktails: <\/b><\/span>Fan de cocktails, vous voulez partager cette passion avec votre entourage ? Ou m\u00eame apprendre \u00e0 r\u00e9aliser certains de vos <strong>cocktails<\/strong> favoris avec du mat\u00e9riel professionnel ?<\/li>\n<li><span style=\"color: #99cc00;\"><b>Bar \u00e0 cocktails \u00e0 domicile pour \u00e9v\u00e8nements priv\u00e9s: <\/b><\/span>Vous en avez assez du stress lorsque vous recevez des amis \u00e0 la maison ? Vous\u00a0 voulez profitez pleinement de la soir\u00e9e et recherchez une solution originale et personnalis\u00e9e \u00ab cl\u00e9 sur porte \u00bb ?<\/li>\n<li><span style=\"color: #99cc00;\"><b>Bar \u00e0 cocktails pour enterrement de vie de gar\u00e7on\/jeune fille:<\/b><\/span> A la recherche d\u2019un enterrement de vie de gar\u00e7on\/jeune fille pas comme les autres ? Vous voulez surprendre le\/la futur(e) mari\u00e9(e) avec une animation fun et conviviale ?<\/li>\n<\/ul>\n<p>Sp\u00e9cialiste du <strong>bar \u00e0 cocktails<\/strong>, Stir it Up organise pour vous le <strong>bar \u00e0 cocktails<\/strong> de votre \u00e9v\u00e9nement avec des prestations \u00e0 la carte : du bar \u00e0 domicile pour un ap\u00e9ritif en comit\u00e9 r\u00e9duit, en passant par la soir\u00e9e anniversaire sur le th\u00e8me Pirates des cara\u00efbes, jusqu\u2019au mariage avec plusieurs centaines d\u2019invit\u00e9s, quel que soit l\u2019\u00e9v\u00e9nement \u00e0 c\u00e9l\u00e9brer, nous avons une solution qui sublimera votre soir\u00e9e et en fera un moment unique !<\/p>\n<p><a href=\"http:\/\/www.stiritup.be\/cocktail\/wp-content\/uploads\/2013\/06\/Stir-it-Up-Cocktail-pour-vos-events-priv\u00e9s.jpg\"><img decoding=\"async\" class=\"size-medium wp-image-1771 alignright\" title=\"Stir it Up Cocktail pour vos events priv\u00e9s\" src=\"https:\/\/www.stiritup.be\/cocktail\/wp-content\/uploads\/2013\/06\/Stir-it-Up-Cocktail-pour-vos-events-priv\u00e9s-300x300.jpg\" alt=\"Stir it Up Cocktail pour vos events priv\u00e9s\" width=\"300\" height=\"300\" srcset=\"https:\/\/www.stiritup.be\/cocktail\/wp-content\/uploads\/2013\/06\/Stir-it-Up-Cocktail-pour-vos-events-priv\u00e9s-66x66.jpg 66w, https:\/\/www.stiritup.be\/cocktail\/wp-content\/uploads\/2013\/06\/Stir-it-Up-Cocktail-pour-vos-events-priv\u00e9s-150x150.jpg 150w, https:\/\/www.stiritup.be\/cocktail\/wp-content\/uploads\/2013\/06\/Stir-it-Up-Cocktail-pour-vos-events-priv\u00e9s-300x300.jpg 300w, https:\/\/www.stiritup.be\/cocktail\/wp-content\/uploads\/2013\/06\/Stir-it-Up-Cocktail-pour-vos-events-priv\u00e9s.jpg 500w\" sizes=\"(max-width: 300px) 100vw, 300px\" \/><\/a><\/p>\n<p>Les prestations de Stir it Up sont personnalisables jusqu\u2019au moindre \u00a0d\u00e9tail, c\u2019est pourquoi nous passons le temps n\u00e9cessaire avec vous pour \u00a0mieux comprendre vos envies et objectifs et vous proposer la formule \u00a0cocktail la plus adapt\u00e9e, ainsi que la carte de cocktails originale qui fera \u00a0de votre soir\u00e9e un \u00e9v\u00e9nement inoubliable.<\/p>\n<h3><span style=\"color: #99cc00;\">\u00a0D\u00e9couvrez tout sur nos diff\u00e9rentes formules :<\/span><\/h3>\n<ul>\n<li><span style=\"color: #99cc00;\"><span style=\"color: #99cc00;\">\u00a0\u00a0<a title=\"Bar \u00e0 cocktails \u00e0 domicile\" href=\"http:\/\/www.stiritup.be\/cocktail\/bar-a-cocktails-pour-particuliers\/bar-cocktail-a-domicile\/\">Bar \u00e0 cocktails \u00e0 domicile<\/a><\/span><br \/>\n<\/span><\/li>\n<li><span style=\"color: #99cc00;\"><span style=\"color: #99cc00;\">\u00a0\u00a0<a title=\"Location de mat\u00e9riel &amp; livraison de cocktails\" href=\"http:\/\/www.stiritup.be\/cocktail\/bar-a-cocktails-pour-particuliers\/location-de-materiel-livraison-de-cocktails\/\">Location de mat\u00e9riel &amp; livraison de cocktails<\/a><\/span><\/span><\/li>\n<li><span style=\"color: #99cc00;\"><span style=\"color: #99cc00;\">\u00a0\u00a0<a title=\"Cocktails workshops\" href=\"http:\/\/www.stiritup.be\/cocktail\/bar-a-cocktails-pour-particuliers\/ateliers-cocktails\/\">Cocktails workshops<\/a><\/span><\/span><\/li>\n<li><span style=\"color: #99cc00;\"><span style=\"color: #99cc00;\">\u00a0\u00a0<a title=\"R\u00e9ceptions &amp; \u00e9v\u00e8nements\" href=\"http:\/\/www.stiritup.be\/cocktail\/bar-a-cocktails-pour-particuliers\/receptions-evenements-cocktails\/\">R\u00e9ceptions &amp; \u00e9v\u00e8nements<\/a><\/span><br \/>\n<\/span><\/li>\n<\/ul>\n<p>&nbsp;<\/p>\n<div class=\"fusion-fullwidth fullwidth-box fusion-builder-row-1 hundred-percent-fullwidth non-hundred-percent-height-scrolling\" style=\"--awb-border-radius-top-left:0px;--awb-border-radius-top-right:0px;--awb-border-radius-bottom-right:0px;--awb-border-radius-bottom-left:0px;--awb-overflow:visible;--awb-flex-wrap:wrap;\" ><div class=\"fusion-builder-row fusion-row\"><div class=\"fusion-layout-column fusion_builder_column fusion-builder-column-0 fusion_builder_column_1_1 1_1 fusion-one-full fusion-column-first fusion-column-last fusion-column-no-min-height\" style=\"--awb-bg-size:cover;--awb-margin-bottom:0px;\"><div class=\"fusion-column-wrapper fusion-flex-column-wrapper-legacy\"><div class=\"fusion-button-wrapper\"><a class=\"fusion-button button-flat button-large or small button-e.g. green fusion-button-e.g. green button-1 fusion-button-default-span fusion-button-default-type\" target=\"_parent\" href=\"\/cocktail\/contact\/\"><span class=\"fusion-button-text\">Contactez-nous<\/span><\/a><\/div><div class=\"fusion-clearfix\"><\/div><\/div><\/div><\/div><\/div>\n","protected":false},"excerpt":{"rendered":"<p>Bar \u00e0 cocktails pour vos \u00e9v\u00e8nements priv\u00e9s De retour de vacances, vous r\u00eavez de bars \u00e0 cocktails ? le go\u00fbt de la Margarita vous manque ? Vous voulez red\u00e9couvrir un [&hellip;]<\/p>\n","protected":false},"author":3,"featured_media":0,"parent":0,"menu_order":0,"comment_status":"closed","ping_status":"open","template":"","meta":{"footnotes":""},"yoast_head":"<!-- This site is optimized with the Yoast SEO plugin v21.4 - https:\/\/yoast.com\/wordpress\/plugins\/seo\/ -->\n<title>bar \u00e0 cocktails pour \u00e9v\u00e8nements priv\u00e9s - bar \u00e0 cocktails Stir it up<\/title>\n<meta name=\"description\" content=\"Bar \u00e0 cocktails pour \u00e9v\u00e8nements priv\u00e9s; solutions bar cocktails de r\u00e9ceptions, pour \u00e9v\u00e8nements priv\u00e9s, pour enterrement de vie de gar\u00e7on ou de jeune fille.\" \/>\n<meta name=\"robots\" content=\"index, follow, max-snippet:-1, max-image-preview:large, max-video-preview:-1\" \/>\n<link rel=\"canonical\" href=\"https:\/\/www.stiritup.be\/cocktail\/bar-a-cocktails-pour-particuliers\/\" \/>\n<meta property=\"og:locale\" content=\"en_US\" \/>\n<meta property=\"og:type\" content=\"article\" \/>\n<meta property=\"og:title\" content=\"bar \u00e0 cocktails pour \u00e9v\u00e8nements priv\u00e9s - bar \u00e0 cocktails Stir it up\" \/>\n<meta property=\"og:description\" content=\"Bar \u00e0 cocktails pour \u00e9v\u00e8nements priv\u00e9s; solutions bar cocktails de r\u00e9ceptions, pour \u00e9v\u00e8nements priv\u00e9s, pour enterrement de vie de gar\u00e7on ou de jeune fille.\" \/>\n<meta property=\"og:url\" content=\"https:\/\/www.stiritup.be\/cocktail\/bar-a-cocktails-pour-particuliers\/\" \/>\n<meta property=\"og:site_name\" content=\"Stir It Up - Cocktail\" \/>\n<meta property=\"article:publisher\" content=\"https:\/\/www.facebook.com\/StiritupCocktails\" \/>\n<meta property=\"article:modified_time\" content=\"2016-11-17T09:33:52+00:00\" \/>\n<meta property=\"og:image\" content=\"http:\/\/www.stiritup.be\/cocktail\/wp-content\/uploads\/2013\/09\/Slider_particuliers.png\" \/>\n<meta name=\"twitter:label1\" content=\"Est. reading time\" \/>\n\t<meta name=\"twitter:data1\" content=\"2 minutes\" \/>\n<script type=\"application\/ld+json\" class=\"yoast-schema-graph\">{\"@context\":\"https:\/\/schema.org\",\"@graph\":[{\"@type\":\"WebPage\",\"@id\":\"https:\/\/www.stiritup.be\/cocktail\/bar-a-cocktails-pour-particuliers\/\",\"url\":\"https:\/\/www.stiritup.be\/cocktail\/bar-a-cocktails-pour-particuliers\/\",\"name\":\"bar \u00e0 cocktails pour \u00e9v\u00e8nements priv\u00e9s - bar \u00e0 cocktails Stir it up\",\"isPartOf\":{\"@id\":\"https:\/\/www.stiritup.be\/cocktail\/#website\"},\"datePublished\":\"2013-06-08T14:43:44+00:00\",\"dateModified\":\"2016-11-17T09:33:52+00:00\",\"description\":\"Bar \u00e0 cocktails pour \u00e9v\u00e8nements priv\u00e9s; solutions bar cocktails de r\u00e9ceptions, pour \u00e9v\u00e8nements priv\u00e9s, pour enterrement de vie de gar\u00e7on ou de jeune fille.\",\"breadcrumb\":{\"@id\":\"https:\/\/www.stiritup.be\/cocktail\/bar-a-cocktails-pour-particuliers\/#breadcrumb\"},\"inLanguage\":\"en-US\",\"potentialAction\":[{\"@type\":\"ReadAction\",\"target\":[\"https:\/\/www.stiritup.be\/cocktail\/bar-a-cocktails-pour-particuliers\/\"]}]},{\"@type\":\"BreadcrumbList\",\"@id\":\"https:\/\/www.stiritup.be\/cocktail\/bar-a-cocktails-pour-particuliers\/#breadcrumb\",\"itemListElement\":[{\"@type\":\"ListItem\",\"position\":1,\"name\":\"Home\",\"item\":\"https:\/\/www.stiritup.be\/cocktail\/\"},{\"@type\":\"ListItem\",\"position\":2,\"name\":\"Bar \u00e0 cocktails pour particuliers\"}]},{\"@type\":\"WebSite\",\"@id\":\"https:\/\/www.stiritup.be\/cocktail\/#website\",\"url\":\"https:\/\/www.stiritup.be\/cocktail\/\",\"name\":\"Stir It Up - Cocktail\",\"description\":\"Cocktails bartending\",\"potentialAction\":[{\"@type\":\"SearchAction\",\"target\":{\"@type\":\"EntryPoint\",\"urlTemplate\":\"https:\/\/www.stiritup.be\/cocktail\/?s={search_term_string}\"},\"query-input\":\"required name=search_term_string\"}],\"inLanguage\":\"en-US\"}]}<\/script>\n<!-- \/ Yoast SEO plugin. -->","yoast_head_json":{"title":"bar \u00e0 cocktails pour \u00e9v\u00e8nements priv\u00e9s - bar \u00e0 cocktails Stir it up","description":"Bar \u00e0 cocktails pour \u00e9v\u00e8nements priv\u00e9s; solutions bar cocktails de r\u00e9ceptions, pour \u00e9v\u00e8nements priv\u00e9s, pour enterrement de vie de gar\u00e7on ou de jeune fille.","robots":{"index":"index","follow":"follow","max-snippet":"max-snippet:-1","max-image-preview":"max-image-preview:large","max-video-preview":"max-video-preview:-1"},"canonical":"https:\/\/www.stiritup.be\/cocktail\/bar-a-cocktails-pour-particuliers\/","og_locale":"en_US","og_type":"article","og_title":"bar \u00e0 cocktails pour \u00e9v\u00e8nements priv\u00e9s - bar \u00e0 cocktails Stir it up","og_description":"Bar \u00e0 cocktails pour \u00e9v\u00e8nements priv\u00e9s; solutions bar cocktails de r\u00e9ceptions, pour \u00e9v\u00e8nements priv\u00e9s, pour enterrement de vie de gar\u00e7on ou de jeune fille.","og_url":"https:\/\/www.stiritup.be\/cocktail\/bar-a-cocktails-pour-particuliers\/","og_site_name":"Stir It Up - Cocktail","article_publisher":"https:\/\/www.facebook.com\/StiritupCocktails","article_modified_time":"2016-11-17T09:33:52+00:00","og_image":[{"url":"http:\/\/www.stiritup.be\/cocktail\/wp-content\/uploads\/2013\/09\/Slider_particuliers.png"}],"twitter_misc":{"Est. reading time":"2 minutes"},"schema":{"@context":"https:\/\/schema.org","@graph":[{"@type":"WebPage","@id":"https:\/\/www.stiritup.be\/cocktail\/bar-a-cocktails-pour-particuliers\/","url":"https:\/\/www.stiritup.be\/cocktail\/bar-a-cocktails-pour-particuliers\/","name":"bar \u00e0 cocktails pour \u00e9v\u00e8nements priv\u00e9s - bar \u00e0 cocktails Stir it up","isPartOf":{"@id":"https:\/\/www.stiritup.be\/cocktail\/#website"},"datePublished":"2013-06-08T14:43:44+00:00","dateModified":"2016-11-17T09:33:52+00:00","description":"Bar \u00e0 cocktails pour \u00e9v\u00e8nements priv\u00e9s; solutions bar cocktails de r\u00e9ceptions, pour \u00e9v\u00e8nements priv\u00e9s, pour enterrement de vie de gar\u00e7on ou de jeune fille.","breadcrumb":{"@id":"https:\/\/www.stiritup.be\/cocktail\/bar-a-cocktails-pour-particuliers\/#breadcrumb"},"inLanguage":"en-US","potentialAction":[{"@type":"ReadAction","target":["https:\/\/www.stiritup.be\/cocktail\/bar-a-cocktails-pour-particuliers\/"]}]},{"@type":"BreadcrumbList","@id":"https:\/\/www.stiritup.be\/cocktail\/bar-a-cocktails-pour-particuliers\/#breadcrumb","itemListElement":[{"@type":"ListItem","position":1,"name":"Home","item":"https:\/\/www.stiritup.be\/cocktail\/"},{"@type":"ListItem","position":2,"name":"Bar \u00e0 cocktails pour particuliers"}]},{"@type":"WebSite","@id":"https:\/\/www.stiritup.be\/cocktail\/#website","url":"https:\/\/www.stiritup.be\/cocktail\/","name":"Stir It Up - Cocktail","description":"Cocktails bartending","potentialAction":[{"@type":"SearchAction","target":{"@type":"EntryPoint","urlTemplate":"https:\/\/www.stiritup.be\/cocktail\/?s={search_term_string}"},"query-input":"required name=search_term_string"}],"inLanguage":"en-US"}]}},"_links":{"self":[{"href":"https:\/\/www.stiritup.be\/cocktail\/wp-json\/wp\/v2\/pages\/90"}],"collection":[{"href":"https:\/\/www.stiritup.be\/cocktail\/wp-json\/wp\/v2\/pages"}],"about":[{"href":"https:\/\/www.stiritup.be\/cocktail\/wp-json\/wp\/v2\/types\/page"}],"author":[{"embeddable":true,"href":"https:\/\/www.stiritup.be\/cocktail\/wp-json\/wp\/v2\/users\/3"}],"replies":[{"embeddable":true,"href":"https:\/\/www.stiritup.be\/cocktail\/wp-json\/wp\/v2\/comments?post=90"}],"version-history":[{"count":0,"href":"https:\/\/www.stiritup.be\/cocktail\/wp-json\/wp\/v2\/pages\/90\/revisions"}],"wp:attachment":[{"href":"https:\/\/www.stiritup.be\/cocktail\/wp-json\/wp\/v2\/media?parent=90"}],"curies":[{"name":"wp","href":"https:\/\/api.w.org\/{rel}","templated":true}]}}