{"id":497,"date":"2013-10-17T09:18:33","date_gmt":"2013-10-17T08:18:33","guid":{"rendered":"http:\/\/www.jetest.be\/stiritup\/?page_id=497"},"modified":"2016-11-17T10:33:52","modified_gmt":"2016-11-17T09:33:52","slug":"cocktail-lequipe-stir-it-up","status":"publish","type":"page","link":"https:\/\/www.stiritup.be\/cocktail\/a-propos-de-nous\/cocktail-lequipe-stir-it-up\/","title":{"rendered":"Notre \u00e9quipe"},"content":{"rendered":"<div class=\"fusion-fullwidth fullwidth-box fusion-builder-row-1 nonhundred-percent-fullwidth non-hundred-percent-height-scrolling\" style=\"--awb-background-position:left top;--awb-border-radius-top-left:0px;--awb-border-radius-top-right:0px;--awb-border-radius-bottom-right:0px;--awb-border-radius-bottom-left:0px;--awb-padding-top:20px;--awb-padding-right:0px;--awb-padding-bottom:20px;--awb-padding-left:0px;--awb-border-sizes-top:0px;--awb-border-sizes-bottom:0px;--awb-flex-wrap:wrap;\" ><div class=\"fusion-builder-row fusion-row\"><div class=\"fusion-layout-column fusion_builder_column fusion-builder-column-0 fusion_builder_column_1_1 1_1 fusion-one-full fusion-column-first fusion-column-last fusion-column-no-min-height\" style=\"--awb-bg-size:cover;--awb-margin-bottom:0px;\"><div class=\"fusion-column-wrapper fusion-flex-column-wrapper-legacy\"><div class=\"fusion-text fusion-text-1\"><h2><span style=\"color: #99cc00;\">L&#8217;\u00e9quipe Stir it Up<\/span><\/h2>\n<\/div><div class=\"fusion-clearfix\"><\/div><\/div><\/div><div class=\"fusion-layout-column fusion_builder_column fusion-builder-column-1 fusion_builder_column_1_5 1_5 fusion-one-fifth fusion-column-first\" style=\"--awb-bg-size:cover;width:16.8%; margin-right: 4%;\"><div class=\"fusion-column-wrapper fusion-flex-column-wrapper-legacy\"><div class=\"fusion-person person fusion-person-left fusion-person-1 fusion-person-icon-top\" style=\"--awb-pic-style-color:#81d742;--awb-pic-borderradius:0px;--awb-margin-top:0px;--awb-margin-right:0px;--awb-margin-bottom:0px;--awb-margin-left:0px;--awb-social-box-border-top:0px;--awb-social-box-border-right:0px;--awb-social-box-border-bottom:0px;--awb-social-box-border-left:0px;--awb-social-box-border-color:var(--awb-color3);--awb-social-box-border-color-hover:var(--awb-color4);--awb-social-box-colors-hover:rgba(232,232,232,0.8);--awb-social-icon-boxed-colors:#e8e8e8;--awb-social-icon-colors:#bebdbd;--awb-social-icon-colors-hover:rgba(190,189,189,0.8);\"><div class=\"person-shortcode-image-wrapper\"><div class=\"person-image-container hover-type-none glow\" style=\"border:0px solid #f6f6f6;-webkit-box-shadow: 0 0 3px rgba(129,215,66,0.3);box-shadow: 0 0 3px rgba(129,215,66,0.3);-webkit-border-radius:0px;-moz-border-radius:0px;border-radius:0px;\"><img decoding=\"async\" class=\"person-img img-responsive\" src=\"https:\/\/www.stiritup.be\/cocktail\/wp-content\/uploads\/2013\/10\/Rapha\u00ebl-fondateur-Stir-it-Up-cocktails-158x300.jpg\" alt=\"Rapha\u00ebl\" \/><\/div><\/div><div class=\"person-desc\"><div class=\"person-author\"><div class=\"person-author-wrapper\"><span class=\"person-name\">Rapha\u00ebl<\/span><span class=\"person-title\">Fondateur Stir It Up<\/span><\/div><\/div><div class=\"person-content fusion-clearfix\"><\/div><\/div><\/div><div class=\"fusion-clearfix\"><\/div><\/div><\/div><div class=\"fusion-layout-column fusion_builder_column fusion-builder-column-2 fusion_builder_column_1_5 1_5 fusion-one-fifth\" style=\"--awb-bg-size:cover;width:16.8%; margin-right: 4%;\"><div class=\"fusion-column-wrapper fusion-flex-column-wrapper-legacy\"><div class=\"fusion-person person fusion-person-left fusion-person-2 fusion-person-icon-top\" style=\"--awb-pic-style-color:#000000;--awb-pic-borderradius:0px;--awb-margin-top:0px;--awb-margin-right:0px;--awb-margin-bottom:0px;--awb-margin-left:0px;--awb-social-box-border-top:0px;--awb-social-box-border-right:0px;--awb-social-box-border-bottom:0px;--awb-social-box-border-left:0px;--awb-social-box-border-color:var(--awb-color3);--awb-social-box-border-color-hover:var(--awb-color4);--awb-social-box-colors-hover:rgba(232,232,232,0.8);--awb-social-icon-boxed-colors:#e8e8e8;--awb-social-icon-colors:#bebdbd;--awb-social-icon-colors-hover:rgba(190,189,189,0.8);\"><div class=\"person-shortcode-image-wrapper\"><div class=\"person-image-container hover-type-none\" style=\"border:0px solid #f6f6f6;-webkit-border-radius:0px;-moz-border-radius:0px;border-radius:0px;\"><img decoding=\"async\" class=\"person-img img-responsive\" src=\"https:\/\/www.stiritup.be\/cocktail\/wp-content\/uploads\/2013\/10\/Benjamin-barman-cocktail-Stir-it-Up-2-159x300.jpg\" alt=\"Ben\" \/><\/div><\/div><div class=\"person-desc\"><div class=\"person-author\"><div class=\"person-author-wrapper\"><span class=\"person-name\">Ben<\/span><span class=\"person-title\">Barman Cocktail Stir It Up<\/span><\/div><\/div><div class=\"person-content fusion-clearfix\"><\/div><\/div><\/div><div class=\"fusion-clearfix\"><\/div><\/div><\/div><div class=\"fusion-layout-column fusion_builder_column fusion-builder-column-3 fusion_builder_column_1_5 1_5 fusion-one-fifth\" style=\"--awb-bg-size:cover;width:16.8%; margin-right: 4%;\"><div class=\"fusion-column-wrapper fusion-flex-column-wrapper-legacy\"><div class=\"fusion-person person fusion-person-left fusion-person-3 fusion-person-icon-top\" style=\"--awb-pic-style-color:#000000;--awb-pic-borderradius:0px;--awb-margin-top:0px;--awb-margin-right:0px;--awb-margin-bottom:0px;--awb-margin-left:0px;--awb-social-box-border-top:0px;--awb-social-box-border-right:0px;--awb-social-box-border-bottom:0px;--awb-social-box-border-left:0px;--awb-social-box-border-color:var(--awb-color3);--awb-social-box-border-color-hover:var(--awb-color4);--awb-social-box-colors-hover:rgba(232,232,232,0.8);--awb-social-icon-boxed-colors:#e8e8e8;--awb-social-icon-colors:#bebdbd;--awb-social-icon-colors-hover:rgba(190,189,189,0.8);\"><div class=\"person-shortcode-image-wrapper\"><div class=\"person-image-container hover-type-none\" style=\"border:0px solid #f6f6f6;-webkit-border-radius:0px;-moz-border-radius:0px;border-radius:0px;\"><img decoding=\"async\" class=\"person-img img-responsive\" src=\"https:\/\/www.stiritup.be\/cocktail\/wp-content\/uploads\/2013\/10\/Miguel-barman-cocktail-Stir-it-Up-148x300.jpg\" alt=\"Miguel\" \/><\/div><\/div><div class=\"person-desc\"><div class=\"person-author\"><div class=\"person-author-wrapper\"><span class=\"person-name\">Miguel<\/span><span class=\"person-title\">Barman Cocktail Stir It Up<\/span><\/div><\/div><div class=\"person-content fusion-clearfix\"><\/div><\/div><\/div><div class=\"fusion-clearfix\"><\/div><\/div><\/div><div class=\"fusion-layout-column fusion_builder_column fusion-builder-column-4 fusion_builder_column_1_5 1_5 fusion-one-fifth\" style=\"--awb-bg-size:cover;width:16.8%; margin-right: 4%;\"><div class=\"fusion-column-wrapper fusion-flex-column-wrapper-legacy\"><div class=\"fusion-person person fusion-person-left fusion-person-4 fusion-person-icon-top\" style=\"--awb-pic-style-color:#000000;--awb-pic-borderradius:0px;--awb-margin-top:0px;--awb-margin-right:0px;--awb-margin-bottom:0px;--awb-margin-left:0px;--awb-social-box-border-top:0px;--awb-social-box-border-right:0px;--awb-social-box-border-bottom:0px;--awb-social-box-border-left:0px;--awb-social-box-border-color:var(--awb-color3);--awb-social-box-border-color-hover:var(--awb-color4);--awb-social-box-colors-hover:rgba(232,232,232,0.8);--awb-social-icon-boxed-colors:#e8e8e8;--awb-social-icon-colors:#bebdbd;--awb-social-icon-colors-hover:rgba(190,189,189,0.8);\"><div class=\"person-shortcode-image-wrapper\"><div class=\"person-image-container hover-type-none\" style=\"border:0px solid #f6f6f6;-webkit-border-radius:0px;-moz-border-radius:0px;border-radius:0px;\"><img decoding=\"async\" class=\"person-img img-responsive\" src=\"https:\/\/www.stiritup.be\/cocktail\/wp-content\/uploads\/2013\/10\/Adrian-barman-cocktail-Stir-it-Up-180x3001-159x300.jpg\" alt=\"Adrian\" \/><\/div><\/div><div class=\"person-desc\"><div class=\"person-author\"><div class=\"person-author-wrapper\"><span class=\"person-name\">Adrian<\/span><span class=\"person-title\">Barman Cocktail Stir It Up<\/span><\/div><\/div><div class=\"person-content fusion-clearfix\"><\/div><\/div><\/div><div class=\"fusion-clearfix\"><\/div><\/div><\/div><div class=\"fusion-layout-column fusion_builder_column fusion-builder-column-5 fusion_builder_column_1_5 1_5 fusion-one-fifth fusion-column-last\" style=\"--awb-bg-size:cover;width:16.8%;\"><div class=\"fusion-column-wrapper fusion-flex-column-wrapper-legacy\"><div class=\"fusion-person person fusion-person-left fusion-person-5 fusion-person-icon-top\" style=\"--awb-pic-style-color:#000000;--awb-pic-borderradius:0px;--awb-margin-top:0px;--awb-margin-right:0px;--awb-margin-bottom:0px;--awb-margin-left:0px;--awb-social-box-border-top:0px;--awb-social-box-border-right:0px;--awb-social-box-border-bottom:0px;--awb-social-box-border-left:0px;--awb-social-box-border-color:var(--awb-color3);--awb-social-box-border-color-hover:var(--awb-color4);--awb-social-box-colors-hover:rgba(232,232,232,0.8);--awb-social-icon-boxed-colors:#e8e8e8;--awb-social-icon-colors:#bebdbd;--awb-social-icon-colors-hover:rgba(190,189,189,0.8);\"><div class=\"person-shortcode-image-wrapper\"><div class=\"person-image-container hover-type-none\" style=\"border:0px solid #f6f6f6;-webkit-border-radius:0px;-moz-border-radius:0px;border-radius:0px;\"><img decoding=\"async\" class=\"person-img img-responsive\" src=\"https:\/\/www.stiritup.be\/cocktail\/wp-content\/uploads\/2013\/10\/Francois-Xavier-logistique-cocktail-Stir-it-Up-172x300-159x300.jpg\" alt=\"Fran\u00e7ois-Xavier\" \/><\/div><\/div><div class=\"person-desc\"><div class=\"person-author\"><div class=\"person-author-wrapper\"><span class=\"person-name\">Fran\u00e7ois-Xavier<\/span><span class=\"person-title\">Logistique Stir It Up<\/span><\/div><\/div><div class=\"person-content fusion-clearfix\"><\/div><\/div><\/div><div class=\"fusion-clearfix\"><\/div><\/div><\/div><div class=\"fusion-layout-column fusion_builder_column fusion-builder-column-6 fusion_builder_column_1_1 1_1 fusion-one-full fusion-column-first fusion-column-last fusion-column-no-min-height\" style=\"--awb-bg-size:cover;--awb-margin-bottom:0px;\"><div class=\"fusion-column-wrapper fusion-flex-column-wrapper-legacy\"><div class=\"fusion-text fusion-text-2\"><h4>Curieux de d\u00e9couvrir\u00a0des photos de notre \u00e9quipe en action ? Visitez la partie <a title=\"Blog\" href=\"http:\/\/www.stiritup.be\/cocktail\/news\/\" target=\"_blank\">Blog<\/a> de notre site !<\/h4>\n<\/div><div class=\"fusion-text fusion-text-3\"><h3><span style=\"color: #99cc00;\">Partenaires r\u00e9currents :<\/span><\/h3>\n<p>Selon les projets, nous travaillons en collaboration avec des sous-traitants ind\u00e9pendants sp\u00e9cialis\u00e9s, ou des collaborateurs fid\u00e8les \u00e0 Stir it Up pour des missions ponctuelles.<\/p>\n<\/div><div class=\"fusion-clearfix\"><\/div><\/div><\/div><div class=\"fusion-layout-column fusion_builder_column fusion-builder-column-7 fusion_builder_column_1_1 1_1 fusion-one-full fusion-column-first fusion-column-last fusion-column-no-min-height\" style=\"--awb-bg-size:cover;--awb-margin-bottom:0px;\"><div class=\"fusion-column-wrapper fusion-flex-column-wrapper-legacy\">[fusion_flip_boxes columns=&#8221;4&#8243; class=&#8221;&#8221; id=&#8221;&#8221;][fusion_flip_box title_front=&#8221;Namur Events&#8221; title_back=&#8221;&#8221; text_front=&#8221;&#8221; background_color_front=&#8221;&#8221; title_front_color=&#8221;&#8221; text_front_color=&#8221;&#8221; background_color_back=&#8221;&#8221; title_back_color=&#8221;&#8221; text_back_color=&#8221;&#8221; border_size=&#8221;1px&#8221; border_color=&#8221;&#8221; border_radius=&#8221;4px&#8221; icon=&#8221;&#8221; icon_color=&#8221;&#8221; circle=&#8221;yes&#8221; circle_color=&#8221;&#8221; circle_border_color=&#8221;&#8221; icon_flip=&#8221;&#8221; icon_rotate=&#8221;&#8221; icon_spin=&#8221;yes&#8221; image=&#8221;http:\/\/www.stiritup.be\/cocktail\/wp-content\/uploads\/2013\/10\/Les-ap\u00e9ros-namurois.jpg&#8221; image_width=&#8221;100&#8243; image_height=&#8221;100&#8243; animation_type=&#8221;bounce&#8221; animation_direction=&#8221;down&#8221; animation_speed=&#8221;1&#8243;]<a href=\"http:\/\/www.stiritup.be\/cocktail\/wp-content\/uploads\/2013\/10\/Les-ap\u00e9ros-namurois.jpg\"><img decoding=\"async\" class=\"alignnone size-full wp-image-2007\" src=\"https:\/\/www.stiritup.be\/cocktail\/wp-content\/uploads\/2013\/10\/Les-ap\u00e9ros-namurois.jpg\" alt=\"Les ap\u00e9ros namurois\" width=\"80\" height=\"80\" srcset=\"https:\/\/www.stiritup.be\/cocktail\/wp-content\/uploads\/2013\/10\/Les-ap\u00e9ros-namurois-66x66.jpg 66w, https:\/\/www.stiritup.be\/cocktail\/wp-content\/uploads\/2013\/10\/Les-ap\u00e9ros-namurois.jpg 80w\" sizes=\"(max-width: 80px) 100vw, 80px\" \/><\/a>[\/fusion_flip_box][fusion_flip_box title_front=&#8221;Loungeatude&#8221; title_back=&#8221;&#8221; text_front=&#8221;&#8221; background_color_front=&#8221;&#8221; title_front_color=&#8221;&#8221; text_front_color=&#8221;&#8221; background_color_back=&#8221;&#8221; title_back_color=&#8221;&#8221; text_back_color=&#8221;&#8221; border_size=&#8221;1px&#8221; border_color=&#8221;&#8221; border_radius=&#8221;4px&#8221; icon=&#8221;&#8221; icon_color=&#8221;&#8221; circle=&#8221;yes&#8221; circle_color=&#8221;&#8221; circle_border_color=&#8221;&#8221; icon_flip=&#8221;&#8221; icon_rotate=&#8221;&#8221; icon_spin=&#8221;yes&#8221; image=&#8221;http:\/\/www.stiritup.be\/cocktail\/wp-content\/uploads\/2013\/10\/Loungeatude.jpg&#8221; image_width=&#8221;100&#8243; image_height=&#8221;100&#8243; animation_type=&#8221;0&#8243; animation_direction=&#8221;down&#8221; animation_speed=&#8221;1&#8243;]<a href=\"http:\/\/www.stiritup.be\/cocktail\/wp-content\/uploads\/2013\/10\/Loungeatude.jpg\"><img decoding=\"async\" class=\"alignnone size-full wp-image-2008\" src=\"https:\/\/www.stiritup.be\/cocktail\/wp-content\/uploads\/2013\/10\/Loungeatude.jpg\" alt=\"Loungeatude\" width=\"128\" height=\"128\" srcset=\"https:\/\/www.stiritup.be\/cocktail\/wp-content\/uploads\/2013\/10\/Loungeatude-66x66.jpg 66w, https:\/\/www.stiritup.be\/cocktail\/wp-content\/uploads\/2013\/10\/Loungeatude.jpg 128w\" sizes=\"(max-width: 128px) 100vw, 128px\" \/><\/a>[\/fusion_flip_box][fusion_flip_box title_front=&#8221;Marry Me&#8221; title_back=&#8221;&#8221; text_front=&#8221;&#8221; background_color_front=&#8221;&#8221; title_front_color=&#8221;&#8221; text_front_color=&#8221;&#8221; background_color_back=&#8221;&#8221; title_back_color=&#8221;&#8221; text_back_color=&#8221;&#8221; border_size=&#8221;1px&#8221; border_color=&#8221;&#8221; border_radius=&#8221;4px&#8221; icon=&#8221;&#8221; icon_color=&#8221;&#8221; circle=&#8221;yes&#8221; circle_color=&#8221;&#8221; circle_border_color=&#8221;&#8221; icon_flip=&#8221;&#8221; icon_rotate=&#8221;&#8221; icon_spin=&#8221;yes&#8221; image=&#8221;http:\/\/www.stiritup.be\/cocktail\/wp-content\/uploads\/2014\/09\/Logo-marry-me-300&#215;300.jpg&#8221; image_width=&#8221;100&#8243; image_height=&#8221;100&#8243; animation_type=&#8221;0&#8243; animation_direction=&#8221;down&#8221; animation_speed=&#8221;1&#8243;]<a href=\"http:\/\/www.stiritup.be\/cocktail\/wp-content\/uploads\/2014\/09\/Logo-marry-me.jpg\"><img decoding=\"async\" class=\"alignnone size-medium wp-image-1978\" src=\"https:\/\/www.stiritup.be\/cocktail\/wp-content\/uploads\/2014\/09\/Logo-marry-me-300x300.jpg\" alt=\"Logo marry me\" width=\"300\" height=\"300\" srcset=\"https:\/\/www.stiritup.be\/cocktail\/wp-content\/uploads\/2014\/09\/Logo-marry-me-66x66.jpg 66w, https:\/\/www.stiritup.be\/cocktail\/wp-content\/uploads\/2014\/09\/Logo-marry-me-150x150.jpg 150w, https:\/\/www.stiritup.be\/cocktail\/wp-content\/uploads\/2014\/09\/Logo-marry-me-300x300.jpg 300w, https:\/\/www.stiritup.be\/cocktail\/wp-content\/uploads\/2014\/09\/Logo-marry-me.jpg 360w\" sizes=\"(max-width: 300px) 100vw, 300px\" \/><\/a>[\/fusion_flip_box][fusion_flip_box title_front=&#8221;D\u00e9lirium&#8221; title_back=&#8221;&#8221; text_front=&#8221;&#8221; background_color_front=&#8221;&#8221; title_front_color=&#8221;&#8221; text_front_color=&#8221;&#8221; background_color_back=&#8221;&#8221; title_back_color=&#8221;&#8221; text_back_color=&#8221;&#8221; border_size=&#8221;1px&#8221; border_color=&#8221;&#8221; border_radius=&#8221;4px&#8221; icon=&#8221;&#8221; icon_color=&#8221;&#8221; circle=&#8221;yes&#8221; circle_color=&#8221;&#8221; circle_border_color=&#8221;&#8221; icon_flip=&#8221;&#8221; icon_rotate=&#8221;&#8221; icon_spin=&#8221;yes&#8221; image=&#8221;http:\/\/www.stiritup.be\/cocktail\/wp-content\/uploads\/2013\/10\/deliriumcafe.png&#8221; image_width=&#8221;100&#8243; image_height=&#8221;100&#8243; animation_type=&#8221;0&#8243; animation_direction=&#8221;down&#8221; animation_speed=&#8221;1&#8243;]<a href=\"http:\/\/www.stiritup.be\/cocktail\/wp-content\/uploads\/2013\/10\/deliriumcafe.png\"><img decoding=\"async\" class=\"alignnone size-full wp-image-540\" src=\"https:\/\/www.stiritup.be\/cocktail\/wp-content\/uploads\/2013\/10\/deliriumcafe.png\" alt=\"deliriumcafe\" width=\"82\" height=\"124\" \/><\/a>[\/fusion_flip_box][\/fusion_flip_boxes]<div class=\"fusion-clearfix\"><\/div><\/div><\/div><\/div><\/div>\n","protected":false},"excerpt":{"rendered":"","protected":false},"author":3,"featured_media":0,"parent":666,"menu_order":0,"comment_status":"closed","ping_status":"closed","template":"","meta":{"footnotes":""},"yoast_head":"<!-- This site is optimized with the Yoast SEO plugin v21.4 - https:\/\/yoast.com\/wordpress\/plugins\/seo\/ -->\n<title>Notre \u00e9quipe - Stir It Up - Cocktail<\/title>\n<meta name=\"robots\" content=\"index, follow, max-snippet:-1, max-image-preview:large, max-video-preview:-1\" \/>\n<link rel=\"canonical\" href=\"https:\/\/www.stiritup.be\/cocktail\/a-propos-de-nous\/cocktail-lequipe-stir-it-up\/\" \/>\n<meta property=\"og:locale\" content=\"en_US\" \/>\n<meta property=\"og:type\" content=\"article\" \/>\n<meta property=\"og:title\" content=\"Notre \u00e9quipe - Stir It Up - Cocktail\" \/>\n<meta property=\"og:url\" content=\"https:\/\/www.stiritup.be\/cocktail\/a-propos-de-nous\/cocktail-lequipe-stir-it-up\/\" \/>\n<meta property=\"og:site_name\" content=\"Stir It Up - Cocktail\" \/>\n<meta property=\"article:publisher\" content=\"https:\/\/www.facebook.com\/StiritupCocktails\" \/>\n<meta property=\"article:modified_time\" content=\"2016-11-17T09:33:52+00:00\" \/>\n<meta property=\"og:image\" content=\"http:\/\/www.stiritup.be\/cocktail\/wp-content\/uploads\/2013\/10\/Loungeatude.jpg\" \/>\n<meta name=\"twitter:label1\" content=\"Est. reading time\" \/>\n\t<meta name=\"twitter:data1\" content=\"6 minutes\" \/>\n<script type=\"application\/ld+json\" class=\"yoast-schema-graph\">{\"@context\":\"https:\/\/schema.org\",\"@graph\":[{\"@type\":\"WebPage\",\"@id\":\"https:\/\/www.stiritup.be\/cocktail\/a-propos-de-nous\/cocktail-lequipe-stir-it-up\/\",\"url\":\"https:\/\/www.stiritup.be\/cocktail\/a-propos-de-nous\/cocktail-lequipe-stir-it-up\/\",\"name\":\"Notre \u00e9quipe - Stir It Up - Cocktail\",\"isPartOf\":{\"@id\":\"https:\/\/www.stiritup.be\/cocktail\/#website\"},\"datePublished\":\"2013-10-17T08:18:33+00:00\",\"dateModified\":\"2016-11-17T09:33:52+00:00\",\"breadcrumb\":{\"@id\":\"https:\/\/www.stiritup.be\/cocktail\/a-propos-de-nous\/cocktail-lequipe-stir-it-up\/#breadcrumb\"},\"inLanguage\":\"en-US\",\"potentialAction\":[{\"@type\":\"ReadAction\",\"target\":[\"https:\/\/www.stiritup.be\/cocktail\/a-propos-de-nous\/cocktail-lequipe-stir-it-up\/\"]}]},{\"@type\":\"BreadcrumbList\",\"@id\":\"https:\/\/www.stiritup.be\/cocktail\/a-propos-de-nous\/cocktail-lequipe-stir-it-up\/#breadcrumb\",\"itemListElement\":[{\"@type\":\"ListItem\",\"position\":1,\"name\":\"Home\",\"item\":\"https:\/\/www.stiritup.be\/cocktail\/\"},{\"@type\":\"ListItem\",\"position\":2,\"name\":\"A propos de nous\",\"item\":\"https:\/\/www.stiritup.be\/cocktail\/a-propos-de-nous\/\"},{\"@type\":\"ListItem\",\"position\":3,\"name\":\"Notre \u00e9quipe\"}]},{\"@type\":\"WebSite\",\"@id\":\"https:\/\/www.stiritup.be\/cocktail\/#website\",\"url\":\"https:\/\/www.stiritup.be\/cocktail\/\",\"name\":\"Stir It Up - Cocktail\",\"description\":\"Cocktails bartending\",\"potentialAction\":[{\"@type\":\"SearchAction\",\"target\":{\"@type\":\"EntryPoint\",\"urlTemplate\":\"https:\/\/www.stiritup.be\/cocktail\/?s={search_term_string}\"},\"query-input\":\"required name=search_term_string\"}],\"inLanguage\":\"en-US\"}]}<\/script>\n<!-- \/ Yoast SEO plugin. -->","yoast_head_json":{"title":"Notre \u00e9quipe - Stir It Up - Cocktail","robots":{"index":"index","follow":"follow","max-snippet":"max-snippet:-1","max-image-preview":"max-image-preview:large","max-video-preview":"max-video-preview:-1"},"canonical":"https:\/\/www.stiritup.be\/cocktail\/a-propos-de-nous\/cocktail-lequipe-stir-it-up\/","og_locale":"en_US","og_type":"article","og_title":"Notre \u00e9quipe - Stir It Up - Cocktail","og_url":"https:\/\/www.stiritup.be\/cocktail\/a-propos-de-nous\/cocktail-lequipe-stir-it-up\/","og_site_name":"Stir It Up - Cocktail","article_publisher":"https:\/\/www.facebook.com\/StiritupCocktails","article_modified_time":"2016-11-17T09:33:52+00:00","og_image":[{"url":"http:\/\/www.stiritup.be\/cocktail\/wp-content\/uploads\/2013\/10\/Loungeatude.jpg"}],"twitter_misc":{"Est. reading time":"6 minutes"},"schema":{"@context":"https:\/\/schema.org","@graph":[{"@type":"WebPage","@id":"https:\/\/www.stiritup.be\/cocktail\/a-propos-de-nous\/cocktail-lequipe-stir-it-up\/","url":"https:\/\/www.stiritup.be\/cocktail\/a-propos-de-nous\/cocktail-lequipe-stir-it-up\/","name":"Notre \u00e9quipe - Stir It Up - Cocktail","isPartOf":{"@id":"https:\/\/www.stiritup.be\/cocktail\/#website"},"datePublished":"2013-10-17T08:18:33+00:00","dateModified":"2016-11-17T09:33:52+00:00","breadcrumb":{"@id":"https:\/\/www.stiritup.be\/cocktail\/a-propos-de-nous\/cocktail-lequipe-stir-it-up\/#breadcrumb"},"inLanguage":"en-US","potentialAction":[{"@type":"ReadAction","target":["https:\/\/www.stiritup.be\/cocktail\/a-propos-de-nous\/cocktail-lequipe-stir-it-up\/"]}]},{"@type":"BreadcrumbList","@id":"https:\/\/www.stiritup.be\/cocktail\/a-propos-de-nous\/cocktail-lequipe-stir-it-up\/#breadcrumb","itemListElement":[{"@type":"ListItem","position":1,"name":"Home","item":"https:\/\/www.stiritup.be\/cocktail\/"},{"@type":"ListItem","position":2,"name":"A propos de nous","item":"https:\/\/www.stiritup.be\/cocktail\/a-propos-de-nous\/"},{"@type":"ListItem","position":3,"name":"Notre \u00e9quipe"}]},{"@type":"WebSite","@id":"https:\/\/www.stiritup.be\/cocktail\/#website","url":"https:\/\/www.stiritup.be\/cocktail\/","name":"Stir It Up - Cocktail","description":"Cocktails bartending","potentialAction":[{"@type":"SearchAction","target":{"@type":"EntryPoint","urlTemplate":"https:\/\/www.stiritup.be\/cocktail\/?s={search_term_string}"},"query-input":"required name=search_term_string"}],"inLanguage":"en-US"}]}},"_links":{"self":[{"href":"https:\/\/www.stiritup.be\/cocktail\/wp-json\/wp\/v2\/pages\/497"}],"collection":[{"href":"https:\/\/www.stiritup.be\/cocktail\/wp-json\/wp\/v2\/pages"}],"about":[{"href":"https:\/\/www.stiritup.be\/cocktail\/wp-json\/wp\/v2\/types\/page"}],"author":[{"embeddable":true,"href":"https:\/\/www.stiritup.be\/cocktail\/wp-json\/wp\/v2\/users\/3"}],"replies":[{"embeddable":true,"href":"https:\/\/www.stiritup.be\/cocktail\/wp-json\/wp\/v2\/comments?post=497"}],"version-history":[{"count":0,"href":"https:\/\/www.stiritup.be\/cocktail\/wp-json\/wp\/v2\/pages\/497\/revisions"}],"up":[{"embeddable":true,"href":"https:\/\/www.stiritup.be\/cocktail\/wp-json\/wp\/v2\/pages\/666"}],"wp:attachment":[{"href":"https:\/\/www.stiritup.be\/cocktail\/wp-json\/wp\/v2\/media?parent=497"}],"curies":[{"name":"wp","href":"https:\/\/api.w.org\/{rel}","templated":true}]}}