{"id":260,"date":"2013-09-12T13:36:14","date_gmt":"2013-09-12T12:36:14","guid":{"rendered":"http:\/\/www.jetest.be\/stiritup\/?page_id=260"},"modified":"2016-11-17T10:33:52","modified_gmt":"2016-11-17T09:33:52","slug":"formation-techniques-cocktail","status":"publish","type":"page","link":"https:\/\/www.stiritup.be\/cocktail\/bar-a-cocktails-entreprises-evenements-professionels\/formation-techniques-cocktail\/","title":{"rendered":"Team buildings &#038; Incentives"},"content":{"rendered":"<h2>Team buildings, incentives, \u00e9v\u00e9nements pour les collaborateurs&#8230;<\/h2>\n<p>Stir it Up participe \u00e0 vos \u00e9v\u00e9nements d&#8217;entreprise \u00e0 destination de vos collaborateurs : bar \u00e0 cocktails th\u00e9matiques ou interactifs pour vos \u00e9v\u00e9nements internes, bar \u00e0 smoothies pour les enfants pour les journ\u00e9es pour les familles, cr\u00e9ation d&#8217;un cocktail aux couleurs de votre organisation pour surprendre vos collaborateurs&#8230;<\/p>\n<p><img decoding=\"async\" class=\"alignnone wp-image-2183 size-thumbnail\" src=\"https:\/\/www.stiritup.be\/cocktail\/wp-content\/uploads\/2014\/12\/Atlier-cocktail-Stir-it-Up-pour-Sasasa-7-150x150.jpg\" alt=\"Atlier cocktail Stir it Up pour Sasasa\" width=\"150\" height=\"150\" \/>\u00a0<img decoding=\"async\" class=\"alignnone wp-image-2178 size-thumbnail\" src=\"https:\/\/www.stiritup.be\/cocktail\/wp-content\/uploads\/2014\/12\/Atelier-cocktail-Stir-it-Up-pour-Sasasa-13-150x150.jpg\" alt=\"Atelier cocktail Stir it Up pour Sasasa 13\" width=\"150\" height=\"150\" srcset=\"https:\/\/www.stiritup.be\/cocktail\/wp-content\/uploads\/2014\/12\/Atelier-cocktail-Stir-it-Up-pour-Sasasa-13-66x66.jpg 66w, https:\/\/www.stiritup.be\/cocktail\/wp-content\/uploads\/2014\/12\/Atelier-cocktail-Stir-it-Up-pour-Sasasa-13-150x150.jpg 150w, https:\/\/www.stiritup.be\/cocktail\/wp-content\/uploads\/2014\/12\/Atelier-cocktail-Stir-it-Up-pour-Sasasa-13-300x298.jpg 300w, https:\/\/www.stiritup.be\/cocktail\/wp-content\/uploads\/2014\/12\/Atelier-cocktail-Stir-it-Up-pour-Sasasa-13-1024x1019.jpg 1024w, https:\/\/www.stiritup.be\/cocktail\/wp-content\/uploads\/2014\/12\/Atelier-cocktail-Stir-it-Up-pour-Sasasa-13.jpg 2359w\" sizes=\"(max-width: 150px) 100vw, 150px\" \/>\u00a0<img decoding=\"async\" class=\"alignnone wp-image-1740 size-thumbnail\" src=\"https:\/\/www.stiritup.be\/cocktail\/wp-content\/uploads\/2014\/06\/Bar-cocktail-chapiteau-Coretec-6-150x150.jpg\" alt=\"Journ\u00e9e pour les familles des collaborateurs de Coretec\" width=\"150\" height=\"150\" srcset=\"https:\/\/www.stiritup.be\/cocktail\/wp-content\/uploads\/2014\/06\/Bar-cocktail-chapiteau-Coretec-6-66x66.jpg 66w, https:\/\/www.stiritup.be\/cocktail\/wp-content\/uploads\/2014\/06\/Bar-cocktail-chapiteau-Coretec-6-150x150.jpg 150w, https:\/\/www.stiritup.be\/cocktail\/wp-content\/uploads\/2014\/06\/Bar-cocktail-chapiteau-Coretec-6.jpg 322w\" sizes=\"(max-width: 150px) 100vw, 150px\" \/>\u00a0<img decoding=\"async\" class=\"alignnone wp-image-1721 size-thumbnail\" src=\"https:\/\/www.stiritup.be\/cocktail\/wp-content\/uploads\/2014\/06\/Bar-ca\u00efpirinha-match-26-juin-@-Edenred-15-150x150.jpg\" alt=\"Bar ca\u00efpirinha Coupe du Monde pour les colaborateurs d'Edenred\" width=\"150\" height=\"150\" srcset=\"https:\/\/www.stiritup.be\/cocktail\/wp-content\/uploads\/2014\/06\/Bar-ca\u00efpirinha-match-26-juin-@-Edenred-15-66x66.jpg 66w, https:\/\/www.stiritup.be\/cocktail\/wp-content\/uploads\/2014\/06\/Bar-ca\u00efpirinha-match-26-juin-@-Edenred-15-150x150.jpg 150w, https:\/\/www.stiritup.be\/cocktail\/wp-content\/uploads\/2014\/06\/Bar-ca\u00efpirinha-match-26-juin-@-Edenred-15.jpg 464w\" sizes=\"(max-width: 150px) 100vw, 150px\" \/>\u00a0<img decoding=\"async\" class=\"alignnone wp-image-1717 size-thumbnail\" src=\"https:\/\/www.stiritup.be\/cocktail\/wp-content\/uploads\/2014\/06\/Bar-ca\u00efpirinha-match-26-juin-@-Edenred-11-150x150.jpg\" alt=\"Bar ca\u00efpirinha soir\u00e9e Coupe du Monde pour les collaborateurs d'Edenred\" width=\"150\" height=\"150\" srcset=\"https:\/\/www.stiritup.be\/cocktail\/wp-content\/uploads\/2014\/06\/Bar-ca\u00efpirinha-match-26-juin-@-Edenred-11-66x66.jpg 66w, https:\/\/www.stiritup.be\/cocktail\/wp-content\/uploads\/2014\/06\/Bar-ca\u00efpirinha-match-26-juin-@-Edenred-11-150x150.jpg 150w, https:\/\/www.stiritup.be\/cocktail\/wp-content\/uploads\/2014\/06\/Bar-ca\u00efpirinha-match-26-juin-@-Edenred-11.jpg 3434w\" sizes=\"(max-width: 150px) 100vw, 150px\" \/>\u00a0<img decoding=\"async\" class=\"alignnone wp-image-1710 size-thumbnail\" src=\"https:\/\/www.stiritup.be\/cocktail\/wp-content\/uploads\/2014\/06\/Bar-ca\u00efpirinha-match-26-juin-@-Edenred-3-150x150.jpg\" alt=\"Bar ca\u00efpirinha match 26 juin @ Edenred 3\" width=\"150\" height=\"150\" srcset=\"https:\/\/www.stiritup.be\/cocktail\/wp-content\/uploads\/2014\/06\/Bar-ca\u00efpirinha-match-26-juin-@-Edenred-3-66x66.jpg 66w, https:\/\/www.stiritup.be\/cocktail\/wp-content\/uploads\/2014\/06\/Bar-ca\u00efpirinha-match-26-juin-@-Edenred-3-150x150.jpg 150w, https:\/\/www.stiritup.be\/cocktail\/wp-content\/uploads\/2014\/06\/Bar-ca\u00efpirinha-match-26-juin-@-Edenred-3.jpg 464w\" sizes=\"(max-width: 150px) 100vw, 150px\" \/><\/p>\n<p><img decoding=\"async\" class=\"alignnone wp-image-1646 size-thumbnail\" src=\"https:\/\/www.stiritup.be\/cocktail\/wp-content\/uploads\/2014\/06\/Cocktail-Stir-it-Up-@-Team-event-Davidson-14-150x150.jpg\" alt=\"Cocktail Stir it Up @ Team event Davidson 14\" width=\"150\" height=\"150\" srcset=\"https:\/\/www.stiritup.be\/cocktail\/wp-content\/uploads\/2014\/06\/Cocktail-Stir-it-Up-@-Team-event-Davidson-14-66x66.jpg 66w, https:\/\/www.stiritup.be\/cocktail\/wp-content\/uploads\/2014\/06\/Cocktail-Stir-it-Up-@-Team-event-Davidson-14-150x150.jpg 150w, https:\/\/www.stiritup.be\/cocktail\/wp-content\/uploads\/2014\/06\/Cocktail-Stir-it-Up-@-Team-event-Davidson-14.jpg 322w\" sizes=\"(max-width: 150px) 100vw, 150px\" \/>\u00a0<img decoding=\"async\" class=\"alignnone wp-image-1631 size-thumbnail\" src=\"https:\/\/www.stiritup.be\/cocktail\/wp-content\/uploads\/2014\/06\/Cocktail-Stir-it-Up-@-Team-event-Davidson-3-150x150.jpg\" alt=\"Cocktail Stir it Up @ Team event Davidson 3\" width=\"150\" height=\"150\" srcset=\"https:\/\/www.stiritup.be\/cocktail\/wp-content\/uploads\/2014\/06\/Cocktail-Stir-it-Up-@-Team-event-Davidson-3-66x66.jpg 66w, https:\/\/www.stiritup.be\/cocktail\/wp-content\/uploads\/2014\/06\/Cocktail-Stir-it-Up-@-Team-event-Davidson-3-150x150.jpg 150w, https:\/\/www.stiritup.be\/cocktail\/wp-content\/uploads\/2014\/06\/Cocktail-Stir-it-Up-@-Team-event-Davidson-3.jpg 3864w\" sizes=\"(max-width: 150px) 100vw, 150px\" \/>\u00a0<img decoding=\"async\" class=\"alignnone wp-image-2028 size-thumbnail\" src=\"https:\/\/www.stiritup.be\/cocktail\/wp-content\/uploads\/2014\/09\/Stir-it-Up-cocktail-workshop-for-SD-Worx-004-150x150.jpg\" alt=\"Stir it Up cocktail workshop for SD Worx 004\" width=\"150\" height=\"150\" srcset=\"https:\/\/www.stiritup.be\/cocktail\/wp-content\/uploads\/2014\/09\/Stir-it-Up-cocktail-workshop-for-SD-Worx-004-66x66.jpg 66w, https:\/\/www.stiritup.be\/cocktail\/wp-content\/uploads\/2014\/09\/Stir-it-Up-cocktail-workshop-for-SD-Worx-004-150x150.jpg 150w, https:\/\/www.stiritup.be\/cocktail\/wp-content\/uploads\/2014\/09\/Stir-it-Up-cocktail-workshop-for-SD-Worx-004.jpg 311w\" sizes=\"(max-width: 150px) 100vw, 150px\" \/>\u00a0<img decoding=\"async\" class=\"alignnone wp-image-1992 size-thumbnail\" src=\"https:\/\/www.stiritup.be\/cocktail\/wp-content\/uploads\/2014\/09\/Stir-it-Up-cocktail-workshop-for-SD-Worx-16-150x150.jpg\" alt=\"Stir it Up cocktail workshop for SD Worx\" width=\"150\" height=\"150\" srcset=\"https:\/\/www.stiritup.be\/cocktail\/wp-content\/uploads\/2014\/09\/Stir-it-Up-cocktail-workshop-for-SD-Worx-16-66x66.jpg 66w, https:\/\/www.stiritup.be\/cocktail\/wp-content\/uploads\/2014\/09\/Stir-it-Up-cocktail-workshop-for-SD-Worx-16-150x150.jpg 150w, https:\/\/www.stiritup.be\/cocktail\/wp-content\/uploads\/2014\/09\/Stir-it-Up-cocktail-workshop-for-SD-Worx-16.jpg 801w\" sizes=\"(max-width: 150px) 100vw, 150px\" \/>\u00a0<img decoding=\"async\" class=\"alignnone wp-image-1990 size-thumbnail\" src=\"https:\/\/www.stiritup.be\/cocktail\/wp-content\/uploads\/2014\/09\/Stir-it-Up-cocktail-workshop-for-SD-Worx-11-150x150.jpg\" alt=\"Stir it Up cocktail workshop for SD Worx 11\" width=\"150\" height=\"150\" srcset=\"https:\/\/www.stiritup.be\/cocktail\/wp-content\/uploads\/2014\/09\/Stir-it-Up-cocktail-workshop-for-SD-Worx-11-66x66.jpg 66w, https:\/\/www.stiritup.be\/cocktail\/wp-content\/uploads\/2014\/09\/Stir-it-Up-cocktail-workshop-for-SD-Worx-11-150x150.jpg 150w, https:\/\/www.stiritup.be\/cocktail\/wp-content\/uploads\/2014\/09\/Stir-it-Up-cocktail-workshop-for-SD-Worx-11.jpg 572w\" sizes=\"(max-width: 150px) 100vw, 150px\" \/>\u00a0<img decoding=\"async\" class=\"alignnone wp-image-2027 size-thumbnail\" src=\"https:\/\/www.stiritup.be\/cocktail\/wp-content\/uploads\/2014\/09\/Stir-it-Up-cocktail-workshop-for-SD-Worx-003-150x150.jpg\" alt=\"Stir it Up cocktail workshop for SD Worx 003\" width=\"150\" height=\"150\" srcset=\"https:\/\/www.stiritup.be\/cocktail\/wp-content\/uploads\/2014\/09\/Stir-it-Up-cocktail-workshop-for-SD-Worx-003-66x66.jpg 66w, https:\/\/www.stiritup.be\/cocktail\/wp-content\/uploads\/2014\/09\/Stir-it-Up-cocktail-workshop-for-SD-Worx-003-150x150.jpg 150w, https:\/\/www.stiritup.be\/cocktail\/wp-content\/uploads\/2014\/09\/Stir-it-Up-cocktail-workshop-for-SD-Worx-003.jpg 314w\" sizes=\"(max-width: 150px) 100vw, 150px\" \/><\/p>\n<p>Pensez aussi aux\u00a0<strong>formations et ateliers c<\/strong><strong>ocktails<\/strong>\u00a0Stir it Up qui vous permettent d\u2019offrir un \u00e9v\u00e9nement \u00ab fun \u00bb \u00e0 vos employ\u00e9s dans un contexte de networking, team building, incentive\u2026<\/p>\n<p>Par petits groupes de participants, vos collaborateurs ont \u00e0 leur disposition fruits, alcools, mat\u00e9riel, glace\u2026 et rivalisent dans la reproduction de cocktails.<\/p>\n<p>La dynamique de l\u2019atelier est construite en fonction des valeurs de votre entreprise et de vos objectifs sp\u00e9cifiques (exemples : travail sur la communication au sein de l\u2019\u00e9quipe, sur la confiance dans l\u2019\u00e9quipe, sur la clarification des r\u00f4les et responsabilit\u00e9s&#8230;)<\/p>\n<p>Pour \u00eatre en mesure de reproduire leurs nouvelles comp\u00e9tences apr\u00e8s l\u2019atelier, les participants re\u00e7oivent la documentation reprenant les \u00e9tapes cl\u00e9s de la r\u00e9alisation des cocktails produits.<\/p>\n<p>A l\u2019issue de l\u2019atelier (1,5 heure d\u2019activit\u00e9), nous pouvons prolonger nos services par la formule Bar \u00e0 cocktail pour <strong><a title=\"Corporate events\" href=\"http:\/\/www.stiritup.be\/cocktail\/cocktails-pour-entreprises\/evenements-cocktails\/\">r\u00e9ceptions.<\/a><\/strong><\/p>\n<p>Vous intervenez lors d&#8217;un salon commercial ou cherchez une mani\u00e8re originale de surprendre vos prospects et clients? Pensez au bar Stir it Up pour vos <span style=\"color: #99cc00;\"><strong><a title=\"Corporate events\" href=\"http:\/\/www.stiritup.be\/cocktail\/cocktails-pour-entreprises\/evenements-cocktails\/\"><span style=\"color: #99cc00;\">events commerciaux<\/span><\/a><\/strong><\/span>.<\/p>\n<h4>Curieux de visionner d&#8217;autres photos des \u00e9v\u00e9nements Stir it Up ?<\/h4>\n<p>Visitez notre <a title=\"Blog Stir it Up\" href=\"http:\/\/www.stiritup.be\/cocktail\/news\/\" target=\"_blank\">blog <\/a>et d\u00e9couvrez certaines\u00a0de nos collaborations :<\/p>\n<ul>\n<li><a href=\"http:\/\/www.stiritup.be\/cocktail\/le-menu-cocktail-original-de-stir-it-up-pour-art-brussels\/\" target=\"_blank\">Cr\u00e9ation de son propre cocktail dans le cadre d&#8217;Art Brussels<\/a><\/li>\n<li><a href=\"http:\/\/www.stiritup.be\/cocktail\/le-bar-a-cocktails-stir-it-up-dans-les-bureaux-darag-nov-2015\/\" target=\"_blank\">Bar Stir it up sur le lieu de travail pour les 50 ans d&#8217;Arag<\/a><\/li>\n<li><a href=\"http:\/\/www.stiritup.be\/cocktail\/bar-a-cocktail-stir-it-up-aux-50-ans-de-life-pharma\/\" target=\"_blank\">Bar \u00e0 cocktail pour l&#8217;anniversaire de Lif\u00e9 Pharma<\/a><\/li>\n<li><a href=\"http:\/\/www.stiritup.be\/cocktail\/cocktails-stir-it-up-au-rv-fashion-design-de-ycaa\/\" target=\"_blank\">Bar Stir it Up pour l&#8217;\u00e9dition fashion &amp; design des Young Creators Against Aids (YCAA)<\/a><\/li>\n<li><a href=\"http:\/\/www.stiritup.be\/cocktail\/champagne-cocktails-stir-it-up-a-linauguration-de-charles-home\/\" target=\"_blank\">Cocktails Stir it Up \u00e0 l&#8217;inauguration de Charles Home<\/a><\/li>\n<li><a href=\"http:\/\/www.stiritup.be\/cocktail\/des-cocktails-stir-it-up-au-press-event-de-727sailbags\/\" target=\"_blank\">Cocktails Stir it Up au press event\u00a0de 727Sailbags<\/a><\/li>\n<li><a href=\"http:\/\/www.stiritup.be\/cocktail\/les-cocktails-stir-etaient-au-elle-beauty-awards-2015\/\" target=\"_blank\">Cocktails Stir it Up au Elle\u00a0Beauty awards 2015<\/a><\/li>\n<li><a href=\"http:\/\/www.stiritup.be\/cocktail\/des-cocktails-stir-fluos-pour-le-nouvel-de-bellerose\/\" target=\"_blank\">Des cocktails Stir it up\u00a0fluos pour\u00a0le Nouvel an de Bellerose<\/a><\/li>\n<li><a href=\"http:\/\/www.stiritup.be\/cocktail\/stir-it-up-cocktails-gatsby-le-magnifique\/\" target=\"_blank\">Menu cocktail &#8216;Gastby le Magnifique&#8217; pour Atenor<\/a><\/li>\n<li><a href=\"http:\/\/www.stiritup.be\/cocktail\/atelier-cocktail-stir-lhotel-bloom\/\" target=\"_blank\">Atelier cocktail \u00a0pour\u00a0 les collaborateurs d&#8217;Huwai<\/a><\/li>\n<li><a href=\"http:\/\/www.stiritup.be\/cocktail\/bar-cocktails-stir-dans-les-bureaux-darag-oct-2014\/\" target=\"_blank\">Bar \u00e0 cocktail Stir it Up\u00a0dans les bureaux d&#8217;Arag<\/a><\/li>\n<li><a href=\"http:\/\/www.stiritup.be\/cocktail\/les-mojitos-stir-sur-une-peniche-oct-2014\/\" target=\"_blank\">Mojitos\u00a0Stir it Up\u00a0sur une p\u00e9niche pour Edenred<\/a><\/li>\n<li><a href=\"http:\/\/www.stiritup.be\/cocktail\/stir-atelier-cocktail-sd-worx-0309\/\" target=\"_blank\">Atelier cocktail \u00a0pour\u00a0SD Worx<\/a><\/li>\n<li><a href=\"http:\/\/www.stiritup.be\/cocktail\/degustation-de-cocktails-stir-au-golf-de-lempereur-3108\/\" target=\"_blank\">D\u00e9gustation Stir it Up au Golf de l&#8217;Empereur<\/a><\/li>\n<li><a href=\"http:\/\/www.stiritup.be\/cocktail\/nuit-du-zoute-2014-les-cocktails-stir-etaient-la-boutique-bellerose\/\" target=\"_blank\">Bar \u00e0 cocktail\u00a0Stir it Up pour les clients Bellerose \u00e0 la Nuit du Zout\u00a0<\/a><\/li>\n<li><a href=\"http:\/\/www.stiritup.be\/cocktail\/cocktails-10-ans-coretec\/\" target=\"_blank\">Cocktails Stir it Up\u00a0la journ\u00e9e familiale\u00a0de Coretec<\/a><\/li>\n<li><a href=\"http:\/\/www.stiritup.be\/cocktail\/2606-match-belgique-coree-du-sud-bar-stir\/\" target=\"_blank\">Bar \u00e0 cocktail br\u00e9silien pour\u00a0le\u00a0match Belgique-Cor\u00e9 du Sud<\/a><\/li>\n<li><a href=\"http:\/\/www.stiritup.be\/cocktail\/team-event-davidson-consulting-22052014\/\" target=\"_blank\">Cocktails\u00a0au team event de Davidson<\/a><\/li>\n<li><a href=\"http:\/\/www.stiritup.be\/cocktail\/cocktails-stir-le-salon-pascal-del-natale\/\" target=\"_blank\">Bar \u00e0 cocktail\u00a0au Salon de Pascal del Natale<\/a><\/li>\n<li><a href=\"http:\/\/www.stiritup.be\/cocktail\/autumnwinter-2014-press-day-top-secret-communication\/\" target=\"_blank\">Press day de Top Secret Communication<\/a><\/li>\n<li><a href=\"http:\/\/www.stiritup.be\/cocktail\/lancement-des-produits-nuxe-sun-27032014\/\" target=\"_blank\">Bar \u00e0 cocktail\u00a0Stir it Up\u00a0au lancement de la nouvelle gamme Nuxe<\/a><\/li>\n<\/ul>\n<p>&nbsp;<\/p>\n<div class=\"fusion-fullwidth fullwidth-box fusion-builder-row-1 hundred-percent-fullwidth non-hundred-percent-height-scrolling\" style=\"--awb-border-radius-top-left:0px;--awb-border-radius-top-right:0px;--awb-border-radius-bottom-right:0px;--awb-border-radius-bottom-left:0px;--awb-overflow:visible;--awb-flex-wrap:wrap;\" ><div class=\"fusion-builder-row fusion-row\"><div class=\"fusion-layout-column fusion_builder_column fusion-builder-column-0 fusion_builder_column_1_1 1_1 fusion-one-full fusion-column-first fusion-column-last fusion-column-no-min-height\" style=\"--awb-bg-size:cover;--awb-margin-bottom:0px;\"><div class=\"fusion-column-wrapper fusion-flex-column-wrapper-legacy\"><div class=\"fusion-button-wrapper\"><a class=\"fusion-button button-flat button-large or small button-e.g. green fusion-button-e.g. green button-1 fusion-button-default-span fusion-button-default-type\" target=\"_parent\" href=\"\/cocktail\/contact\/\"><span class=\"fusion-button-text\">Contactez-nous<\/span><\/a><\/div>\n<p><strong><br \/>\n<a title=\"T\u00e9moignages\" href=\"http:\/\/www.stiritup.be\/cocktail\/temoignages-cocktails\/\"><span style=\"color: #99cc00;\"><span style=\"color: #99cc00;\">T\u00e9moignages<\/span><\/span><\/a><\/strong><a title=\"T\u00e9moignages\" href=\"http:\/\/www.stiritup.be\/cocktail\/temoignages-cocktails\/\"><span style=\"color: #99cc00;\">\u2026<\/span><\/a><div class=\"fusion-clearfix\"><\/div><\/div><\/div><\/div><\/div>\n","protected":false},"excerpt":{"rendered":"<p>Team buildings, incentives, \u00e9v\u00e9nements pour les collaborateurs&#8230; Stir it Up participe \u00e0 vos \u00e9v\u00e9nements d&#8217;entreprise \u00e0 destination de vos collaborateurs : bar \u00e0 cocktails th\u00e9matiques ou interactifs pour vos \u00e9v\u00e9nements [&hellip;]<\/p>\n","protected":false},"author":3,"featured_media":0,"parent":93,"menu_order":0,"comment_status":"closed","ping_status":"closed","template":"","meta":{"footnotes":""},"yoast_head":"<!-- This site is optimized with the Yoast SEO plugin v21.4 - https:\/\/yoast.com\/wordpress\/plugins\/seo\/ -->\n<title>Team buildings &amp; Incentives - Stir It Up - Cocktail<\/title>\n<meta name=\"robots\" content=\"index, follow, max-snippet:-1, max-image-preview:large, max-video-preview:-1\" \/>\n<link rel=\"canonical\" href=\"https:\/\/www.stiritup.be\/cocktail\/bar-a-cocktails-entreprises-evenements-professionels\/formation-techniques-cocktail\/\" \/>\n<meta property=\"og:locale\" content=\"en_US\" \/>\n<meta property=\"og:type\" content=\"article\" \/>\n<meta property=\"og:title\" content=\"Team buildings &amp; Incentives - Stir It Up - Cocktail\" \/>\n<meta property=\"og:description\" content=\"Team buildings, incentives, \u00e9v\u00e9nements pour les collaborateurs&#8230; Stir it Up participe \u00e0 vos \u00e9v\u00e9nements d&#8217;entreprise \u00e0 destination de vos collaborateurs : bar \u00e0 cocktails th\u00e9matiques ou interactifs pour vos \u00e9v\u00e9nements [&hellip;]\" \/>\n<meta property=\"og:url\" content=\"https:\/\/www.stiritup.be\/cocktail\/bar-a-cocktails-entreprises-evenements-professionels\/formation-techniques-cocktail\/\" \/>\n<meta property=\"og:site_name\" content=\"Stir It Up - Cocktail\" \/>\n<meta property=\"article:publisher\" content=\"https:\/\/www.facebook.com\/StiritupCocktails\" \/>\n<meta property=\"article:modified_time\" content=\"2016-11-17T09:33:52+00:00\" \/>\n<meta property=\"og:image\" content=\"http:\/\/www.stiritup.be\/cocktail\/wp-content\/uploads\/2014\/12\/Atlier-cocktail-Stir-it-Up-pour-Sasasa-7-150x150.jpg\" \/>\n<meta name=\"twitter:label1\" content=\"Est. reading time\" \/>\n\t<meta name=\"twitter:data1\" content=\"3 minutes\" \/>\n<script type=\"application\/ld+json\" class=\"yoast-schema-graph\">{\"@context\":\"https:\/\/schema.org\",\"@graph\":[{\"@type\":\"WebPage\",\"@id\":\"https:\/\/www.stiritup.be\/cocktail\/bar-a-cocktails-entreprises-evenements-professionels\/formation-techniques-cocktail\/\",\"url\":\"https:\/\/www.stiritup.be\/cocktail\/bar-a-cocktails-entreprises-evenements-professionels\/formation-techniques-cocktail\/\",\"name\":\"Team buildings & Incentives - Stir It Up - Cocktail\",\"isPartOf\":{\"@id\":\"https:\/\/www.stiritup.be\/cocktail\/#website\"},\"datePublished\":\"2013-09-12T12:36:14+00:00\",\"dateModified\":\"2016-11-17T09:33:52+00:00\",\"breadcrumb\":{\"@id\":\"https:\/\/www.stiritup.be\/cocktail\/bar-a-cocktails-entreprises-evenements-professionels\/formation-techniques-cocktail\/#breadcrumb\"},\"inLanguage\":\"en-US\",\"potentialAction\":[{\"@type\":\"ReadAction\",\"target\":[\"https:\/\/www.stiritup.be\/cocktail\/bar-a-cocktails-entreprises-evenements-professionels\/formation-techniques-cocktail\/\"]}]},{\"@type\":\"BreadcrumbList\",\"@id\":\"https:\/\/www.stiritup.be\/cocktail\/bar-a-cocktails-entreprises-evenements-professionels\/formation-techniques-cocktail\/#breadcrumb\",\"itemListElement\":[{\"@type\":\"ListItem\",\"position\":1,\"name\":\"Home\",\"item\":\"https:\/\/www.stiritup.be\/cocktail\/\"},{\"@type\":\"ListItem\",\"position\":2,\"name\":\"Bar \u00e0 cocktails pour entreprises et \u00e9v\u00e8nements professionnels\",\"item\":\"https:\/\/www.stiritup.be\/cocktail\/bar-a-cocktails-entreprises-evenements-professionels\/\"},{\"@type\":\"ListItem\",\"position\":3,\"name\":\"Team buildings &#038; Incentives\"}]},{\"@type\":\"WebSite\",\"@id\":\"https:\/\/www.stiritup.be\/cocktail\/#website\",\"url\":\"https:\/\/www.stiritup.be\/cocktail\/\",\"name\":\"Stir It Up - Cocktail\",\"description\":\"Cocktails bartending\",\"potentialAction\":[{\"@type\":\"SearchAction\",\"target\":{\"@type\":\"EntryPoint\",\"urlTemplate\":\"https:\/\/www.stiritup.be\/cocktail\/?s={search_term_string}\"},\"query-input\":\"required name=search_term_string\"}],\"inLanguage\":\"en-US\"}]}<\/script>\n<!-- \/ Yoast SEO plugin. -->","yoast_head_json":{"title":"Team buildings & Incentives - Stir It Up - Cocktail","robots":{"index":"index","follow":"follow","max-snippet":"max-snippet:-1","max-image-preview":"max-image-preview:large","max-video-preview":"max-video-preview:-1"},"canonical":"https:\/\/www.stiritup.be\/cocktail\/bar-a-cocktails-entreprises-evenements-professionels\/formation-techniques-cocktail\/","og_locale":"en_US","og_type":"article","og_title":"Team buildings & Incentives - Stir It Up - Cocktail","og_description":"Team buildings, incentives, \u00e9v\u00e9nements pour les collaborateurs&#8230; Stir it Up participe \u00e0 vos \u00e9v\u00e9nements d&#8217;entreprise \u00e0 destination de vos collaborateurs : bar \u00e0 cocktails th\u00e9matiques ou interactifs pour vos \u00e9v\u00e9nements [&hellip;]","og_url":"https:\/\/www.stiritup.be\/cocktail\/bar-a-cocktails-entreprises-evenements-professionels\/formation-techniques-cocktail\/","og_site_name":"Stir It Up - Cocktail","article_publisher":"https:\/\/www.facebook.com\/StiritupCocktails","article_modified_time":"2016-11-17T09:33:52+00:00","og_image":[{"url":"http:\/\/www.stiritup.be\/cocktail\/wp-content\/uploads\/2014\/12\/Atlier-cocktail-Stir-it-Up-pour-Sasasa-7-150x150.jpg"}],"twitter_misc":{"Est. reading time":"3 minutes"},"schema":{"@context":"https:\/\/schema.org","@graph":[{"@type":"WebPage","@id":"https:\/\/www.stiritup.be\/cocktail\/bar-a-cocktails-entreprises-evenements-professionels\/formation-techniques-cocktail\/","url":"https:\/\/www.stiritup.be\/cocktail\/bar-a-cocktails-entreprises-evenements-professionels\/formation-techniques-cocktail\/","name":"Team buildings & Incentives - Stir It Up - Cocktail","isPartOf":{"@id":"https:\/\/www.stiritup.be\/cocktail\/#website"},"datePublished":"2013-09-12T12:36:14+00:00","dateModified":"2016-11-17T09:33:52+00:00","breadcrumb":{"@id":"https:\/\/www.stiritup.be\/cocktail\/bar-a-cocktails-entreprises-evenements-professionels\/formation-techniques-cocktail\/#breadcrumb"},"inLanguage":"en-US","potentialAction":[{"@type":"ReadAction","target":["https:\/\/www.stiritup.be\/cocktail\/bar-a-cocktails-entreprises-evenements-professionels\/formation-techniques-cocktail\/"]}]},{"@type":"BreadcrumbList","@id":"https:\/\/www.stiritup.be\/cocktail\/bar-a-cocktails-entreprises-evenements-professionels\/formation-techniques-cocktail\/#breadcrumb","itemListElement":[{"@type":"ListItem","position":1,"name":"Home","item":"https:\/\/www.stiritup.be\/cocktail\/"},{"@type":"ListItem","position":2,"name":"Bar \u00e0 cocktails pour entreprises et \u00e9v\u00e8nements professionnels","item":"https:\/\/www.stiritup.be\/cocktail\/bar-a-cocktails-entreprises-evenements-professionels\/"},{"@type":"ListItem","position":3,"name":"Team buildings &#038; Incentives"}]},{"@type":"WebSite","@id":"https:\/\/www.stiritup.be\/cocktail\/#website","url":"https:\/\/www.stiritup.be\/cocktail\/","name":"Stir It Up - Cocktail","description":"Cocktails bartending","potentialAction":[{"@type":"SearchAction","target":{"@type":"EntryPoint","urlTemplate":"https:\/\/www.stiritup.be\/cocktail\/?s={search_term_string}"},"query-input":"required name=search_term_string"}],"inLanguage":"en-US"}]}},"_links":{"self":[{"href":"https:\/\/www.stiritup.be\/cocktail\/wp-json\/wp\/v2\/pages\/260"}],"collection":[{"href":"https:\/\/www.stiritup.be\/cocktail\/wp-json\/wp\/v2\/pages"}],"about":[{"href":"https:\/\/www.stiritup.be\/cocktail\/wp-json\/wp\/v2\/types\/page"}],"author":[{"embeddable":true,"href":"https:\/\/www.stiritup.be\/cocktail\/wp-json\/wp\/v2\/users\/3"}],"replies":[{"embeddable":true,"href":"https:\/\/www.stiritup.be\/cocktail\/wp-json\/wp\/v2\/comments?post=260"}],"version-history":[{"count":0,"href":"https:\/\/www.stiritup.be\/cocktail\/wp-json\/wp\/v2\/pages\/260\/revisions"}],"up":[{"embeddable":true,"href":"https:\/\/www.stiritup.be\/cocktail\/wp-json\/wp\/v2\/pages\/93"}],"wp:attachment":[{"href":"https:\/\/www.stiritup.be\/cocktail\/wp-json\/wp\/v2\/media?parent=260"}],"curies":[{"name":"wp","href":"https:\/\/api.w.org\/{rel}","templated":true}]}}