{"id":258,"date":"2013-09-12T13:35:42","date_gmt":"2013-09-12T12:35:42","guid":{"rendered":"http:\/\/www.jetest.be\/stiritup\/?page_id=258"},"modified":"2017-06-11T10:39:25","modified_gmt":"2017-06-11T08:39:25","slug":"evenements-cocktails","status":"publish","type":"page","link":"https:\/\/www.stiritup.be\/cocktail\/bar-a-cocktails-entreprises-evenements-professionels\/evenements-cocktails\/","title":{"rendered":"Corporate events"},"content":{"rendered":"<h2>Cocktail catering pour vos \u00e9v\u00e9nements corporate et\/ou commerciaux<\/h2>\n<p>Stir it Up organise le service de bar et de restauration de <strong>votre \u00e9v\u00e9nement autour du cocktail<\/strong> de A \u00e0 Z, pour vous aider \u00e0 accueillir de mani\u00e8re attractive vos collaborateurs, prospects, clients ou tout autre partenaire\u00a0strat\u00e9gique.<\/p>\n<p><img decoding=\"async\" class=\"alignnone wp-image-2222 size-thumbnail\" src=\"https:\/\/www.stiritup.be\/cocktail\/wp-content\/uploads\/2015\/01\/Bar-cocktail-Stir-it-Up-Gastby-le-Magnifique-6-150x150.jpg\" alt=\"Bar cocktail Stir it Up - Gastby le Magnifique 6\" width=\"150\" height=\"150\" srcset=\"https:\/\/www.stiritup.be\/cocktail\/wp-content\/uploads\/2015\/01\/Bar-cocktail-Stir-it-Up-Gastby-le-Magnifique-6-66x66.jpg 66w, https:\/\/www.stiritup.be\/cocktail\/wp-content\/uploads\/2015\/01\/Bar-cocktail-Stir-it-Up-Gastby-le-Magnifique-6-150x150.jpg 150w\" sizes=\"(max-width: 150px) 100vw, 150px\" \/>\u00a0<img decoding=\"async\" class=\"alignnone wp-image-2431 size-thumbnail\" src=\"https:\/\/www.stiritup.be\/cocktail\/wp-content\/uploads\/2015\/06\/Bar-\u00e0-Cocktails-Stir-it-Up-Lif\u00e9-Pharma-1-150x150.jpg\" alt=\"Bar \u00e0 Cocktails Stir it Up Lif\u00e9 Pharma 1\" width=\"150\" height=\"150\" srcset=\"https:\/\/www.stiritup.be\/cocktail\/wp-content\/uploads\/2015\/06\/Bar-\u00e0-Cocktails-Stir-it-Up-Lif\u00e9-Pharma-1-66x66.jpg 66w, https:\/\/www.stiritup.be\/cocktail\/wp-content\/uploads\/2015\/06\/Bar-\u00e0-Cocktails-Stir-it-Up-Lif\u00e9-Pharma-1-150x150.jpg 150w\" sizes=\"(max-width: 150px) 100vw, 150px\" \/>\u00a0<img decoding=\"async\" class=\"alignnone wp-image-2285 size-thumbnail\" src=\"https:\/\/www.stiritup.be\/cocktail\/wp-content\/uploads\/2015\/01\/Cocktails-Stir-it-Up-au-Elle-Beauty-Award-2015-2-150x150.jpg\" alt=\"Cocktails Stir it Up au Elle Beauty Award 2015 2\" width=\"150\" height=\"150\" srcset=\"https:\/\/www.stiritup.be\/cocktail\/wp-content\/uploads\/2015\/01\/Cocktails-Stir-it-Up-au-Elle-Beauty-Award-2015-2-66x66.jpg 66w, https:\/\/www.stiritup.be\/cocktail\/wp-content\/uploads\/2015\/01\/Cocktails-Stir-it-Up-au-Elle-Beauty-Award-2015-2-150x150.jpg 150w\" sizes=\"(max-width: 150px) 100vw, 150px\" \/>\u00a0<a href=\"https:\/\/www.stiritup.be\/cocktail\/wp-content\/uploads\/2015\/01\/Cocktail-Stir-it-Up-au-Elle-Beauty-Award-2015-20-Copie.jpg\"><img decoding=\"async\" class=\"alignnone wp-image-2243 size-thumbnail\" src=\"https:\/\/www.stiritup.be\/cocktail\/wp-content\/uploads\/2015\/01\/Cocktails-Stir-it-Up-fot-Bellerose-4-150x150.jpg\" alt=\"Cocktails Stir it Up\" width=\"150\" height=\"150\" srcset=\"https:\/\/www.stiritup.be\/cocktail\/wp-content\/uploads\/2015\/01\/Cocktails-Stir-it-Up-fot-Bellerose-4-66x66.jpg 66w, https:\/\/www.stiritup.be\/cocktail\/wp-content\/uploads\/2015\/01\/Cocktails-Stir-it-Up-fot-Bellerose-4-150x150.jpg 150w\" sizes=\"(max-width: 150px) 100vw, 150px\" \/>\u00a0<img decoding=\"async\" class=\"alignnone wp-image-1334 size-thumbnail\" src=\"https:\/\/www.stiritup.be\/cocktail\/wp-content\/uploads\/2014\/04\/Guests-Maureen-Louys-et-Barbara-Louys-au-Press-day-Top-Secret-150x150.jpg\" alt=\"Cocktails Stir it Up @ Press day Top Secret\" width=\"150\" height=\"150\" srcset=\"https:\/\/www.stiritup.be\/cocktail\/wp-content\/uploads\/2014\/04\/Guests-Maureen-Louys-et-Barbara-Louys-au-Press-day-Top-Secret-66x66.jpg 66w, https:\/\/www.stiritup.be\/cocktail\/wp-content\/uploads\/2014\/04\/Guests-Maureen-Louys-et-Barbara-Louys-au-Press-day-Top-Secret-150x150.jpg 150w\" sizes=\"(max-width: 150px) 100vw, 150px\" \/>\u00a0<img decoding=\"async\" class=\"alignnone wp-image-1385 size-thumbnail\" src=\"https:\/\/www.stiritup.be\/cocktail\/wp-content\/uploads\/2013\/09\/Barman-cocktail-\u00e0-domicile-150x150.jpg\" alt=\"Barman cocktail \u00e0 domicile\" width=\"150\" height=\"150\" srcset=\"https:\/\/www.stiritup.be\/cocktail\/wp-content\/uploads\/2013\/09\/Barman-cocktail-\u00e0-domicile-66x66.jpg 66w, https:\/\/www.stiritup.be\/cocktail\/wp-content\/uploads\/2013\/09\/Barman-cocktail-\u00e0-domicile-150x150.jpg 150w\" sizes=\"(max-width: 150px) 100vw, 150px\" \/><\/a><\/p>\n<p>Que ce soit au sein m\u00eame de votre entreprise ou dans tout lieu ext\u00e9rieur, Stir it Up se d\u00e9place et d\u00e9cline ses services cocktails selon le th\u00e8me\u00a0de votre \u00e9v\u00e9nement et les valeurs que vous voulez repr\u00e9senter.<\/p>\n<p><img decoding=\"async\" class=\"alignnone wp-image-2278 size-thumbnail\" src=\"https:\/\/www.stiritup.be\/cocktail\/wp-content\/uploads\/2015\/01\/Cocktail-Stir-it-Up-au-Elle-Beauty-Award-2015-20-Copie-150x150.jpg\" alt=\"Cocktail Stir it Up au Elle Beauty Award 2015 20 - Copie\" width=\"150\" height=\"150\" srcset=\"https:\/\/www.stiritup.be\/cocktail\/wp-content\/uploads\/2015\/01\/Cocktail-Stir-it-Up-au-Elle-Beauty-Award-2015-20-Copie-66x66.jpg 66w, https:\/\/www.stiritup.be\/cocktail\/wp-content\/uploads\/2015\/01\/Cocktail-Stir-it-Up-au-Elle-Beauty-Award-2015-20-Copie-150x150.jpg 150w\" sizes=\"(max-width: 150px) 100vw, 150px\" \/>\u00a0<img decoding=\"async\" class=\"alignnone wp-image-2256 size-thumbnail\" src=\"https:\/\/www.stiritup.be\/cocktail\/wp-content\/uploads\/2015\/01\/Cocktails-Stir-it-Up-fot-Bellerose-11-150x150.jpg\" alt=\"Cocktails Stir it Up fot Bellerose 1\" width=\"150\" height=\"150\" srcset=\"https:\/\/www.stiritup.be\/cocktail\/wp-content\/uploads\/2015\/01\/Cocktails-Stir-it-Up-fot-Bellerose-11-66x66.jpg 66w, https:\/\/www.stiritup.be\/cocktail\/wp-content\/uploads\/2015\/01\/Cocktails-Stir-it-Up-fot-Bellerose-11-150x150.jpg 150w\" sizes=\"(max-width: 150px) 100vw, 150px\" \/><a href=\"https:\/\/www.stiritup.be\/cocktail\/wp-content\/uploads\/2015\/01\/Cocktails-Stir-it-Up-fot-Bellerose-6.jpg\">\u00a0<img decoding=\"async\" class=\"alignnone wp-image-1318 size-thumbnail\" src=\"https:\/\/www.stiritup.be\/cocktail\/wp-content\/uploads\/2014\/04\/Cocktail-Spicy-MaiTai-event-Nuxe-150x150.jpg\" alt=\"Cocktail Spicy MaiTai event Nuxe\" width=\"150\" height=\"150\" srcset=\"https:\/\/www.stiritup.be\/cocktail\/wp-content\/uploads\/2014\/04\/Cocktail-Spicy-MaiTai-event-Nuxe-66x66.jpg 66w, https:\/\/www.stiritup.be\/cocktail\/wp-content\/uploads\/2014\/04\/Cocktail-Spicy-MaiTai-event-Nuxe-150x150.jpg 150w\" sizes=\"(max-width: 150px) 100vw, 150px\" \/>\u00a0<img decoding=\"async\" class=\"alignnone wp-image-2221 size-thumbnail\" src=\"https:\/\/www.stiritup.be\/cocktail\/wp-content\/uploads\/2015\/01\/Bar-cocktail-Stir-it-Up-Gastby-le-Magnifique-5-150x150.jpg\" alt=\"Bar cocktail Stir it Up - Gastby le Magnifique 5\" width=\"150\" height=\"150\" srcset=\"https:\/\/www.stiritup.be\/cocktail\/wp-content\/uploads\/2015\/01\/Bar-cocktail-Stir-it-Up-Gastby-le-Magnifique-5-66x66.jpg 66w, https:\/\/www.stiritup.be\/cocktail\/wp-content\/uploads\/2015\/01\/Bar-cocktail-Stir-it-Up-Gastby-le-Magnifique-5-150x150.jpg 150w\" sizes=\"(max-width: 150px) 100vw, 150px\" \/>\u00a0<img decoding=\"async\" class=\"alignnone wp-image-2245 size-thumbnail\" src=\"https:\/\/www.stiritup.be\/cocktail\/wp-content\/uploads\/2015\/01\/Cocktails-Stir-it-Up-fot-Bellerose-6-150x150.jpg\" alt=\"Cocktails Stir it Up fot Bellerose\" width=\"150\" height=\"150\" srcset=\"https:\/\/www.stiritup.be\/cocktail\/wp-content\/uploads\/2015\/01\/Cocktails-Stir-it-Up-fot-Bellerose-6-66x66.jpg 66w, https:\/\/www.stiritup.be\/cocktail\/wp-content\/uploads\/2015\/01\/Cocktails-Stir-it-Up-fot-Bellerose-6-150x150.jpg 150w\" sizes=\"(max-width: 150px) 100vw, 150px\" \/><\/a>\u00a0<img decoding=\"async\" class=\"alignnone wp-image-2095 size-thumbnail\" src=\"https:\/\/www.stiritup.be\/cocktail\/wp-content\/uploads\/2014\/10\/Bar-cocktails-Stir-it-Up-dans-lopen-space-dArag1-150x150.jpg\" alt=\"Bar cocktails Stir it Up dans l'open space d'Arag\" width=\"150\" height=\"150\" srcset=\"https:\/\/www.stiritup.be\/cocktail\/wp-content\/uploads\/2014\/10\/Bar-cocktails-Stir-it-Up-dans-lopen-space-dArag1-66x66.jpg 66w, https:\/\/www.stiritup.be\/cocktail\/wp-content\/uploads\/2014\/10\/Bar-cocktails-Stir-it-Up-dans-lopen-space-dArag1-150x150.jpg 150w\" sizes=\"(max-width: 150px) 100vw, 150px\" \/><\/p>\n<p>Votre carte de cocktails sur mesure est cr\u00e9\u00e9e avec vous en amont pour mettre en valeur votre organisation et r\u00e9pondre aux objectifs strat\u00e9giques de votre \u00e9v\u00e9nement (th\u00e8me sp\u00e9cifique, code couleur, saveurs cl\u00e9s, valeurs \u00e0 repr\u00e9senter\u2026).<\/p>\n<p><a href=\"https:\/\/www.stiritup.be\/cocktail\/wp-content\/uploads\/2014\/10\/Bar-cocktails-Stir-it-Up-dans-lopen-space-dArag1.jpg\"><img decoding=\"async\" class=\"alignnone wp-image-1962 size-thumbnail\" src=\"https:\/\/www.stiritup.be\/cocktail\/wp-content\/uploads\/2014\/08\/D\u00e9gustation-cocktails-Stir-it-Up-pour-les-25-ans-du-Golf-de-lEmpereur-4-150x150.jpg\" alt=\"D\u00e9gustation cocktails Stir it Up pour les 25 ans du Golf de l'Empereur 4\" width=\"150\" height=\"150\" srcset=\"https:\/\/www.stiritup.be\/cocktail\/wp-content\/uploads\/2014\/08\/D\u00e9gustation-cocktails-Stir-it-Up-pour-les-25-ans-du-Golf-de-lEmpereur-4-66x66.jpg 66w, https:\/\/www.stiritup.be\/cocktail\/wp-content\/uploads\/2014\/08\/D\u00e9gustation-cocktails-Stir-it-Up-pour-les-25-ans-du-Golf-de-lEmpereur-4-150x150.jpg 150w\" sizes=\"(max-width: 150px) 100vw, 150px\" \/>\u00a0<\/a><a href=\"https:\/\/www.stiritup.be\/cocktail\/wp-content\/uploads\/2013\/10\/Action-Summer-week-@-Le-Salon...-by-Pascal-Del-Natale-Copie.jpg\"><img decoding=\"async\" class=\"alignnone wp-image-552 size-thumbnail\" src=\"https:\/\/www.stiritup.be\/cocktail\/wp-content\/uploads\/2013\/10\/cocktail-frozen-strawberry-daiquiri-150x150.jpg\" alt=\"cocktail-frozen-strawberry-daiquiri\" width=\"150\" height=\"150\" srcset=\"https:\/\/www.stiritup.be\/cocktail\/wp-content\/uploads\/2013\/10\/cocktail-frozen-strawberry-daiquiri-66x66.jpg 66w, https:\/\/www.stiritup.be\/cocktail\/wp-content\/uploads\/2013\/10\/cocktail-frozen-strawberry-daiquiri-150x150.jpg 150w\" sizes=\"(max-width: 150px) 100vw, 150px\" \/>\u00a0<img decoding=\"async\" class=\"alignnone wp-image-2035 size-thumbnail\" src=\"https:\/\/www.stiritup.be\/cocktail\/wp-content\/uploads\/2013\/10\/Action-Summer-week-@-Le-Salon...-by-Pascal-Del-Natale-Copie-150x150.jpg\" alt=\"Action Summer week @ Le Salon... by Pascal Del Natale - Copie\" width=\"150\" height=\"150\" srcset=\"https:\/\/www.stiritup.be\/cocktail\/wp-content\/uploads\/2013\/10\/Action-Summer-week-@-Le-Salon...-by-Pascal-Del-Natale-Copie-66x66.jpg 66w, https:\/\/www.stiritup.be\/cocktail\/wp-content\/uploads\/2013\/10\/Action-Summer-week-@-Le-Salon...-by-Pascal-Del-Natale-Copie-150x150.jpg 150w\" sizes=\"(max-width: 150px) 100vw, 150px\" \/>\u00a0<\/a><img decoding=\"async\" class=\"alignnone wp-image-1819 size-thumbnail\" src=\"https:\/\/www.stiritup.be\/cocktail\/wp-content\/uploads\/2014\/08\/Cocktails-pour-Bellerose-@-Nuit-du-Zoute-81-150x150.jpg\" alt=\"Cocktails pour sales event @ Nuit du Zoute\" width=\"150\" height=\"150\" srcset=\"https:\/\/www.stiritup.be\/cocktail\/wp-content\/uploads\/2014\/08\/Cocktails-pour-Bellerose-@-Nuit-du-Zoute-81-66x66.jpg 66w, https:\/\/www.stiritup.be\/cocktail\/wp-content\/uploads\/2014\/08\/Cocktails-pour-Bellerose-@-Nuit-du-Zoute-81-150x150.jpg 150w\" sizes=\"(max-width: 150px) 100vw, 150px\" \/>\u00a0<img decoding=\"async\" class=\"alignnone wp-image-1959 size-thumbnail\" src=\"https:\/\/www.stiritup.be\/cocktail\/wp-content\/uploads\/2014\/08\/D\u00e9gustation-cocktails-Stir-it-Up-pour-les-25-ans-du-Golf-de-lEmpereur-1-150x150.jpg\" alt=\"D\u00e9gustation cocktails Stir it Up pour les 25 ans du Golf de l'Empereur 1\" width=\"150\" height=\"150\" srcset=\"https:\/\/www.stiritup.be\/cocktail\/wp-content\/uploads\/2014\/08\/D\u00e9gustation-cocktails-Stir-it-Up-pour-les-25-ans-du-Golf-de-lEmpereur-1-66x66.jpg 66w, https:\/\/www.stiritup.be\/cocktail\/wp-content\/uploads\/2014\/08\/D\u00e9gustation-cocktails-Stir-it-Up-pour-les-25-ans-du-Golf-de-lEmpereur-1-150x150.jpg 150w\" sizes=\"(max-width: 150px) 100vw, 150px\" \/>\u00a0<img decoding=\"async\" class=\"alignnone wp-image-2435 size-thumbnail\" src=\"https:\/\/www.stiritup.be\/cocktail\/wp-content\/uploads\/2015\/06\/Bar-STir-it-Up-Lif\u00e9-Pharma-photo-Paris-Match-1-150x150.jpg\" alt=\"Bar STir it Up Lif\u00e9 Pharma photo Paris Match 1\" width=\"150\" height=\"150\" \/><\/p>\n<p>Des cocktails originaux \u00e0 la structure de bar qui s\u2019accorde \u00e0 vos besoins aux niveaux logistique, visuel et th\u00e9matique, en passant par les animations de nos barmen jongleurs, les prestations de Stir it Up sont personnalisables jusqu\u2019au moindre d\u00e9tail.<\/p>\n<h4>Curieux de visionner d&#8217;autres photos des \u00e9v\u00e9nements Stir it Up ?<\/h4>\n<p>Visitez notre <a title=\"Blog Stir it Up\" href=\"https:\/\/www.stiritup.be\/cocktail\/news\/\" target=\"_blank\">blog <\/a>et d\u00e9couvrez certaines\u00a0de nos collaborations :<\/p>\n<ul>\n<li><a href=\"https:\/\/www.stiritup.be\/cocktail\/le-menu-cocktail-original-de-stir-it-up-pour-art-brussels\/\" target=\"_blank\">Cr\u00e9ation de son propre cocktail dans le cadre d&#8217;Art Brussels<\/a><\/li>\n<li><a href=\"https:\/\/www.stiritup.be\/cocktail\/le-bar-a-cocktails-stir-it-up-dans-les-bureaux-darag-nov-2015\/\" target=\"_blank\">Bar Stir it up sur le lieu de travail pour les 50 ans d&#8217;Arag<\/a><\/li>\n<li><a href=\"https:\/\/www.stiritup.be\/cocktail\/bar-a-cocktail-stir-it-up-aux-50-ans-de-life-pharma\/\" target=\"_blank\">Bar \u00e0 cocktail pour l&#8217;anniversaire de Lif\u00e9 Pharma<\/a><\/li>\n<li><a href=\"https:\/\/www.stiritup.be\/cocktail\/cocktails-stir-it-up-au-rv-fashion-design-de-ycaa\/\" target=\"_blank\">Bar Stir it Up pour l&#8217;\u00e9dition fashion &amp; design des Young Creators Against Aids (YCAA)<\/a><\/li>\n<li><a href=\"https:\/\/www.stiritup.be\/cocktail\/champagne-cocktails-stir-it-up-a-linauguration-de-charles-home\/\" target=\"_blank\">Cocktails Stir it Up \u00e0 l&#8217;inauguration de Charles Home<\/a><\/li>\n<li><a href=\"https:\/\/www.stiritup.be\/cocktail\/des-cocktails-stir-it-up-au-press-event-de-727sailbags\/\" target=\"_blank\">Cocktails Stir it Up au press event\u00a0de 727Sailbags<\/a><\/li>\n<li><a href=\"https:\/\/www.stiritup.be\/cocktail\/les-cocktails-stir-etaient-au-elle-beauty-awards-2015\/\" target=\"_blank\">Cocktails Stir it Up au Elle\u00a0Beauty awards 2015<\/a><\/li>\n<li><a href=\"https:\/\/www.stiritup.be\/cocktail\/des-cocktails-stir-fluos-pour-le-nouvel-de-bellerose\/\" target=\"_blank\">Des cocktails Stir it up\u00a0fluos pour\u00a0le Nouvel an de Bellerose<\/a><\/li>\n<li><a href=\"https:\/\/www.stiritup.be\/cocktail\/stir-it-up-cocktails-gatsby-le-magnifique\/\" target=\"_blank\">Menu cocktail &#8216;Gastby le Magnifique&#8217; pour Atenor<\/a><\/li>\n<li><a href=\"https:\/\/www.stiritup.be\/cocktail\/atelier-cocktail-stir-lhotel-bloom\/\" target=\"_blank\">Atelier cocktail \u00a0pour\u00a0 les collaborateurs d&#8217;Huwai<\/a><\/li>\n<li><a href=\"https:\/\/www.stiritup.be\/cocktail\/bar-cocktails-stir-dans-les-bureaux-darag-oct-2014\/\" target=\"_blank\">Bar \u00e0 cocktail Stir it Up\u00a0dans les bureaux d&#8217;Arag<\/a><\/li>\n<li><a href=\"https:\/\/www.stiritup.be\/cocktail\/les-mojitos-stir-sur-une-peniche-oct-2014\/\" target=\"_blank\">Mojitos\u00a0Stir it Up\u00a0sur une p\u00e9niche pour Edenred<\/a><\/li>\n<li><a href=\"https:\/\/www.stiritup.be\/cocktail\/stir-atelier-cocktail-sd-worx-0309\/\" target=\"_blank\">Atelier cocktail \u00a0pour\u00a0SD Worx<\/a><\/li>\n<li><a href=\"https:\/\/www.stiritup.be\/cocktail\/degustation-de-cocktails-stir-au-golf-de-lempereur-3108\/\" target=\"_blank\">D\u00e9gustation Stir it Up au Golf de l&#8217;Empereur<\/a><\/li>\n<li><a href=\"https:\/\/www.stiritup.be\/cocktail\/nuit-du-zoute-2014-les-cocktails-stir-etaient-la-boutique-bellerose\/\" target=\"_blank\">Bar \u00e0 cocktail\u00a0Stir it Up pour les clients Bellerose \u00e0 la Nuit du Zout\u00a0<\/a><\/li>\n<li><a href=\"https:\/\/www.stiritup.be\/cocktail\/cocktails-10-ans-coretec\/\" target=\"_blank\">Cocktails Stir it Up\u00a0la journ\u00e9e familiale\u00a0de Coretec<\/a><\/li>\n<li><a href=\"https:\/\/www.stiritup.be\/cocktail\/2606-match-belgique-coree-du-sud-bar-stir\/\" target=\"_blank\">Bar \u00e0 cocktail br\u00e9silien pour\u00a0le\u00a0match Belgique-Cor\u00e9 du Sud<\/a><\/li>\n<li><a href=\"https:\/\/www.stiritup.be\/cocktail\/team-event-davidson-consulting-22052014\/\" target=\"_blank\">Cocktails\u00a0au team event de Davidson<\/a><\/li>\n<li><a href=\"https:\/\/www.stiritup.be\/cocktail\/cocktails-stir-le-salon-pascal-del-natale\/\" target=\"_blank\">Bar \u00e0 cocktail\u00a0au Salon de Pascal del Natale<\/a><\/li>\n<li><a href=\"https:\/\/www.stiritup.be\/cocktail\/autumnwinter-2014-press-day-top-secret-communication\/\" target=\"_blank\">Press day de Top Secret Communication<\/a><\/li>\n<li><a href=\"https:\/\/www.stiritup.be\/cocktail\/lancement-des-produits-nuxe-sun-27032014\/\" target=\"_blank\">Bar \u00e0 cocktail\u00a0Stir it Up\u00a0au lancement de la nouvelle gamme Nuxe<\/a><\/li>\n<\/ul>\n<h4>Vous recherchez une activit\u00e9 plus interactive \u00e0 offrir \u00e0 vos collaborateurs?<\/h4>\n<p>Pensez \u00e0 nos formules <a title=\"Team buildings &amp; Incentives\" href=\"https:\/\/www.stiritup.be\/cocktail\/cocktails-pour-entreprises\/formation-techniques-cocktail\/\"><span style=\"color: #99cc00;\">Team buildings et Incentives<\/span><\/a>.<\/p>\n<p><a title=\"T\u00e9moignages\" href=\"https:\/\/www.stiritup.be\/cocktail\/temoignages-cocktails\/\"><span style=\"color: #99cc00;\">T\u00e9moignages\u2026<\/span><\/a><\/p>\n","protected":false},"excerpt":{"rendered":"<p>Cocktail catering pour vos \u00e9v\u00e9nements corporate et\/ou commerciaux Stir it Up organise le service de bar et de restauration de votre \u00e9v\u00e9nement autour du cocktail de A \u00e0 Z, pour [&hellip;]<\/p>\n","protected":false},"author":3,"featured_media":0,"parent":93,"menu_order":0,"comment_status":"closed","ping_status":"closed","template":"","meta":{"footnotes":""},"yoast_head":"<!-- This site is optimized with the Yoast SEO plugin v21.4 - https:\/\/yoast.com\/wordpress\/plugins\/seo\/ -->\n<title>Corporate events - Stir It Up - Cocktail<\/title>\n<meta name=\"robots\" content=\"index, follow, max-snippet:-1, max-image-preview:large, max-video-preview:-1\" \/>\n<link rel=\"canonical\" href=\"https:\/\/www.stiritup.be\/cocktail\/bar-a-cocktails-entreprises-evenements-professionels\/evenements-cocktails\/\" \/>\n<meta property=\"og:locale\" content=\"en_US\" \/>\n<meta property=\"og:type\" content=\"article\" \/>\n<meta property=\"og:title\" content=\"Corporate events - Stir It Up - Cocktail\" \/>\n<meta property=\"og:description\" content=\"Cocktail catering pour vos \u00e9v\u00e9nements corporate et\/ou commerciaux Stir it Up organise le service de bar et de restauration de votre \u00e9v\u00e9nement autour du cocktail de A \u00e0 Z, pour [&hellip;]\" \/>\n<meta property=\"og:url\" content=\"https:\/\/www.stiritup.be\/cocktail\/bar-a-cocktails-entreprises-evenements-professionels\/evenements-cocktails\/\" \/>\n<meta property=\"og:site_name\" content=\"Stir It Up - Cocktail\" \/>\n<meta property=\"article:publisher\" content=\"https:\/\/www.facebook.com\/StiritupCocktails\" \/>\n<meta property=\"article:modified_time\" content=\"2017-06-11T08:39:25+00:00\" \/>\n<meta property=\"og:image\" content=\"https:\/\/www.stiritup.be\/cocktail\/wp-content\/uploads\/2015\/01\/Bar-cocktail-Stir-it-Up-Gastby-le-Magnifique-6-150x150.jpg\" \/>\n<meta name=\"twitter:label1\" content=\"Est. reading time\" \/>\n\t<meta name=\"twitter:data1\" content=\"2 minutes\" \/>\n<script type=\"application\/ld+json\" class=\"yoast-schema-graph\">{\"@context\":\"https:\/\/schema.org\",\"@graph\":[{\"@type\":\"WebPage\",\"@id\":\"https:\/\/www.stiritup.be\/cocktail\/bar-a-cocktails-entreprises-evenements-professionels\/evenements-cocktails\/\",\"url\":\"https:\/\/www.stiritup.be\/cocktail\/bar-a-cocktails-entreprises-evenements-professionels\/evenements-cocktails\/\",\"name\":\"Corporate events - Stir It Up - Cocktail\",\"isPartOf\":{\"@id\":\"https:\/\/www.stiritup.be\/cocktail\/#website\"},\"datePublished\":\"2013-09-12T12:35:42+00:00\",\"dateModified\":\"2017-06-11T08:39:25+00:00\",\"breadcrumb\":{\"@id\":\"https:\/\/www.stiritup.be\/cocktail\/bar-a-cocktails-entreprises-evenements-professionels\/evenements-cocktails\/#breadcrumb\"},\"inLanguage\":\"en-US\",\"potentialAction\":[{\"@type\":\"ReadAction\",\"target\":[\"https:\/\/www.stiritup.be\/cocktail\/bar-a-cocktails-entreprises-evenements-professionels\/evenements-cocktails\/\"]}]},{\"@type\":\"BreadcrumbList\",\"@id\":\"https:\/\/www.stiritup.be\/cocktail\/bar-a-cocktails-entreprises-evenements-professionels\/evenements-cocktails\/#breadcrumb\",\"itemListElement\":[{\"@type\":\"ListItem\",\"position\":1,\"name\":\"Home\",\"item\":\"https:\/\/www.stiritup.be\/cocktail\/\"},{\"@type\":\"ListItem\",\"position\":2,\"name\":\"Bar \u00e0 cocktails pour entreprises et \u00e9v\u00e8nements professionnels\",\"item\":\"https:\/\/www.stiritup.be\/cocktail\/bar-a-cocktails-entreprises-evenements-professionels\/\"},{\"@type\":\"ListItem\",\"position\":3,\"name\":\"Corporate events\"}]},{\"@type\":\"WebSite\",\"@id\":\"https:\/\/www.stiritup.be\/cocktail\/#website\",\"url\":\"https:\/\/www.stiritup.be\/cocktail\/\",\"name\":\"Stir It Up - Cocktail\",\"description\":\"Cocktails bartending\",\"potentialAction\":[{\"@type\":\"SearchAction\",\"target\":{\"@type\":\"EntryPoint\",\"urlTemplate\":\"https:\/\/www.stiritup.be\/cocktail\/?s={search_term_string}\"},\"query-input\":\"required name=search_term_string\"}],\"inLanguage\":\"en-US\"}]}<\/script>\n<!-- \/ Yoast SEO plugin. -->","yoast_head_json":{"title":"Corporate events - Stir It Up - Cocktail","robots":{"index":"index","follow":"follow","max-snippet":"max-snippet:-1","max-image-preview":"max-image-preview:large","max-video-preview":"max-video-preview:-1"},"canonical":"https:\/\/www.stiritup.be\/cocktail\/bar-a-cocktails-entreprises-evenements-professionels\/evenements-cocktails\/","og_locale":"en_US","og_type":"article","og_title":"Corporate events - Stir It Up - Cocktail","og_description":"Cocktail catering pour vos \u00e9v\u00e9nements corporate et\/ou commerciaux Stir it Up organise le service de bar et de restauration de votre \u00e9v\u00e9nement autour du cocktail de A \u00e0 Z, pour [&hellip;]","og_url":"https:\/\/www.stiritup.be\/cocktail\/bar-a-cocktails-entreprises-evenements-professionels\/evenements-cocktails\/","og_site_name":"Stir It Up - Cocktail","article_publisher":"https:\/\/www.facebook.com\/StiritupCocktails","article_modified_time":"2017-06-11T08:39:25+00:00","og_image":[{"url":"https:\/\/www.stiritup.be\/cocktail\/wp-content\/uploads\/2015\/01\/Bar-cocktail-Stir-it-Up-Gastby-le-Magnifique-6-150x150.jpg"}],"twitter_misc":{"Est. reading time":"2 minutes"},"schema":{"@context":"https:\/\/schema.org","@graph":[{"@type":"WebPage","@id":"https:\/\/www.stiritup.be\/cocktail\/bar-a-cocktails-entreprises-evenements-professionels\/evenements-cocktails\/","url":"https:\/\/www.stiritup.be\/cocktail\/bar-a-cocktails-entreprises-evenements-professionels\/evenements-cocktails\/","name":"Corporate events - Stir It Up - Cocktail","isPartOf":{"@id":"https:\/\/www.stiritup.be\/cocktail\/#website"},"datePublished":"2013-09-12T12:35:42+00:00","dateModified":"2017-06-11T08:39:25+00:00","breadcrumb":{"@id":"https:\/\/www.stiritup.be\/cocktail\/bar-a-cocktails-entreprises-evenements-professionels\/evenements-cocktails\/#breadcrumb"},"inLanguage":"en-US","potentialAction":[{"@type":"ReadAction","target":["https:\/\/www.stiritup.be\/cocktail\/bar-a-cocktails-entreprises-evenements-professionels\/evenements-cocktails\/"]}]},{"@type":"BreadcrumbList","@id":"https:\/\/www.stiritup.be\/cocktail\/bar-a-cocktails-entreprises-evenements-professionels\/evenements-cocktails\/#breadcrumb","itemListElement":[{"@type":"ListItem","position":1,"name":"Home","item":"https:\/\/www.stiritup.be\/cocktail\/"},{"@type":"ListItem","position":2,"name":"Bar \u00e0 cocktails pour entreprises et \u00e9v\u00e8nements professionnels","item":"https:\/\/www.stiritup.be\/cocktail\/bar-a-cocktails-entreprises-evenements-professionels\/"},{"@type":"ListItem","position":3,"name":"Corporate events"}]},{"@type":"WebSite","@id":"https:\/\/www.stiritup.be\/cocktail\/#website","url":"https:\/\/www.stiritup.be\/cocktail\/","name":"Stir It Up - Cocktail","description":"Cocktails bartending","potentialAction":[{"@type":"SearchAction","target":{"@type":"EntryPoint","urlTemplate":"https:\/\/www.stiritup.be\/cocktail\/?s={search_term_string}"},"query-input":"required name=search_term_string"}],"inLanguage":"en-US"}]}},"_links":{"self":[{"href":"https:\/\/www.stiritup.be\/cocktail\/wp-json\/wp\/v2\/pages\/258"}],"collection":[{"href":"https:\/\/www.stiritup.be\/cocktail\/wp-json\/wp\/v2\/pages"}],"about":[{"href":"https:\/\/www.stiritup.be\/cocktail\/wp-json\/wp\/v2\/types\/page"}],"author":[{"embeddable":true,"href":"https:\/\/www.stiritup.be\/cocktail\/wp-json\/wp\/v2\/users\/3"}],"replies":[{"embeddable":true,"href":"https:\/\/www.stiritup.be\/cocktail\/wp-json\/wp\/v2\/comments?post=258"}],"version-history":[{"count":0,"href":"https:\/\/www.stiritup.be\/cocktail\/wp-json\/wp\/v2\/pages\/258\/revisions"}],"up":[{"embeddable":true,"href":"https:\/\/www.stiritup.be\/cocktail\/wp-json\/wp\/v2\/pages\/93"}],"wp:attachment":[{"href":"https:\/\/www.stiritup.be\/cocktail\/wp-json\/wp\/v2\/media?parent=258"}],"curies":[{"name":"wp","href":"https:\/\/api.w.org\/{rel}","templated":true}]}}