{"id":249,"date":"2013-09-12T13:31:33","date_gmt":"2013-09-12T12:31:33","guid":{"rendered":"http:\/\/www.jetest.be\/stiritup\/?page_id=249"},"modified":"2019-03-09T21:04:43","modified_gmt":"2019-03-09T20:04:43","slug":"ateliers-cocktails","status":"publish","type":"page","link":"https:\/\/www.stiritup.be\/cocktail\/bar-a-cocktails-pour-particuliers\/ateliers-cocktails\/","title":{"rendered":"Ateliers cocktails"},"content":{"rendered":"<h2>Ateliers cocktail : apprenez \u00e0 r\u00e9aliser vos cocktails favoris, chez vous, entre amis, dans une ambiance festive !<\/h2>\n<p>Nos<strong> Ateliers cocktails <\/strong>sont particuli\u00e8rement appr\u00e9ci\u00e9s par les fans de <strong>cocktails<\/strong>, mais aussi lors des anniversaires surprises et <span style=\"color: #99cc00;\"><a title=\"Enterrements de vie de gar\u00e7on \u2013 jeune fille\" href=\"http:\/\/www.stiritup.be\/cocktail\/enterrements-de-vie-de-garcon-jeune-fille\/\" target=\"_blank\" rel=\"noopener noreferrer\"><span style=\"color: #99cc00;\"><strong>enterrements de vie de gar\u00e7on\/jeune fille<\/strong><\/span><\/a><\/span>\u00a0: dans une ambiance conviviale et d\u00e9contract\u00e9e, vous apprenez <strong>comment r\u00e9aliser vos cocktails favoris.<\/strong><\/p>\n<p><img decoding=\"async\" class=\"alignnone wp-image-569\" title=\"Atelier cocktail soir\u00e9e Beno\u00eet\" src=\"https:\/\/www.stiritup.be\/cocktail\/wp-content\/uploads\/2013\/10\/cocktail-cocktail-workshop-2-300x200.jpg\" alt=\"cocktail-cocktail-workshop-2\" width=\"240\" height=\"160\" srcset=\"https:\/\/www.stiritup.be\/cocktail\/wp-content\/uploads\/2013\/10\/cocktail-cocktail-workshop-2-300x200.jpg 300w, https:\/\/www.stiritup.be\/cocktail\/wp-content\/uploads\/2013\/10\/cocktail-cocktail-workshop-2.jpg 567w\" sizes=\"(max-width: 240px) 100vw, 240px\" \/>\u00a0\u00a0<img decoding=\"async\" class=\"alignnone wp-image-1033\" title=\"Atelier cocktails soir\u00e9e Beno\u00eet\" src=\"https:\/\/www.stiritup.be\/cocktail\/wp-content\/uploads\/2013\/11\/formation-barman-cocktail-300x200.jpg\" alt=\"formation-barman-cocktail\" width=\"240\" height=\"160\" srcset=\"https:\/\/www.stiritup.be\/cocktail\/wp-content\/uploads\/2013\/11\/formation-barman-cocktail-300x200.jpg 300w, https:\/\/www.stiritup.be\/cocktail\/wp-content\/uploads\/2013\/11\/formation-barman-cocktail.jpg 567w\" sizes=\"(max-width: 240px) 100vw, 240px\" \/>\u00a0\u00a0<img decoding=\"async\" class=\"wp-image-581 alignnone\" title=\"Atelier cocktail soir\u00e9e Beno\u00eet\" src=\"https:\/\/www.stiritup.be\/cocktail\/wp-content\/uploads\/2013\/10\/cocktail-cocktail-workshop-8-300x200.jpg\" alt=\"cocktail-cocktail-workshop-8\" width=\"240\" height=\"160\" srcset=\"https:\/\/www.stiritup.be\/cocktail\/wp-content\/uploads\/2013\/10\/cocktail-cocktail-workshop-8-300x200.jpg 300w, https:\/\/www.stiritup.be\/cocktail\/wp-content\/uploads\/2013\/10\/cocktail-cocktail-workshop-8.jpg 567w\" sizes=\"(max-width: 240px) 100vw, 240px\" \/><\/p>\n<p>Concr\u00e8tement, le barman se rend chez vous et\u00a0r\u00e9alise \u00e0 la minute des\u00a0cocktails \u00e0 volont\u00e9 sur la dur\u00e9e de l\u2019activit\u00e9 (1h30-2h), avec\u00a0pour les convives qui le souhaitent, un\u00a0poste de travail interactif avec du mat\u00e9riel professionnel et un coaching personnalis\u00e9.\u00a0\u00a0Chacun re\u00e7oit\u00a0un livret reprenant des recettes de cocktails.<\/p>\n<p>Les explications donn\u00e9es sont 100% personnalis\u00e9es aux d\u00e9sirs de chacun. Par exemple :\u00a0<a title=\"M\u00e9thodologie\" href=\"http:\/\/www.stiritup.be\/cocktail\/methodologie\/\">techniques de pr\u00e9paration<\/a> (stir, slow shake, shake, build in, blend\u2026), rudiments du \u00ab<a title=\"M\u00e9thodologie\" href=\"http:\/\/www.stiritup.be\/cocktail\/methodologie\/\">working flair<\/a>\u00bb (pr\u00e9parer les cocktails avec style, avec des mouvements de jonglerie), maniement des <a title=\"Mat\u00e9riel pour r\u00e9aliser des cocktails\" href=\"http:\/\/www.stiritup.be\/cocktail\/materiel-pour-realiser-des-cocktails\/\">ustensiles<\/a> (shaker, cuiller \u00e0 m\u00e9lange, blender\u2026), d\u00e9coupe des fruits et styles de d\u00e9corations, types de verres, historique des cocktails et des alcools qui les composent\u2026<\/p>\n<p><img decoding=\"async\" class=\"alignnone wp-image-2485 size-thumbnail\" src=\"https:\/\/www.stiritup.be\/cocktail\/wp-content\/uploads\/2013\/09\/Atelier-cocktails-Cook-n-roll-1-150x150.jpg\" alt=\"Atelier cocktails Cook 'n' roll 1\" width=\"150\" height=\"150\" srcset=\"https:\/\/www.stiritup.be\/cocktail\/wp-content\/uploads\/2013\/09\/Atelier-cocktails-Cook-n-roll-1-66x66.jpg 66w, https:\/\/www.stiritup.be\/cocktail\/wp-content\/uploads\/2013\/09\/Atelier-cocktails-Cook-n-roll-1-150x150.jpg 150w, https:\/\/www.stiritup.be\/cocktail\/wp-content\/uploads\/2013\/09\/Atelier-cocktails-Cook-n-roll-1.jpg 159w\" sizes=\"(max-width: 150px) 100vw, 150px\" \/><img decoding=\"async\" class=\"alignnone wp-image-2487 size-thumbnail\" src=\"https:\/\/www.stiritup.be\/cocktail\/wp-content\/uploads\/2013\/09\/Atelier-cocktails-Cook-n-roll-3-150x150.jpg\" alt=\"Atelier cocktails Cook 'n' roll 3\" width=\"150\" height=\"150\" srcset=\"https:\/\/www.stiritup.be\/cocktail\/wp-content\/uploads\/2013\/09\/Atelier-cocktails-Cook-n-roll-3-66x66.jpg 66w, https:\/\/www.stiritup.be\/cocktail\/wp-content\/uploads\/2013\/09\/Atelier-cocktails-Cook-n-roll-3-150x150.jpg 150w, https:\/\/www.stiritup.be\/cocktail\/wp-content\/uploads\/2013\/09\/Atelier-cocktails-Cook-n-roll-3.jpg 159w\" sizes=\"(max-width: 150px) 100vw, 150px\" \/><img decoding=\"async\" class=\"alignnone wp-image-2488 size-thumbnail\" src=\"https:\/\/www.stiritup.be\/cocktail\/wp-content\/uploads\/2013\/09\/Atelier-cocktails-Cook-n-roll-4-150x150.jpg\" alt=\"Atelier cocktails Cook 'n' roll 4\" width=\"150\" height=\"150\" srcset=\"https:\/\/www.stiritup.be\/cocktail\/wp-content\/uploads\/2013\/09\/Atelier-cocktails-Cook-n-roll-4-66x66.jpg 66w, https:\/\/www.stiritup.be\/cocktail\/wp-content\/uploads\/2013\/09\/Atelier-cocktails-Cook-n-roll-4-150x150.jpg 150w, https:\/\/www.stiritup.be\/cocktail\/wp-content\/uploads\/2013\/09\/Atelier-cocktails-Cook-n-roll-4.jpg 159w\" sizes=\"(max-width: 150px) 100vw, 150px\" \/><img decoding=\"async\" class=\"alignnone wp-image-2489 size-thumbnail\" src=\"https:\/\/www.stiritup.be\/cocktail\/wp-content\/uploads\/2013\/09\/Atelier-cocktails-Cook-n-roll-5-150x150.jpg\" alt=\"Atelier cocktails Cook 'n' roll 5\" width=\"150\" height=\"150\" srcset=\"https:\/\/www.stiritup.be\/cocktail\/wp-content\/uploads\/2013\/09\/Atelier-cocktails-Cook-n-roll-5-66x66.jpg 66w, https:\/\/www.stiritup.be\/cocktail\/wp-content\/uploads\/2013\/09\/Atelier-cocktails-Cook-n-roll-5-150x150.jpg 150w, https:\/\/www.stiritup.be\/cocktail\/wp-content\/uploads\/2013\/09\/Atelier-cocktails-Cook-n-roll-5.jpg 530w\" sizes=\"(max-width: 150px) 100vw, 150px\" \/><img decoding=\"async\" class=\"alignnone wp-image-2491 size-thumbnail\" src=\"https:\/\/www.stiritup.be\/cocktail\/wp-content\/uploads\/2013\/09\/Atelier-cocktails-Cook-n-roll-6-150x150.jpg\" alt=\"Atelier cocktails Cook 'n' roll 6\" width=\"150\" height=\"150\" srcset=\"https:\/\/www.stiritup.be\/cocktail\/wp-content\/uploads\/2013\/09\/Atelier-cocktails-Cook-n-roll-6-66x66.jpg 66w, https:\/\/www.stiritup.be\/cocktail\/wp-content\/uploads\/2013\/09\/Atelier-cocktails-Cook-n-roll-6-150x150.jpg 150w, https:\/\/www.stiritup.be\/cocktail\/wp-content\/uploads\/2013\/09\/Atelier-cocktails-Cook-n-roll-6.jpg 159w\" sizes=\"(max-width: 150px) 100vw, 150px\" \/><img decoding=\"async\" class=\"alignnone wp-image-2492 size-thumbnail\" src=\"https:\/\/www.stiritup.be\/cocktail\/wp-content\/uploads\/2013\/09\/Atelier-cocktails-Cook-n-roll-7-150x150.jpg\" alt=\"Atelier cocktails Cook 'n' roll 7\" width=\"150\" height=\"150\" srcset=\"https:\/\/www.stiritup.be\/cocktail\/wp-content\/uploads\/2013\/09\/Atelier-cocktails-Cook-n-roll-7-66x66.jpg 66w, https:\/\/www.stiritup.be\/cocktail\/wp-content\/uploads\/2013\/09\/Atelier-cocktails-Cook-n-roll-7-150x150.jpg 150w, https:\/\/www.stiritup.be\/cocktail\/wp-content\/uploads\/2013\/09\/Atelier-cocktails-Cook-n-roll-7.jpg 159w\" sizes=\"(max-width: 150px) 100vw, 150px\" \/><img decoding=\"async\" class=\"alignnone wp-image-2493 size-thumbnail\" src=\"https:\/\/www.stiritup.be\/cocktail\/wp-content\/uploads\/2013\/09\/Atelier-cocktails-Cook-n-roll-8-150x150.jpg\" alt=\"Atelier cocktails Cook 'n' roll 8\" width=\"150\" height=\"150\" srcset=\"https:\/\/www.stiritup.be\/cocktail\/wp-content\/uploads\/2013\/09\/Atelier-cocktails-Cook-n-roll-8-66x66.jpg 66w, https:\/\/www.stiritup.be\/cocktail\/wp-content\/uploads\/2013\/09\/Atelier-cocktails-Cook-n-roll-8-150x150.jpg 150w, https:\/\/www.stiritup.be\/cocktail\/wp-content\/uploads\/2013\/09\/Atelier-cocktails-Cook-n-roll-8.jpg 159w\" sizes=\"(max-width: 150px) 100vw, 150px\" \/><img decoding=\"async\" class=\"alignnone wp-image-2494 size-thumbnail\" src=\"https:\/\/www.stiritup.be\/cocktail\/wp-content\/uploads\/2013\/09\/Atelier-cocktails-Cook-n-roll-9-150x150.jpg\" alt=\"Atelier cocktails Cook 'n' roll 9\" width=\"150\" height=\"150\" srcset=\"https:\/\/www.stiritup.be\/cocktail\/wp-content\/uploads\/2013\/09\/Atelier-cocktails-Cook-n-roll-9-66x66.jpg 66w, https:\/\/www.stiritup.be\/cocktail\/wp-content\/uploads\/2013\/09\/Atelier-cocktails-Cook-n-roll-9-150x150.jpg 150w, https:\/\/www.stiritup.be\/cocktail\/wp-content\/uploads\/2013\/09\/Atelier-cocktails-Cook-n-roll-9.jpg 159w\" sizes=\"(max-width: 150px) 100vw, 150px\" \/><img decoding=\"async\" class=\"alignnone wp-image-2495 size-thumbnail\" src=\"https:\/\/www.stiritup.be\/cocktail\/wp-content\/uploads\/2013\/09\/Atelier-cocktails-Cook-n-roll-10-150x150.jpg\" alt=\"Atelier cocktails Cook 'n' roll 10\" width=\"150\" height=\"150\" srcset=\"https:\/\/www.stiritup.be\/cocktail\/wp-content\/uploads\/2013\/09\/Atelier-cocktails-Cook-n-roll-10-66x66.jpg 66w, https:\/\/www.stiritup.be\/cocktail\/wp-content\/uploads\/2013\/09\/Atelier-cocktails-Cook-n-roll-10-150x150.jpg 150w, https:\/\/www.stiritup.be\/cocktail\/wp-content\/uploads\/2013\/09\/Atelier-cocktails-Cook-n-roll-10.jpg 159w\" sizes=\"(max-width: 150px) 100vw, 150px\" \/><img decoding=\"async\" class=\"alignnone wp-image-2496 size-thumbnail\" src=\"https:\/\/www.stiritup.be\/cocktail\/wp-content\/uploads\/2013\/09\/Atelier-cocktails-Cook-n-roll-11-150x150.jpg\" alt=\"Atelier cocktails Cook 'n' roll 11\" width=\"150\" height=\"150\" srcset=\"https:\/\/www.stiritup.be\/cocktail\/wp-content\/uploads\/2013\/09\/Atelier-cocktails-Cook-n-roll-11-66x66.jpg 66w, https:\/\/www.stiritup.be\/cocktail\/wp-content\/uploads\/2013\/09\/Atelier-cocktails-Cook-n-roll-11-150x150.jpg 150w, https:\/\/www.stiritup.be\/cocktail\/wp-content\/uploads\/2013\/09\/Atelier-cocktails-Cook-n-roll-11.jpg 159w\" sizes=\"(max-width: 150px) 100vw, 150px\" \/><img decoding=\"async\" class=\"alignnone wp-image-2497 size-thumbnail\" src=\"https:\/\/www.stiritup.be\/cocktail\/wp-content\/uploads\/2013\/09\/Atelier-cocktails-Cook-n-roll-12-150x150.jpg\" alt=\"Atelier cocktails Cook 'n' roll 12\" width=\"150\" height=\"150\" srcset=\"https:\/\/www.stiritup.be\/cocktail\/wp-content\/uploads\/2013\/09\/Atelier-cocktails-Cook-n-roll-12-66x66.jpg 66w, https:\/\/www.stiritup.be\/cocktail\/wp-content\/uploads\/2013\/09\/Atelier-cocktails-Cook-n-roll-12-150x150.jpg 150w, https:\/\/www.stiritup.be\/cocktail\/wp-content\/uploads\/2013\/09\/Atelier-cocktails-Cook-n-roll-12.jpg 159w\" sizes=\"(max-width: 150px) 100vw, 150px\" \/><img decoding=\"async\" class=\"alignnone wp-image-2498 size-thumbnail\" src=\"https:\/\/www.stiritup.be\/cocktail\/wp-content\/uploads\/2013\/09\/Atelier-cocktails-Cook-n-roll-13-150x150.jpg\" alt=\"Atelier cocktails Cook 'n' roll 13\" width=\"150\" height=\"150\" srcset=\"https:\/\/www.stiritup.be\/cocktail\/wp-content\/uploads\/2013\/09\/Atelier-cocktails-Cook-n-roll-13-66x66.jpg 66w, https:\/\/www.stiritup.be\/cocktail\/wp-content\/uploads\/2013\/09\/Atelier-cocktails-Cook-n-roll-13-150x150.jpg 150w, https:\/\/www.stiritup.be\/cocktail\/wp-content\/uploads\/2013\/09\/Atelier-cocktails-Cook-n-roll-13.jpg 159w\" sizes=\"(max-width: 150px) 100vw, 150px\" \/><\/p>\n<p>Cette formule comprend le service de location (<a title=\"Location de mat\u00e9riel &amp; livraison de cocktails\" href=\"http:\/\/www.stiritup.be\/cocktail\/bar-a-cocktails-pour-particuliers\/location-de-materiel-livraison-de-cocktails\/\"><strong>location de mat\u00e9riel &amp; livraison de cocktails<\/strong><\/a>) qui vous permet de continuer la soir\u00e9e entre vous, en mettant en pratique vos nouvelles comp\u00e9tences de barman \/barmaid cocktail et en servant vous-m\u00eames vos pr\u00e9parations favorites, puisque le mat\u00e9riel et les ingr\u00e9dients sont laiss\u00e9s \u00e0 disposition jusqu&#8217;au lendemain ! Ambiance de f\u00eate assur\u00e9e !<\/p>\n<h3><strong>TARIFS<\/strong>:<\/h3>\n<ul>\n<li>65 \u20ac TTC \/ personne (15 personnes minimum) + transport<\/li>\n<li>Pour les grands groupes (&gt; de 25 personnes): devis sur demande<\/li>\n<li>Contactez-nous pour v\u00e9rifier la disponibilit\u00e9 des barmen \u00e0 la date d\u00e9sir\u00e9e : info@stiritup.be<\/li>\n<\/ul>\n<p><img decoding=\"async\" class=\"alignnone wp-image-1365\" title=\"Atelier cocktails interactif Anniv Rudy\" src=\"https:\/\/www.stiritup.be\/cocktail\/wp-content\/uploads\/2014\/04\/Atelier-cocktails-Anniversaire-Rudy-13-300x198.jpg\" alt=\"Atelier cocktails Anniversaire Rudy 13\" width=\"240\" height=\"158\" srcset=\"https:\/\/www.stiritup.be\/cocktail\/wp-content\/uploads\/2014\/04\/Atelier-cocktails-Anniversaire-Rudy-13-300x198.jpg 300w, https:\/\/www.stiritup.be\/cocktail\/wp-content\/uploads\/2014\/04\/Atelier-cocktails-Anniversaire-Rudy-13.jpg 493w\" sizes=\"(max-width: 240px) 100vw, 240px\" \/>\u00a0\u00a0<img decoding=\"async\" class=\"alignnone wp-image-1371\" title=\"Atelier cocktails interactif Anniv Rudy\" src=\"https:\/\/www.stiritup.be\/cocktail\/wp-content\/uploads\/2014\/04\/Atelier-cocktails-Anniversaire-Rudy-19-198x300.jpg\" alt=\"Atelier cocktails Anniversaire Rudy 19\" width=\"100\" height=\"151\" srcset=\"https:\/\/www.stiritup.be\/cocktail\/wp-content\/uploads\/2014\/04\/Atelier-cocktails-Anniversaire-Rudy-19-198x300.jpg 198w, https:\/\/www.stiritup.be\/cocktail\/wp-content\/uploads\/2014\/04\/Atelier-cocktails-Anniversaire-Rudy-19.jpg 327w\" sizes=\"(max-width: 100px) 100vw, 100px\" \/>\u00a0\u00a0<img decoding=\"async\" class=\"alignnone wp-image-1377\" title=\"Atelier cocktails interactif Anniv Rudy\" src=\"https:\/\/www.stiritup.be\/cocktail\/wp-content\/uploads\/2014\/04\/Atelier-cocktails-Anniversaire-Rudy-23-300x198.jpg\" alt=\"Atelier cocktails Anniversaire Rudy 23\" width=\"240\" height=\"158\" srcset=\"https:\/\/www.stiritup.be\/cocktail\/wp-content\/uploads\/2014\/04\/Atelier-cocktails-Anniversaire-Rudy-23-300x198.jpg 300w, https:\/\/www.stiritup.be\/cocktail\/wp-content\/uploads\/2014\/04\/Atelier-cocktails-Anniversaire-Rudy-23.jpg 493w\" sizes=\"(max-width: 240px) 100vw, 240px\" \/><\/p>\n<p>Vous accueillez des invit\u00e9s chez vous ou organisez une r\u00e9ception de plus grande ampleur ? Pensez alors aux solutions cocktail de Stir it Up : <a title=\"Bar \u00e0 cocktails \u00e0 domicile\" href=\"http:\/\/www.stiritup.be\/cocktail\/bar-a-cocktails-pour-particuliers\/bar-cocktail-a-domicile\/\"><span style=\"color: #99cc00;\">Bar \u00e0 cocktail \u00e0 domicile<\/span><\/a> \u2022 <a title=\"R\u00e9ceptions &amp; \u00e9v\u00e8nements\" href=\"http:\/\/www.stiritup.be\/cocktail\/bar-a-cocktails-pour-particuliers\/receptions-evenements-cocktails\/\"><span style=\"color: #99cc00;\">R\u00e9ceptions &amp; \u00e9v\u00e8nements<\/span><\/a><\/p>\n<h4>Curieux de visionner d\u2019autres photos des \u00e9v\u00e9nements Stir it Up ?<\/h4>\n<p>Visitez notre\u00a0<a title=\"Blog Stir it Up\" href=\"http:\/\/www.stiritup.be\/cocktail\/news\/\" target=\"_self\" rel=\"noopener noreferrer\">blog\u00a0<\/a>et d\u00e9couvrez plusieurs de nos collaborations r\u00e9centes<\/p>\n<div class=\"fusion-fullwidth fullwidth-box fusion-builder-row-1 hundred-percent-fullwidth non-hundred-percent-height-scrolling\" style=\"--awb-border-radius-top-left:0px;--awb-border-radius-top-right:0px;--awb-border-radius-bottom-right:0px;--awb-border-radius-bottom-left:0px;--awb-overflow:visible;--awb-flex-wrap:wrap;\" ><div class=\"fusion-builder-row fusion-row\"><div class=\"fusion-layout-column fusion_builder_column fusion-builder-column-0 fusion_builder_column_1_1 1_1 fusion-one-full fusion-column-first fusion-column-last fusion-column-no-min-height\" style=\"--awb-bg-size:cover;--awb-margin-bottom:0px;\"><div class=\"fusion-column-wrapper fusion-flex-column-wrapper-legacy\"><div class=\"fusion-button-wrapper\"><a class=\"fusion-button button-flat button-large or small button-e.g. green fusion-button-e.g. green button-1 fusion-button-default-span fusion-button-default-type\" target=\"_parent\" href=\"\/cocktail\/contact\/\"><span class=\"fusion-button-text\">Contactez-nous<\/span><\/a><\/div>\n<p><a title=\"T\u00e9moignages\" href=\"http:\/\/www.stiritup.be\/cocktail\/temoignages-cocktails\/\"><span style=\"color: #99cc00;\"><span style=\"color: #99cc00;\">T\u00e9moignages\u2026<\/span><\/span><\/a><div class=\"fusion-clearfix\"><\/div><\/div><\/div><\/div><\/div>\n","protected":false},"excerpt":{"rendered":"<p>Ateliers cocktail : apprenez \u00e0 r\u00e9aliser vos cocktails favoris, chez vous, entre amis, dans une ambiance festive ! Nos Ateliers cocktails sont particuli\u00e8rement appr\u00e9ci\u00e9s par les fans de cocktails, mais [&hellip;]<\/p>\n","protected":false},"author":3,"featured_media":0,"parent":90,"menu_order":0,"comment_status":"closed","ping_status":"closed","template":"","meta":{"footnotes":""},"yoast_head":"<!-- This site is optimized with the Yoast SEO plugin v21.4 - https:\/\/yoast.com\/wordpress\/plugins\/seo\/ -->\n<title>Ateliers cocktails : cours et formations pour r\u00e9aliser des cocktails<\/title>\n<meta name=\"description\" content=\"Nos ateliers cocktail (formations) pour apprendre \u00e0 r\u00e9aliser des cocktails: ils sont particuli\u00e8rement appr\u00e9ci\u00e9s par les fans de cocktails mais aussi\u2026\" \/>\n<meta name=\"robots\" content=\"index, follow, max-snippet:-1, max-image-preview:large, max-video-preview:-1\" \/>\n<link rel=\"canonical\" href=\"https:\/\/www.stiritup.be\/cocktail\/bar-a-cocktails-pour-particuliers\/ateliers-cocktails\/\" \/>\n<meta property=\"og:locale\" content=\"en_US\" \/>\n<meta property=\"og:type\" content=\"article\" \/>\n<meta property=\"og:title\" content=\"Ateliers cocktails : cours et formations pour r\u00e9aliser des cocktails\" \/>\n<meta property=\"og:description\" content=\"Nos ateliers cocktail (formations) pour apprendre \u00e0 r\u00e9aliser des cocktails: ils sont particuli\u00e8rement appr\u00e9ci\u00e9s par les fans de cocktails mais aussi\u2026\" \/>\n<meta property=\"og:url\" content=\"https:\/\/www.stiritup.be\/cocktail\/bar-a-cocktails-pour-particuliers\/ateliers-cocktails\/\" \/>\n<meta property=\"og:site_name\" content=\"Stir It Up - Cocktail\" \/>\n<meta property=\"article:publisher\" content=\"https:\/\/www.facebook.com\/StiritupCocktails\" \/>\n<meta property=\"article:modified_time\" content=\"2019-03-09T20:04:43+00:00\" \/>\n<meta property=\"og:image\" content=\"http:\/\/www.stiritup.be\/cocktail\/wp-content\/uploads\/2013\/10\/cocktail-cocktail-workshop-2-300x200.jpg\" \/>\n<meta name=\"twitter:label1\" content=\"Est. reading time\" \/>\n\t<meta name=\"twitter:data1\" content=\"2 minutes\" \/>\n<script type=\"application\/ld+json\" class=\"yoast-schema-graph\">{\"@context\":\"https:\/\/schema.org\",\"@graph\":[{\"@type\":\"WebPage\",\"@id\":\"https:\/\/www.stiritup.be\/cocktail\/bar-a-cocktails-pour-particuliers\/ateliers-cocktails\/\",\"url\":\"https:\/\/www.stiritup.be\/cocktail\/bar-a-cocktails-pour-particuliers\/ateliers-cocktails\/\",\"name\":\"Ateliers cocktails : cours et formations pour r\u00e9aliser des cocktails\",\"isPartOf\":{\"@id\":\"https:\/\/www.stiritup.be\/cocktail\/#website\"},\"datePublished\":\"2013-09-12T12:31:33+00:00\",\"dateModified\":\"2019-03-09T20:04:43+00:00\",\"description\":\"Nos ateliers cocktail (formations) pour apprendre \u00e0 r\u00e9aliser des cocktails: ils sont particuli\u00e8rement appr\u00e9ci\u00e9s par les fans de cocktails mais aussi\u2026\",\"breadcrumb\":{\"@id\":\"https:\/\/www.stiritup.be\/cocktail\/bar-a-cocktails-pour-particuliers\/ateliers-cocktails\/#breadcrumb\"},\"inLanguage\":\"en-US\",\"potentialAction\":[{\"@type\":\"ReadAction\",\"target\":[\"https:\/\/www.stiritup.be\/cocktail\/bar-a-cocktails-pour-particuliers\/ateliers-cocktails\/\"]}]},{\"@type\":\"BreadcrumbList\",\"@id\":\"https:\/\/www.stiritup.be\/cocktail\/bar-a-cocktails-pour-particuliers\/ateliers-cocktails\/#breadcrumb\",\"itemListElement\":[{\"@type\":\"ListItem\",\"position\":1,\"name\":\"Home\",\"item\":\"https:\/\/www.stiritup.be\/cocktail\/\"},{\"@type\":\"ListItem\",\"position\":2,\"name\":\"Bar \u00e0 cocktails pour particuliers\",\"item\":\"https:\/\/www.stiritup.be\/cocktail\/bar-a-cocktails-pour-particuliers\/\"},{\"@type\":\"ListItem\",\"position\":3,\"name\":\"Ateliers cocktails\"}]},{\"@type\":\"WebSite\",\"@id\":\"https:\/\/www.stiritup.be\/cocktail\/#website\",\"url\":\"https:\/\/www.stiritup.be\/cocktail\/\",\"name\":\"Stir It Up - Cocktail\",\"description\":\"Cocktails bartending\",\"potentialAction\":[{\"@type\":\"SearchAction\",\"target\":{\"@type\":\"EntryPoint\",\"urlTemplate\":\"https:\/\/www.stiritup.be\/cocktail\/?s={search_term_string}\"},\"query-input\":\"required name=search_term_string\"}],\"inLanguage\":\"en-US\"}]}<\/script>\n<!-- \/ Yoast SEO plugin. -->","yoast_head_json":{"title":"Ateliers cocktails : cours et formations pour r\u00e9aliser des cocktails","description":"Nos ateliers cocktail (formations) pour apprendre \u00e0 r\u00e9aliser des cocktails: ils sont particuli\u00e8rement appr\u00e9ci\u00e9s par les fans de cocktails mais aussi\u2026","robots":{"index":"index","follow":"follow","max-snippet":"max-snippet:-1","max-image-preview":"max-image-preview:large","max-video-preview":"max-video-preview:-1"},"canonical":"https:\/\/www.stiritup.be\/cocktail\/bar-a-cocktails-pour-particuliers\/ateliers-cocktails\/","og_locale":"en_US","og_type":"article","og_title":"Ateliers cocktails : cours et formations pour r\u00e9aliser des cocktails","og_description":"Nos ateliers cocktail (formations) pour apprendre \u00e0 r\u00e9aliser des cocktails: ils sont particuli\u00e8rement appr\u00e9ci\u00e9s par les fans de cocktails mais aussi\u2026","og_url":"https:\/\/www.stiritup.be\/cocktail\/bar-a-cocktails-pour-particuliers\/ateliers-cocktails\/","og_site_name":"Stir It Up - Cocktail","article_publisher":"https:\/\/www.facebook.com\/StiritupCocktails","article_modified_time":"2019-03-09T20:04:43+00:00","og_image":[{"url":"http:\/\/www.stiritup.be\/cocktail\/wp-content\/uploads\/2013\/10\/cocktail-cocktail-workshop-2-300x200.jpg"}],"twitter_misc":{"Est. reading time":"2 minutes"},"schema":{"@context":"https:\/\/schema.org","@graph":[{"@type":"WebPage","@id":"https:\/\/www.stiritup.be\/cocktail\/bar-a-cocktails-pour-particuliers\/ateliers-cocktails\/","url":"https:\/\/www.stiritup.be\/cocktail\/bar-a-cocktails-pour-particuliers\/ateliers-cocktails\/","name":"Ateliers cocktails : cours et formations pour r\u00e9aliser des cocktails","isPartOf":{"@id":"https:\/\/www.stiritup.be\/cocktail\/#website"},"datePublished":"2013-09-12T12:31:33+00:00","dateModified":"2019-03-09T20:04:43+00:00","description":"Nos ateliers cocktail (formations) pour apprendre \u00e0 r\u00e9aliser des cocktails: ils sont particuli\u00e8rement appr\u00e9ci\u00e9s par les fans de cocktails mais aussi\u2026","breadcrumb":{"@id":"https:\/\/www.stiritup.be\/cocktail\/bar-a-cocktails-pour-particuliers\/ateliers-cocktails\/#breadcrumb"},"inLanguage":"en-US","potentialAction":[{"@type":"ReadAction","target":["https:\/\/www.stiritup.be\/cocktail\/bar-a-cocktails-pour-particuliers\/ateliers-cocktails\/"]}]},{"@type":"BreadcrumbList","@id":"https:\/\/www.stiritup.be\/cocktail\/bar-a-cocktails-pour-particuliers\/ateliers-cocktails\/#breadcrumb","itemListElement":[{"@type":"ListItem","position":1,"name":"Home","item":"https:\/\/www.stiritup.be\/cocktail\/"},{"@type":"ListItem","position":2,"name":"Bar \u00e0 cocktails pour particuliers","item":"https:\/\/www.stiritup.be\/cocktail\/bar-a-cocktails-pour-particuliers\/"},{"@type":"ListItem","position":3,"name":"Ateliers cocktails"}]},{"@type":"WebSite","@id":"https:\/\/www.stiritup.be\/cocktail\/#website","url":"https:\/\/www.stiritup.be\/cocktail\/","name":"Stir It Up - Cocktail","description":"Cocktails bartending","potentialAction":[{"@type":"SearchAction","target":{"@type":"EntryPoint","urlTemplate":"https:\/\/www.stiritup.be\/cocktail\/?s={search_term_string}"},"query-input":"required name=search_term_string"}],"inLanguage":"en-US"}]}},"_links":{"self":[{"href":"https:\/\/www.stiritup.be\/cocktail\/wp-json\/wp\/v2\/pages\/249"}],"collection":[{"href":"https:\/\/www.stiritup.be\/cocktail\/wp-json\/wp\/v2\/pages"}],"about":[{"href":"https:\/\/www.stiritup.be\/cocktail\/wp-json\/wp\/v2\/types\/page"}],"author":[{"embeddable":true,"href":"https:\/\/www.stiritup.be\/cocktail\/wp-json\/wp\/v2\/users\/3"}],"replies":[{"embeddable":true,"href":"https:\/\/www.stiritup.be\/cocktail\/wp-json\/wp\/v2\/comments?post=249"}],"version-history":[{"count":7,"href":"https:\/\/www.stiritup.be\/cocktail\/wp-json\/wp\/v2\/pages\/249\/revisions"}],"predecessor-version":[{"id":2784,"href":"https:\/\/www.stiritup.be\/cocktail\/wp-json\/wp\/v2\/pages\/249\/revisions\/2784"}],"up":[{"embeddable":true,"href":"https:\/\/www.stiritup.be\/cocktail\/wp-json\/wp\/v2\/pages\/90"}],"wp:attachment":[{"href":"https:\/\/www.stiritup.be\/cocktail\/wp-json\/wp\/v2\/media?parent=249"}],"curies":[{"name":"wp","href":"https:\/\/api.w.org\/{rel}","templated":true}]}}