{"id":247,"date":"2013-09-12T13:30:27","date_gmt":"2013-09-12T12:30:27","guid":{"rendered":"http:\/\/www.jetest.be\/stiritup\/?page_id=247"},"modified":"2019-03-09T21:13:47","modified_gmt":"2019-03-09T20:13:47","slug":"bar-cocktail-a-domicile","status":"publish","type":"page","link":"https:\/\/www.stiritup.be\/cocktail\/bar-a-cocktails-pour-particuliers\/bar-cocktail-a-domicile\/","title":{"rendered":"Barman et bar \u00e0 cocktails \u00e0 domicile"},"content":{"rendered":"<h2>Bar \u00e0 cocktails \u00e0 domicile : votre barman \u00e0 domicile<\/h2>\n<p><img decoding=\"async\" class=\"wp-image-1385 alignright\" title=\"Barman cocktail \u00e0 domicile - Anniv 40 ans Pascal C.\" src=\"https:\/\/www.stiritup.be\/cocktail\/wp-content\/uploads\/2013\/09\/Barman-cocktail-\u00e0-domicile-270x300.jpg\" alt=\"Barman cocktail \u00e0 domicile\" width=\"173\" height=\"192\" srcset=\"https:\/\/www.stiritup.be\/cocktail\/wp-content\/uploads\/2013\/09\/Barman-cocktail-\u00e0-domicile-270x300.jpg 270w, https:\/\/www.stiritup.be\/cocktail\/wp-content\/uploads\/2013\/09\/Barman-cocktail-\u00e0-domicile-600x666.jpg 600w, https:\/\/www.stiritup.be\/cocktail\/wp-content\/uploads\/2013\/09\/Barman-cocktail-\u00e0-domicile-922x1024.jpg 922w, https:\/\/www.stiritup.be\/cocktail\/wp-content\/uploads\/2013\/09\/Barman-cocktail-\u00e0-domicile.jpg 3458w\" sizes=\"(max-width: 173px) 100vw, 173px\" \/><\/p>\n<p><strong>Stir it Up<\/strong> installe\u00a0un ou plusieurs bar(s) \u00e0 domicile, chez vous ou sur le lieu de votre \u00e9v\u00e9nement le temps d\u2019un ap\u00e9ritif, d\u2019une soir\u00e9e, ou pourquoi pas pour toute la journ\u00e9e\u2026<\/p>\n<p><img decoding=\"async\" class=\"wp-image-1850 alignleft\" title=\"Bar \u00e0 cocktails Stir it Up \u00e0 domicile - Mariage Max P.\" src=\"https:\/\/www.stiritup.be\/cocktail\/wp-content\/uploads\/2013\/09\/Bar-\u00e0-cocktails-Stir-it-Up-Mariage-5-225x300.jpg\" alt=\"Bar \u00e0 cocktails Stir it Up \u00e0 domicile\" width=\"144\" height=\"192\" srcset=\"https:\/\/www.stiritup.be\/cocktail\/wp-content\/uploads\/2013\/09\/Bar-\u00e0-cocktails-Stir-it-Up-Mariage-5-225x300.jpg 225w, https:\/\/www.stiritup.be\/cocktail\/wp-content\/uploads\/2013\/09\/Bar-\u00e0-cocktails-Stir-it-Up-Mariage-5.jpg 308w\" sizes=\"(max-width: 144px) 100vw, 144px\" \/><\/p>\n<p>Recevoir quelques amis ou c\u00e9l\u00e9brer un \u00e9v\u00e9nement \u00e0 la maison devient simple et agr\u00e9able : vous ne vous occupez de rien et profitez pleinement de vos convives !<\/p>\n<p>Qu\u2019il s\u2019agisse d\u2019un appartement, d\u2019une maison, d\u2019une terrasse ext\u00e9rieure, Stir it Up se d\u00e9place avec tout le mat\u00e9riel n\u00e9cessaire en fonction de votre installation et vos pr\u00e9f\u00e9rences.<\/p>\n<p>Votre domicile devient ainsi le dernier bar \u00e0 la mode, et sans risquer de devoir prendre sa voiture.<\/p>\n<p>Pour accompagner la d\u00e9gustation de ses cocktails, Stir it Up propose \u00e9galement un service traiteur qui comprend des tapas et autres d\u00e9couvertes culinaires sp\u00e9cialement adapt\u00e9es \u00e0 la carte de cocktails de votre soir\u00e9e.<\/p>\n<p><img decoding=\"async\" class=\"alignnone wp-image-627 size-thumbnail\" title=\"Barman cocktails \u00e0 domicile - Anniv 30 ans Julie H.\" src=\"https:\/\/www.stiritup.be\/cocktail\/wp-content\/uploads\/2013\/10\/cocktail-barman-a-domicile-2-150x150.jpg\" alt=\"Barman \u00e0 domicile - Anniv 30 ans Julie H.\" width=\"150\" height=\"150\" srcset=\"https:\/\/www.stiritup.be\/cocktail\/wp-content\/uploads\/2013\/10\/cocktail-barman-a-domicile-2-66x66.jpg 66w, https:\/\/www.stiritup.be\/cocktail\/wp-content\/uploads\/2013\/10\/cocktail-barman-a-domicile-2-150x150.jpg 150w, https:\/\/www.stiritup.be\/cocktail\/wp-content\/uploads\/2013\/10\/cocktail-barman-a-domicile-2.jpg 567w\" sizes=\"(max-width: 150px) 100vw, 150px\" \/>\u00a0<img decoding=\"async\" class=\"alignnone wp-image-2603 size-thumbnail\" src=\"https:\/\/www.stiritup.be\/cocktail\/wp-content\/uploads\/2013\/09\/Cocktails-Stir-it-Up-\u00e0-domicile-1-150x150.jpg\" alt=\"Cocktails Stir it Up \u00e0 domicile 1\" width=\"150\" height=\"150\" srcset=\"https:\/\/www.stiritup.be\/cocktail\/wp-content\/uploads\/2013\/09\/Cocktails-Stir-it-Up-\u00e0-domicile-1-66x66.jpg 66w, https:\/\/www.stiritup.be\/cocktail\/wp-content\/uploads\/2013\/09\/Cocktails-Stir-it-Up-\u00e0-domicile-1-150x150.jpg 150w, https:\/\/www.stiritup.be\/cocktail\/wp-content\/uploads\/2013\/09\/Cocktails-Stir-it-Up-\u00e0-domicile-1.jpg 800w\" sizes=\"(max-width: 150px) 100vw, 150px\" \/> <img decoding=\"async\" class=\"alignnone wp-image-633 size-thumbnail\" title=\"Barman cocktails \u00e0 domicile - Anniv Ben M.\" src=\"https:\/\/www.stiritup.be\/cocktail\/wp-content\/uploads\/2013\/10\/cocktail-soiree-cocktail-3-150x150.jpg\" alt=\"Barman \u00e0 domicile - Anniv Ben M.\" width=\"150\" height=\"150\" srcset=\"https:\/\/www.stiritup.be\/cocktail\/wp-content\/uploads\/2013\/10\/cocktail-soiree-cocktail-3-66x66.jpg 66w, https:\/\/www.stiritup.be\/cocktail\/wp-content\/uploads\/2013\/10\/cocktail-soiree-cocktail-3-150x150.jpg 150w, https:\/\/www.stiritup.be\/cocktail\/wp-content\/uploads\/2013\/10\/cocktail-soiree-cocktail-3.jpg 567w\" sizes=\"(max-width: 150px) 100vw, 150px\" \/> <img decoding=\"async\" class=\"alignnone wp-image-2598 size-thumbnail\" src=\"https:\/\/www.stiritup.be\/cocktail\/wp-content\/uploads\/2013\/09\/Cocktails-Stir-it-Up-\u00e0-domicile-6-150x150.jpg\" alt=\"Cocktails Stir it Up \u00e0 domicile 6\" width=\"150\" height=\"150\" srcset=\"https:\/\/www.stiritup.be\/cocktail\/wp-content\/uploads\/2013\/09\/Cocktails-Stir-it-Up-\u00e0-domicile-6-66x66.jpg 66w, https:\/\/www.stiritup.be\/cocktail\/wp-content\/uploads\/2013\/09\/Cocktails-Stir-it-Up-\u00e0-domicile-6-150x150.jpg 150w, https:\/\/www.stiritup.be\/cocktail\/wp-content\/uploads\/2013\/09\/Cocktails-Stir-it-Up-\u00e0-domicile-6.jpg 800w\" sizes=\"(max-width: 150px) 100vw, 150px\" \/> <img decoding=\"async\" class=\"alignnone wp-image-623 size-thumbnail\" title=\"Barman cocktails \u00e0 domicile - Vernissage France D.\" src=\"https:\/\/www.stiritup.be\/cocktail\/wp-content\/uploads\/2013\/10\/cocktail-bar-a-domicile-2-150x150.jpg\" alt=\"Barman cocktails \u00e0 domicile - Vernissage France D.\" width=\"150\" height=\"150\" srcset=\"https:\/\/www.stiritup.be\/cocktail\/wp-content\/uploads\/2013\/10\/cocktail-bar-a-domicile-2-66x66.jpg 66w, https:\/\/www.stiritup.be\/cocktail\/wp-content\/uploads\/2013\/10\/cocktail-bar-a-domicile-2-150x150.jpg 150w, https:\/\/www.stiritup.be\/cocktail\/wp-content\/uploads\/2013\/10\/cocktail-bar-a-domicile-2.jpg 567w\" sizes=\"(max-width: 150px) 100vw, 150px\" \/> <img decoding=\"async\" class=\"alignnone wp-image-2600 size-thumbnail\" src=\"https:\/\/www.stiritup.be\/cocktail\/wp-content\/uploads\/2013\/09\/Cocktails-Stir-it-Up-\u00e0-domicile-5-150x150.jpg\" alt=\"Cocktails Stir it Up \u00e0 domicile 5\" width=\"150\" height=\"150\" srcset=\"https:\/\/www.stiritup.be\/cocktail\/wp-content\/uploads\/2013\/09\/Cocktails-Stir-it-Up-\u00e0-domicile-5-66x66.jpg 66w, https:\/\/www.stiritup.be\/cocktail\/wp-content\/uploads\/2013\/09\/Cocktails-Stir-it-Up-\u00e0-domicile-5-150x150.jpg 150w, https:\/\/www.stiritup.be\/cocktail\/wp-content\/uploads\/2013\/09\/Cocktails-Stir-it-Up-\u00e0-domicile-5.jpg 641w\" sizes=\"(max-width: 150px) 100vw, 150px\" \/><\/p>\n<h3>Tarifs :<\/h3>\n<ul>\n<li>Formules \u00e0 partir de 1500 \u20ac TTC (25 personnes maximum)<\/li>\n<li>Au del\u00e0 de 25 personnes: suppl\u00e9ment de 32\u20ac TTC par convive<\/li>\n<\/ul>\n<p>&nbsp;<\/p>\n<p>Vous souhaitez pr\u00e9parer vous-m\u00eames de d\u00e9licieux cocktails avec vos invit\u00e9s ? Stir it Up propose de vous livrer le mat\u00e9riel, les ingr\u00e9dients et les recettes n\u00e9cessaires <a title=\"Location de mat\u00e9riel &amp; livraison de cocktails\" href=\"http:\/\/www.stiritup.be\/cocktail\/bar-a-cocktails-pour-particuliers\/location-de-materiel-livraison-de-cocktails\/\"><span style=\"color: #99cc00;\"><strong>Location de mat\u00e9riel &amp; livraison de cocktails<\/strong><\/span><\/a>.<\/p>\n<p>Envie d\u2019apprendre les techniques de pr\u00e9paration de vos cocktails pr\u00e9f\u00e9r\u00e9s entre amis ? Pensez \u00e0 la formule <strong><span style=\"color: #99cc00;\"><a title=\"Ateliers cocktails\" href=\"http:\/\/www.stiritup.be\/cocktail\/bar-a-cocktails-pour-particuliers\/ateliers-cocktails\/\"><span style=\"color: #99cc00;\">Ateliers cocktails<\/span><\/a><\/span><\/strong>.<\/p>\n<p>Vous organisez une r\u00e9ception de plus grande ampleur ? <strong>Stir it Up<\/strong> a une solution cocktail pour sublimer votre soir\u00e9e\u00a0 <strong><a title=\"R\u00e9ceptions &amp; \u00e9v\u00e8nements\" href=\"http:\/\/www.stiritup.be\/cocktail\/bar-a-cocktails-pour-particuliers\/receptions-evenements-cocktails\/\"><span style=\"color: #99cc00;\">R\u00e9ceptions &amp; \u00e9v\u00e8nements<\/span><\/a>.<\/strong><\/p>\n<div class=\"fusion-fullwidth fullwidth-box fusion-builder-row-1 hundred-percent-fullwidth non-hundred-percent-height-scrolling\" style=\"--awb-border-radius-top-left:0px;--awb-border-radius-top-right:0px;--awb-border-radius-bottom-right:0px;--awb-border-radius-bottom-left:0px;--awb-overflow:visible;--awb-flex-wrap:wrap;\" ><div class=\"fusion-builder-row fusion-row\"><div class=\"fusion-layout-column fusion_builder_column fusion-builder-column-0 fusion_builder_column_1_1 1_1 fusion-one-full fusion-column-first fusion-column-last fusion-column-no-min-height\" style=\"--awb-bg-size:cover;--awb-margin-bottom:0px;\"><div class=\"fusion-column-wrapper fusion-flex-column-wrapper-legacy\"><div class=\"fusion-button-wrapper\"><a class=\"fusion-button button-flat button-large or small button-e.g. green fusion-button-e.g. green button-1 fusion-button-default-span fusion-button-default-type\" target=\"_parent\" href=\"\/cocktail\/contact\/\"><span class=\"fusion-button-text\">Contactez-nous<\/span><\/a><\/div>\n<p>&nbsp;<\/p>\n<h3><a title=\"T\u00e9moignages\" href=\"http:\/\/www.stiritup.be\/cocktail\/temoignages-cocktails\/\"><span style=\"color: #99cc00;\"><span style=\"color: #99cc00;\">T\u00e9moignages\u2026<\/span><\/span><\/a><\/h3>\n<div class=\"fusion-clearfix\"><\/div><\/div><\/div><\/div><\/div>\n","protected":false},"excerpt":{"rendered":"<p>Bar \u00e0 cocktails \u00e0 domicile : votre barman \u00e0 domicile Stir it Up installe\u00a0un ou plusieurs bar(s) \u00e0 domicile, chez vous ou sur le lieu de votre \u00e9v\u00e9nement le temps [&hellip;]<\/p>\n","protected":false},"author":3,"featured_media":0,"parent":90,"menu_order":0,"comment_status":"closed","ping_status":"closed","template":"","meta":{"footnotes":""},"yoast_head":"<!-- This site is optimized with the Yoast SEO plugin v21.4 - https:\/\/yoast.com\/wordpress\/plugins\/seo\/ -->\n<title>Bar et barman cocktails \u00e0 domicile : votre barman cocktail \u00e0 domicile<\/title>\n<meta name=\"description\" content=\"Bar et barman cocktails \u00e0 domicile, votre barman \u00e0 domicile: Stir it Up installe un bar \u00e0 domicile sur le lieu de votre \u00e9v\u00e9nement le temps d\u2019un ap\u00e9ritif, \u2026\" \/>\n<meta name=\"robots\" content=\"index, follow, max-snippet:-1, max-image-preview:large, max-video-preview:-1\" \/>\n<link rel=\"canonical\" href=\"https:\/\/www.stiritup.be\/cocktail\/bar-a-cocktails-pour-particuliers\/bar-cocktail-a-domicile\/\" \/>\n<meta property=\"og:locale\" content=\"en_US\" \/>\n<meta property=\"og:type\" content=\"article\" \/>\n<meta property=\"og:title\" content=\"Bar et barman cocktails \u00e0 domicile : votre barman cocktail \u00e0 domicile\" \/>\n<meta property=\"og:description\" content=\"Bar et barman cocktails \u00e0 domicile, votre barman \u00e0 domicile: Stir it Up installe un bar \u00e0 domicile sur le lieu de votre \u00e9v\u00e9nement le temps d\u2019un ap\u00e9ritif, \u2026\" \/>\n<meta property=\"og:url\" content=\"https:\/\/www.stiritup.be\/cocktail\/bar-a-cocktails-pour-particuliers\/bar-cocktail-a-domicile\/\" \/>\n<meta property=\"og:site_name\" content=\"Stir It Up - Cocktail\" \/>\n<meta property=\"article:publisher\" content=\"https:\/\/www.facebook.com\/StiritupCocktails\" \/>\n<meta property=\"article:modified_time\" content=\"2019-03-09T20:13:47+00:00\" \/>\n<meta property=\"og:image\" content=\"http:\/\/www.stiritup.be\/cocktail\/wp-content\/uploads\/2013\/10\/cocktail-barman-a-domicile-2-150x150.jpg\" \/>\n<meta name=\"twitter:label1\" content=\"Est. reading time\" \/>\n\t<meta name=\"twitter:data1\" content=\"2 minutes\" \/>\n<script type=\"application\/ld+json\" class=\"yoast-schema-graph\">{\"@context\":\"https:\/\/schema.org\",\"@graph\":[{\"@type\":\"WebPage\",\"@id\":\"https:\/\/www.stiritup.be\/cocktail\/bar-a-cocktails-pour-particuliers\/bar-cocktail-a-domicile\/\",\"url\":\"https:\/\/www.stiritup.be\/cocktail\/bar-a-cocktails-pour-particuliers\/bar-cocktail-a-domicile\/\",\"name\":\"Bar et barman cocktails \u00e0 domicile : votre barman cocktail \u00e0 domicile\",\"isPartOf\":{\"@id\":\"https:\/\/www.stiritup.be\/cocktail\/#website\"},\"datePublished\":\"2013-09-12T12:30:27+00:00\",\"dateModified\":\"2019-03-09T20:13:47+00:00\",\"description\":\"Bar et barman cocktails \u00e0 domicile, votre barman \u00e0 domicile: Stir it Up installe un bar \u00e0 domicile sur le lieu de votre \u00e9v\u00e9nement le temps d\u2019un ap\u00e9ritif, \u2026\",\"breadcrumb\":{\"@id\":\"https:\/\/www.stiritup.be\/cocktail\/bar-a-cocktails-pour-particuliers\/bar-cocktail-a-domicile\/#breadcrumb\"},\"inLanguage\":\"en-US\",\"potentialAction\":[{\"@type\":\"ReadAction\",\"target\":[\"https:\/\/www.stiritup.be\/cocktail\/bar-a-cocktails-pour-particuliers\/bar-cocktail-a-domicile\/\"]}]},{\"@type\":\"BreadcrumbList\",\"@id\":\"https:\/\/www.stiritup.be\/cocktail\/bar-a-cocktails-pour-particuliers\/bar-cocktail-a-domicile\/#breadcrumb\",\"itemListElement\":[{\"@type\":\"ListItem\",\"position\":1,\"name\":\"Home\",\"item\":\"https:\/\/www.stiritup.be\/cocktail\/\"},{\"@type\":\"ListItem\",\"position\":2,\"name\":\"Bar \u00e0 cocktails pour particuliers\",\"item\":\"https:\/\/www.stiritup.be\/cocktail\/bar-a-cocktails-pour-particuliers\/\"},{\"@type\":\"ListItem\",\"position\":3,\"name\":\"Barman et bar \u00e0 cocktails \u00e0 domicile\"}]},{\"@type\":\"WebSite\",\"@id\":\"https:\/\/www.stiritup.be\/cocktail\/#website\",\"url\":\"https:\/\/www.stiritup.be\/cocktail\/\",\"name\":\"Stir It Up - Cocktail\",\"description\":\"Cocktails bartending\",\"potentialAction\":[{\"@type\":\"SearchAction\",\"target\":{\"@type\":\"EntryPoint\",\"urlTemplate\":\"https:\/\/www.stiritup.be\/cocktail\/?s={search_term_string}\"},\"query-input\":\"required name=search_term_string\"}],\"inLanguage\":\"en-US\"}]}<\/script>\n<!-- \/ Yoast SEO plugin. -->","yoast_head_json":{"title":"Bar et barman cocktails \u00e0 domicile : votre barman cocktail \u00e0 domicile","description":"Bar et barman cocktails \u00e0 domicile, votre barman \u00e0 domicile: Stir it Up installe un bar \u00e0 domicile sur le lieu de votre \u00e9v\u00e9nement le temps d\u2019un ap\u00e9ritif, \u2026","robots":{"index":"index","follow":"follow","max-snippet":"max-snippet:-1","max-image-preview":"max-image-preview:large","max-video-preview":"max-video-preview:-1"},"canonical":"https:\/\/www.stiritup.be\/cocktail\/bar-a-cocktails-pour-particuliers\/bar-cocktail-a-domicile\/","og_locale":"en_US","og_type":"article","og_title":"Bar et barman cocktails \u00e0 domicile : votre barman cocktail \u00e0 domicile","og_description":"Bar et barman cocktails \u00e0 domicile, votre barman \u00e0 domicile: Stir it Up installe un bar \u00e0 domicile sur le lieu de votre \u00e9v\u00e9nement le temps d\u2019un ap\u00e9ritif, \u2026","og_url":"https:\/\/www.stiritup.be\/cocktail\/bar-a-cocktails-pour-particuliers\/bar-cocktail-a-domicile\/","og_site_name":"Stir It Up - Cocktail","article_publisher":"https:\/\/www.facebook.com\/StiritupCocktails","article_modified_time":"2019-03-09T20:13:47+00:00","og_image":[{"url":"http:\/\/www.stiritup.be\/cocktail\/wp-content\/uploads\/2013\/10\/cocktail-barman-a-domicile-2-150x150.jpg"}],"twitter_misc":{"Est. reading time":"2 minutes"},"schema":{"@context":"https:\/\/schema.org","@graph":[{"@type":"WebPage","@id":"https:\/\/www.stiritup.be\/cocktail\/bar-a-cocktails-pour-particuliers\/bar-cocktail-a-domicile\/","url":"https:\/\/www.stiritup.be\/cocktail\/bar-a-cocktails-pour-particuliers\/bar-cocktail-a-domicile\/","name":"Bar et barman cocktails \u00e0 domicile : votre barman cocktail \u00e0 domicile","isPartOf":{"@id":"https:\/\/www.stiritup.be\/cocktail\/#website"},"datePublished":"2013-09-12T12:30:27+00:00","dateModified":"2019-03-09T20:13:47+00:00","description":"Bar et barman cocktails \u00e0 domicile, votre barman \u00e0 domicile: Stir it Up installe un bar \u00e0 domicile sur le lieu de votre \u00e9v\u00e9nement le temps d\u2019un ap\u00e9ritif, \u2026","breadcrumb":{"@id":"https:\/\/www.stiritup.be\/cocktail\/bar-a-cocktails-pour-particuliers\/bar-cocktail-a-domicile\/#breadcrumb"},"inLanguage":"en-US","potentialAction":[{"@type":"ReadAction","target":["https:\/\/www.stiritup.be\/cocktail\/bar-a-cocktails-pour-particuliers\/bar-cocktail-a-domicile\/"]}]},{"@type":"BreadcrumbList","@id":"https:\/\/www.stiritup.be\/cocktail\/bar-a-cocktails-pour-particuliers\/bar-cocktail-a-domicile\/#breadcrumb","itemListElement":[{"@type":"ListItem","position":1,"name":"Home","item":"https:\/\/www.stiritup.be\/cocktail\/"},{"@type":"ListItem","position":2,"name":"Bar \u00e0 cocktails pour particuliers","item":"https:\/\/www.stiritup.be\/cocktail\/bar-a-cocktails-pour-particuliers\/"},{"@type":"ListItem","position":3,"name":"Barman et bar \u00e0 cocktails \u00e0 domicile"}]},{"@type":"WebSite","@id":"https:\/\/www.stiritup.be\/cocktail\/#website","url":"https:\/\/www.stiritup.be\/cocktail\/","name":"Stir It Up - Cocktail","description":"Cocktails bartending","potentialAction":[{"@type":"SearchAction","target":{"@type":"EntryPoint","urlTemplate":"https:\/\/www.stiritup.be\/cocktail\/?s={search_term_string}"},"query-input":"required name=search_term_string"}],"inLanguage":"en-US"}]}},"_links":{"self":[{"href":"https:\/\/www.stiritup.be\/cocktail\/wp-json\/wp\/v2\/pages\/247"}],"collection":[{"href":"https:\/\/www.stiritup.be\/cocktail\/wp-json\/wp\/v2\/pages"}],"about":[{"href":"https:\/\/www.stiritup.be\/cocktail\/wp-json\/wp\/v2\/types\/page"}],"author":[{"embeddable":true,"href":"https:\/\/www.stiritup.be\/cocktail\/wp-json\/wp\/v2\/users\/3"}],"replies":[{"embeddable":true,"href":"https:\/\/www.stiritup.be\/cocktail\/wp-json\/wp\/v2\/comments?post=247"}],"version-history":[{"count":2,"href":"https:\/\/www.stiritup.be\/cocktail\/wp-json\/wp\/v2\/pages\/247\/revisions"}],"predecessor-version":[{"id":2789,"href":"https:\/\/www.stiritup.be\/cocktail\/wp-json\/wp\/v2\/pages\/247\/revisions\/2789"}],"up":[{"embeddable":true,"href":"https:\/\/www.stiritup.be\/cocktail\/wp-json\/wp\/v2\/pages\/90"}],"wp:attachment":[{"href":"https:\/\/www.stiritup.be\/cocktail\/wp-json\/wp\/v2\/media?parent=247"}],"curies":[{"name":"wp","href":"https:\/\/api.w.org\/{rel}","templated":true}]}}