{"id":18,"date":"2013-06-04T15:37:01","date_gmt":"2013-06-04T14:37:01","guid":{"rendered":"http:\/\/www.jetest.be\/stiritup\/?page_id=18"},"modified":"2016-11-17T10:33:53","modified_gmt":"2016-11-17T09:33:53","slug":"jobs-emploi-barman-barmaid","status":"publish","type":"page","link":"https:\/\/www.stiritup.be\/cocktail\/contact\/jobs-emploi-barman-barmaid\/","title":{"rendered":"Jobs: emploi barman, barmaid"},"content":{"rendered":"<h2>Nous sommes constamment \u00e0 la recherche de collaborateurs:<\/h2>\n<p>Vous \u00eates <strong>barman<\/strong> ou <strong>barmaid<\/strong>, professionnel du <strong>cocktail<\/strong> \u00e0 la recherche de collaborations ponctuelles au sein d\u2019une \u00e9quipe passionn\u00e9e ?<br \/>\nPour des missions vari\u00e9es chez ses clients, <strong>Stir it Up<\/strong> est constamment \u00e0 la recherche de collaborateurs exp\u00e9riment\u00e9s de confiance, avec un sens inn\u00e9 du contact client et de la communication professionnelle, de bonnes connaissances en langue, et une pr\u00e9sentation irr\u00e9prochable :<\/p>\n<ul>\n<li>Barman \/ Barmaid (avec exp\u00e9rience en r\u00e9alisation de cocktails, mise en place, service et conseils client\u00e8le\u2026)<\/li>\n<li>Barman \/ Barmaid jongleurs (working flair bartending)<\/li>\n<li>Flair performers (pour des exhibitions)<\/li>\n<li>Serveurs \/ Serveuses<\/li>\n<\/ul>\n<p>Vous n\u2019avez pas encore d\u2019exp\u00e9rience mais \u00eates passionn\u00e9 par l\u2019univers des <strong>cocktails<\/strong> ? Vous \u00eates organis\u00e9, professionnel et curieux de d\u00e9velopper de nouvelles comp\u00e9tences ?<\/p>\n<p style=\"padding-left: 30px;\"><strong>Stir it Up<\/strong> propose une <a title=\"Formation Barman cocktail\" href=\"http:\/\/www.stiritup.be\/cocktail\/cours-formation-barman-cocktails-horeca\/formation-barman-cocktail\/\"><strong>formation de barman cocktail<\/strong><\/a> (th\u00e9orie et mise en pratique) pour vous int\u00e9grer progressivement \u00e0 l\u2019\u00e9quipe.<\/p>\n<h3>Vous \u00eates \u00e9tudiant et cherchez une activit\u00e9 professionnelle ponctuelle, qui respecte vos horaires ? Stir it Up engage et forme des \u00e9tudiants aux m\u00e9tiers du cocktail et de l\u2019event, et vous permet de d\u00e9velopper vos comp\u00e9tences commerciales et organisationnelles dans un contexte original et fun.<\/h3>\n<p><strong>Int\u00e9ress\u00e9(e) ?<\/strong> Envoyez votre cv avec connaissance en langues, r\u00e9f\u00e9rences, et photo \u00e0\u00a0<a href=\"mailto:info@stiritup.be\"><b>info@stiritup.be<\/b><\/a><\/p>\n","protected":false},"excerpt":{"rendered":"<p>Nous sommes constamment \u00e0 la recherche de collaborateurs: Vous \u00eates barman ou barmaid, professionnel du cocktail \u00e0 la recherche de collaborations ponctuelles au sein d\u2019une \u00e9quipe passionn\u00e9e ? Pour des [&hellip;]<\/p>\n","protected":false},"author":3,"featured_media":0,"parent":667,"menu_order":6,"comment_status":"closed","ping_status":"open","template":"full-width.php","meta":{"footnotes":""},"yoast_head":"<!-- This site is optimized with the Yoast SEO plugin v21.4 - https:\/\/yoast.com\/wordpress\/plugins\/seo\/ -->\n<title>Jobs: emploi barman, barmaid - Stir It Up - Cocktail<\/title>\n<meta name=\"description\" content=\"Vous \u00eates barman ou barmaid, professionnel du cocktail \u00e0 la recherche de collaborations: Stir it Up propose une formation de barman cocktail pour vous\u2026\" \/>\n<meta name=\"robots\" content=\"index, follow, max-snippet:-1, max-image-preview:large, max-video-preview:-1\" \/>\n<link rel=\"canonical\" href=\"https:\/\/www.stiritup.be\/cocktail\/contact\/jobs-emploi-barman-barmaid\/\" \/>\n<meta property=\"og:locale\" content=\"en_US\" \/>\n<meta property=\"og:type\" content=\"article\" \/>\n<meta property=\"og:title\" content=\"Jobs: emploi barman, barmaid - Stir It Up - Cocktail\" \/>\n<meta property=\"og:description\" content=\"Vous \u00eates barman ou barmaid, professionnel du cocktail \u00e0 la recherche de collaborations: Stir it Up propose une formation de barman cocktail pour vous\u2026\" \/>\n<meta property=\"og:url\" content=\"https:\/\/www.stiritup.be\/cocktail\/contact\/jobs-emploi-barman-barmaid\/\" \/>\n<meta property=\"og:site_name\" content=\"Stir It Up - Cocktail\" \/>\n<meta property=\"article:publisher\" content=\"https:\/\/www.facebook.com\/StiritupCocktails\" \/>\n<meta property=\"article:modified_time\" content=\"2016-11-17T09:33:53+00:00\" \/>\n<meta name=\"twitter:label1\" content=\"Est. reading time\" \/>\n\t<meta name=\"twitter:data1\" content=\"1 minute\" \/>\n<script type=\"application\/ld+json\" class=\"yoast-schema-graph\">{\"@context\":\"https:\/\/schema.org\",\"@graph\":[{\"@type\":\"WebPage\",\"@id\":\"https:\/\/www.stiritup.be\/cocktail\/contact\/jobs-emploi-barman-barmaid\/\",\"url\":\"https:\/\/www.stiritup.be\/cocktail\/contact\/jobs-emploi-barman-barmaid\/\",\"name\":\"Jobs: emploi barman, barmaid - Stir It Up - Cocktail\",\"isPartOf\":{\"@id\":\"https:\/\/www.stiritup.be\/cocktail\/#website\"},\"datePublished\":\"2013-06-04T14:37:01+00:00\",\"dateModified\":\"2016-11-17T09:33:53+00:00\",\"description\":\"Vous \u00eates barman ou barmaid, professionnel du cocktail \u00e0 la recherche de collaborations: Stir it Up propose une formation de barman cocktail pour vous\u2026\",\"breadcrumb\":{\"@id\":\"https:\/\/www.stiritup.be\/cocktail\/contact\/jobs-emploi-barman-barmaid\/#breadcrumb\"},\"inLanguage\":\"en-US\",\"potentialAction\":[{\"@type\":\"ReadAction\",\"target\":[\"https:\/\/www.stiritup.be\/cocktail\/contact\/jobs-emploi-barman-barmaid\/\"]}]},{\"@type\":\"BreadcrumbList\",\"@id\":\"https:\/\/www.stiritup.be\/cocktail\/contact\/jobs-emploi-barman-barmaid\/#breadcrumb\",\"itemListElement\":[{\"@type\":\"ListItem\",\"position\":1,\"name\":\"Home\",\"item\":\"https:\/\/www.stiritup.be\/cocktail\/\"},{\"@type\":\"ListItem\",\"position\":2,\"name\":\"Contact\",\"item\":\"https:\/\/www.stiritup.be\/cocktail\/contact\/\"},{\"@type\":\"ListItem\",\"position\":3,\"name\":\"Jobs: emploi barman, barmaid\"}]},{\"@type\":\"WebSite\",\"@id\":\"https:\/\/www.stiritup.be\/cocktail\/#website\",\"url\":\"https:\/\/www.stiritup.be\/cocktail\/\",\"name\":\"Stir It Up - Cocktail\",\"description\":\"Cocktails bartending\",\"potentialAction\":[{\"@type\":\"SearchAction\",\"target\":{\"@type\":\"EntryPoint\",\"urlTemplate\":\"https:\/\/www.stiritup.be\/cocktail\/?s={search_term_string}\"},\"query-input\":\"required name=search_term_string\"}],\"inLanguage\":\"en-US\"}]}<\/script>\n<!-- \/ Yoast SEO plugin. -->","yoast_head_json":{"title":"Jobs: emploi barman, barmaid - Stir It Up - Cocktail","description":"Vous \u00eates barman ou barmaid, professionnel du cocktail \u00e0 la recherche de collaborations: Stir it Up propose une formation de barman cocktail pour vous\u2026","robots":{"index":"index","follow":"follow","max-snippet":"max-snippet:-1","max-image-preview":"max-image-preview:large","max-video-preview":"max-video-preview:-1"},"canonical":"https:\/\/www.stiritup.be\/cocktail\/contact\/jobs-emploi-barman-barmaid\/","og_locale":"en_US","og_type":"article","og_title":"Jobs: emploi barman, barmaid - Stir It Up - Cocktail","og_description":"Vous \u00eates barman ou barmaid, professionnel du cocktail \u00e0 la recherche de collaborations: Stir it Up propose une formation de barman cocktail pour vous\u2026","og_url":"https:\/\/www.stiritup.be\/cocktail\/contact\/jobs-emploi-barman-barmaid\/","og_site_name":"Stir It Up - Cocktail","article_publisher":"https:\/\/www.facebook.com\/StiritupCocktails","article_modified_time":"2016-11-17T09:33:53+00:00","twitter_misc":{"Est. reading time":"1 minute"},"schema":{"@context":"https:\/\/schema.org","@graph":[{"@type":"WebPage","@id":"https:\/\/www.stiritup.be\/cocktail\/contact\/jobs-emploi-barman-barmaid\/","url":"https:\/\/www.stiritup.be\/cocktail\/contact\/jobs-emploi-barman-barmaid\/","name":"Jobs: emploi barman, barmaid - Stir It Up - Cocktail","isPartOf":{"@id":"https:\/\/www.stiritup.be\/cocktail\/#website"},"datePublished":"2013-06-04T14:37:01+00:00","dateModified":"2016-11-17T09:33:53+00:00","description":"Vous \u00eates barman ou barmaid, professionnel du cocktail \u00e0 la recherche de collaborations: Stir it Up propose une formation de barman cocktail pour vous\u2026","breadcrumb":{"@id":"https:\/\/www.stiritup.be\/cocktail\/contact\/jobs-emploi-barman-barmaid\/#breadcrumb"},"inLanguage":"en-US","potentialAction":[{"@type":"ReadAction","target":["https:\/\/www.stiritup.be\/cocktail\/contact\/jobs-emploi-barman-barmaid\/"]}]},{"@type":"BreadcrumbList","@id":"https:\/\/www.stiritup.be\/cocktail\/contact\/jobs-emploi-barman-barmaid\/#breadcrumb","itemListElement":[{"@type":"ListItem","position":1,"name":"Home","item":"https:\/\/www.stiritup.be\/cocktail\/"},{"@type":"ListItem","position":2,"name":"Contact","item":"https:\/\/www.stiritup.be\/cocktail\/contact\/"},{"@type":"ListItem","position":3,"name":"Jobs: emploi barman, barmaid"}]},{"@type":"WebSite","@id":"https:\/\/www.stiritup.be\/cocktail\/#website","url":"https:\/\/www.stiritup.be\/cocktail\/","name":"Stir It Up - Cocktail","description":"Cocktails bartending","potentialAction":[{"@type":"SearchAction","target":{"@type":"EntryPoint","urlTemplate":"https:\/\/www.stiritup.be\/cocktail\/?s={search_term_string}"},"query-input":"required name=search_term_string"}],"inLanguage":"en-US"}]}},"_links":{"self":[{"href":"https:\/\/www.stiritup.be\/cocktail\/wp-json\/wp\/v2\/pages\/18"}],"collection":[{"href":"https:\/\/www.stiritup.be\/cocktail\/wp-json\/wp\/v2\/pages"}],"about":[{"href":"https:\/\/www.stiritup.be\/cocktail\/wp-json\/wp\/v2\/types\/page"}],"author":[{"embeddable":true,"href":"https:\/\/www.stiritup.be\/cocktail\/wp-json\/wp\/v2\/users\/3"}],"replies":[{"embeddable":true,"href":"https:\/\/www.stiritup.be\/cocktail\/wp-json\/wp\/v2\/comments?post=18"}],"version-history":[{"count":0,"href":"https:\/\/www.stiritup.be\/cocktail\/wp-json\/wp\/v2\/pages\/18\/revisions"}],"up":[{"embeddable":true,"href":"https:\/\/www.stiritup.be\/cocktail\/wp-json\/wp\/v2\/pages\/667"}],"wp:attachment":[{"href":"https:\/\/www.stiritup.be\/cocktail\/wp-json\/wp\/v2\/media?parent=18"}],"curies":[{"name":"wp","href":"https:\/\/api.w.org\/{rel}","templated":true}]}}